{"id":20722,"date":"2021-12-01T12:27:01","date_gmt":"2021-12-01T15:27:01","guid":{"rendered":"https:\/\/jugueterialudico.com.ar\/?page_id=20722"},"modified":"2024-02-26T17:24:32","modified_gmt":"2024-02-26T20:24:32","slug":"elementor-20722","status":"publish","type":"page","link":"https:\/\/jugueterialudico.com.ar\/?page_id=20722","title":{"rendered":"PREGUNTAS FRECUENTES"},"content":{"rendered":"\t\t<div data-elementor-type=\"wp-page\" data-elementor-id=\"20722\" class=\"elementor elementor-20722\">\n\t\t\t\t\t\t\t\t\t<section class=\"elementor-section elementor-top-section elementor-element elementor-element-9d9d955 elementor-section-boxed elementor-section-height-default elementor-section-height-default\" data-id=\"9d9d955\" data-element_type=\"section\">\n\t\t\t\t\t\t<div class=\"elementor-container elementor-column-gap-default\">\n\t\t\t\t\t<div class=\"elementor-column elementor-col-100 elementor-top-column elementor-element elementor-element-6f40064\" data-id=\"6f40064\" data-element_type=\"column\">\n\t\t\t<div class=\"elementor-widget-wrap elementor-element-populated\">\n\t\t\t\t\t\t\t\t<div class=\"elementor-element elementor-element-955512c elementor-widget elementor-widget-accordion\" data-id=\"955512c\" data-element_type=\"widget\" data-widget_type=\"accordion.default\">\n\t\t\t\t<div class=\"elementor-widget-container\">\n\t\t\t<style>\/*! elementor - v3.6.0 - 21-03-2022 *\/\n.elementor-accordion{text-align:left}.elementor-accordion .elementor-accordion-item{border:1px solid #d4d4d4}.elementor-accordion .elementor-accordion-item+.elementor-accordion-item{border-top:none}.elementor-accordion .elementor-tab-title{margin:0;padding:15px 20px;font-weight:700;line-height:1;cursor:pointer;outline:none}.elementor-accordion .elementor-tab-title .elementor-accordion-icon{display:inline-block;width:1.5em}.elementor-accordion .elementor-tab-title .elementor-accordion-icon svg{width:1em;height:1em}.elementor-accordion .elementor-tab-title .elementor-accordion-icon.elementor-accordion-icon-right{float:right;text-align:right}.elementor-accordion .elementor-tab-title .elementor-accordion-icon.elementor-accordion-icon-left{float:left;text-align:left}.elementor-accordion .elementor-tab-title .elementor-accordion-icon .elementor-accordion-icon-closed{display:block}.elementor-accordion .elementor-tab-title .elementor-accordion-icon .elementor-accordion-icon-opened,.elementor-accordion .elementor-tab-title.elementor-active .elementor-accordion-icon-closed{display:none}.elementor-accordion .elementor-tab-title.elementor-active .elementor-accordion-icon-opened{display:block}.elementor-accordion .elementor-tab-content{display:none;padding:15px 20px;border-top:1px solid #d4d4d4}@media (max-width:767px){.elementor-accordion .elementor-tab-title{padding:12px 15px}.elementor-accordion .elementor-tab-title .elementor-accordion-icon{width:1.2em}.elementor-accordion .elementor-tab-content{padding:7px 15px}}<\/style>\t\t<div class=\"elementor-accordion\" role=\"tablist\">\n\t\t\t\t\t\t\t<div class=\"elementor-accordion-item\">\n\t\t\t\t\t<div id=\"elementor-tab-title-1561\" class=\"elementor-tab-title\" data-tab=\"1\" role=\"tab\" aria-controls=\"elementor-tab-content-1561\" aria-expanded=\"false\">\n\t\t\t\t\t\t\t\t\t\t\t\t\t<span class=\"elementor-accordion-icon elementor-accordion-icon-left\" aria-hidden=\"true\">\n\t\t\t\t\t\t\t\t\t\t\t\t\t\t\t<span class=\"elementor-accordion-icon-closed\"><i class=\"fas fa-plus\"><\/i><\/span>\n\t\t\t\t\t\t\t\t<span class=\"elementor-accordion-icon-opened\"><i class=\"fas fa-minus\"><\/i><\/span>\n\t\t\t\t\t\t\t\t\t\t\t\t\t\t<\/span>\n\t\t\t\t\t\t\t\t\t\t\t\t<a class=\"elementor-accordion-title\" href=\"\">\u00bfC\u00d3MO ENTERARME LAS PROMOCIONES Y\/O DESCUENTOS? <\/a>\n\t\t\t\t\t<\/div>\n\t\t\t\t\t<div id=\"elementor-tab-content-1561\" class=\"elementor-tab-content elementor-clearfix\" data-tab=\"1\" role=\"tabpanel\" aria-labelledby=\"elementor-tab-title-1561\"><p><span style=\"font-weight: 400;\">PUEDEN VISUALIZAR EN HISTORIAS DESTACADAS DE INSTAGRAM LAS PROMOCIONES VIGENTES. LAS MISMAS APLICAN PARA LA WEB SI DICEN<\/span><b> \u201cINCLUYEN WEB\u201d. <\/b><span style=\"font-weight: 400;\">DESDE LA WEB PUEDEN VERLO EN LA PARTE DE CATEGORIAS EN LA OPCI\u00d3N DE <\/span><b>\u201cOFERTAS DEL MOMENTO\u201d <\/b><span style=\"font-weight: 400;\">SE VISUALIZAN LOS JUEGOS CON DESCUENTO. <\/span><\/p><p><span style=\"font-weight: 400;\">CONTAMOS CON UN DESCUENTO ESPECIAL PARA PROFESIONALES Y\/O PERSONAS QUE UTILICEN LOS JUEGOS COMO MATERIAL DE TRABAJO. SE DEBE PRESENTAR DOCUMENTACION QUE ACREDITE Y RESPALDE LA POSICION DE LA PERSONA Y\/O EL BENEFICIARIO, LOS JUEGOS NO SE ENVUELVEN PARA REGALO BAJO ESTA MODALIDAD. SE DEBEN CONTACTAR POR MAIL A <\/span><a href=\"mailto:JUGUETERIALUDICO@GMAIL.COM\"><span style=\"font-weight: 400;\">JUGUETERIALUDICO@GMAIL.COM<\/span><\/a><span style=\"font-weight: 400;\"> Y ESPERAR LA RESPUESTA DE NUESTRO DEPARTAMENTO DE VENTAS.<\/span><\/p><p><span style=\"font-weight: 400;\">ACLARAMOS PARA DESPEJAR DUDAS, <\/span><b>LAS PROMOCIONES NO SON ACUMULABLES<\/b> <b>UNAS CON OTRAS<\/b><span style=\"font-weight: 400;\">. ES DECIR, SOLO PUEDEN ELEGIR UNA OPCION AL MOMENTO DE LA COMPRA. POR EJEMPLO: DESCUENTO POR TRANSFERENCIA, 6\/12 CUOTAS SIN INTERES \/ ENVIOS GRATIS.<\/span><\/p><\/div>\n\t\t\t\t<\/div>\n\t\t\t\t\t\t\t<div class=\"elementor-accordion-item\">\n\t\t\t\t\t<div id=\"elementor-tab-title-1562\" class=\"elementor-tab-title\" data-tab=\"2\" role=\"tab\" aria-controls=\"elementor-tab-content-1562\" aria-expanded=\"false\">\n\t\t\t\t\t\t\t\t\t\t\t\t\t<span class=\"elementor-accordion-icon elementor-accordion-icon-left\" aria-hidden=\"true\">\n\t\t\t\t\t\t\t\t\t\t\t\t\t\t\t<span class=\"elementor-accordion-icon-closed\"><i class=\"fas fa-plus\"><\/i><\/span>\n\t\t\t\t\t\t\t\t<span class=\"elementor-accordion-icon-opened\"><i class=\"fas fa-minus\"><\/i><\/span>\n\t\t\t\t\t\t\t\t\t\t\t\t\t\t<\/span>\n\t\t\t\t\t\t\t\t\t\t\t\t<a class=\"elementor-accordion-title\" href=\"\">\u00bfC\u00d3MO COMPRAR POR ESTE MEDIO?  <\/a>\n\t\t\t\t\t<\/div>\n\t\t\t\t\t<div id=\"elementor-tab-content-1562\" class=\"elementor-tab-content elementor-clearfix\" data-tab=\"2\" role=\"tabpanel\" aria-labelledby=\"elementor-tab-title-1562\"><p><span style=\"font-weight: 400;\">PODES COMPRAR POR LA P\u00c1GINA ABONANDO CON TRANSFERENCIA BANCARIA O A TRAV\u00c9S DE MERCADO PAGO CON CUALQUIER MEDIO DE PAGO HASTA 3 CUOTAS.<\/span><\/p><p><span style=\"font-weight: 400;\">SI OPTAS POR COMPRAR CON CUALQUIER MEDIO DE PAGO A TRAV\u00c9S DE MERCADO PAGO NUESTRO DEPARTAMENTO DE VENTAS TE CONTACTARA VIA MAIL UNA VEZ CONCRETADO EL PAGO.<\/span><\/p><p><span style=\"font-weight: 400;\">LO RECOMENDABLE ES QUE COMPRES Y TE CONTACTES POR WPSAPP CON NUESTRO DEPARTAMENTO DE VENTAS ANTES DE REALIZAR EL PAGO.\u00a0 <\/span><\/p><\/div>\n\t\t\t\t<\/div>\n\t\t\t\t\t\t\t<div class=\"elementor-accordion-item\">\n\t\t\t\t\t<div id=\"elementor-tab-title-1563\" class=\"elementor-tab-title\" data-tab=\"3\" role=\"tab\" aria-controls=\"elementor-tab-content-1563\" aria-expanded=\"false\">\n\t\t\t\t\t\t\t\t\t\t\t\t\t<span class=\"elementor-accordion-icon elementor-accordion-icon-left\" aria-hidden=\"true\">\n\t\t\t\t\t\t\t\t\t\t\t\t\t\t\t<span class=\"elementor-accordion-icon-closed\"><i class=\"fas fa-plus\"><\/i><\/span>\n\t\t\t\t\t\t\t\t<span class=\"elementor-accordion-icon-opened\"><i class=\"fas fa-minus\"><\/i><\/span>\n\t\t\t\t\t\t\t\t\t\t\t\t\t\t<\/span>\n\t\t\t\t\t\t\t\t\t\t\t\t<a class=\"elementor-accordion-title\" href=\"\">\u00bfHACEN ENV\u00cdOS?  <\/a>\n\t\t\t\t\t<\/div>\n\t\t\t\t\t<div id=\"elementor-tab-content-1563\" class=\"elementor-tab-content elementor-clearfix\" data-tab=\"3\" role=\"tabpanel\" aria-labelledby=\"elementor-tab-title-1563\"><p><span style=\"font-weight: 400;\">SI, HACEMOS ENV\u00cdOS A TODO EL PA\u00cdS A TRAV\u00c9S DE CORREO ARGENTINO A VALORES MUY ECONOMICOS. EN LA CIUDAD DE LA PLATA CONTAMOS CON NUESTRA MENSAJERIA PROPIA.<\/span><\/p><p><span style=\"font-weight: 400;\">SIMULANDO UNA COMPRA POD\u00c9S CONOCER EL COSTO DE ENVIO A CUALQUIER PUNTO DEL PA\u00cdS.\u00a0<\/span><\/p><p><span style=\"font-weight: 400;\">HACEMOS ENV\u00cdOS GRATIS A TODO EL PA\u00cdS SUPERANDO LOS $ 30000,00<\/span><\/p><\/div>\n\t\t\t\t<\/div>\n\t\t\t\t\t\t\t<div class=\"elementor-accordion-item\">\n\t\t\t\t\t<div id=\"elementor-tab-title-1564\" class=\"elementor-tab-title\" data-tab=\"4\" role=\"tab\" aria-controls=\"elementor-tab-content-1564\" aria-expanded=\"false\">\n\t\t\t\t\t\t\t\t\t\t\t\t\t<span class=\"elementor-accordion-icon elementor-accordion-icon-left\" aria-hidden=\"true\">\n\t\t\t\t\t\t\t\t\t\t\t\t\t\t\t<span class=\"elementor-accordion-icon-closed\"><i class=\"fas fa-plus\"><\/i><\/span>\n\t\t\t\t\t\t\t\t<span class=\"elementor-accordion-icon-opened\"><i class=\"fas fa-minus\"><\/i><\/span>\n\t\t\t\t\t\t\t\t\t\t\t\t\t\t<\/span>\n\t\t\t\t\t\t\t\t\t\t\t\t<a class=\"elementor-accordion-title\" href=\"\">\u00bfPUEDO COMPRAR CON TARJETA DE CR\u00c9DITO? <\/a>\n\t\t\t\t\t<\/div>\n\t\t\t\t\t<div id=\"elementor-tab-content-1564\" class=\"elementor-tab-content elementor-clearfix\" data-tab=\"4\" role=\"tabpanel\" aria-labelledby=\"elementor-tab-title-1564\"><p><span style=\"font-weight: 400;\">SI, PODES ABONAR CON 1,3,6 O 12 CUOTAS FIJAS. CON VISA Y MASTERCARD DE CUALQUIER BANCO A TRAV\u00c9S DE BOT\u00d3N DE PAGO, POR LO CUAL TENES QUE CONSULTARNOS V\u00cdA WPS APP. <\/span><\/p><\/div>\n\t\t\t\t<\/div>\n\t\t\t\t\t\t\t<div class=\"elementor-accordion-item\">\n\t\t\t\t\t<div id=\"elementor-tab-title-1565\" class=\"elementor-tab-title\" data-tab=\"5\" role=\"tab\" aria-controls=\"elementor-tab-content-1565\" aria-expanded=\"false\">\n\t\t\t\t\t\t\t\t\t\t\t\t\t<span class=\"elementor-accordion-icon elementor-accordion-icon-left\" aria-hidden=\"true\">\n\t\t\t\t\t\t\t\t\t\t\t\t\t\t\t<span class=\"elementor-accordion-icon-closed\"><i class=\"fas fa-plus\"><\/i><\/span>\n\t\t\t\t\t\t\t\t<span class=\"elementor-accordion-icon-opened\"><i class=\"fas fa-minus\"><\/i><\/span>\n\t\t\t\t\t\t\t\t\t\t\t\t\t\t<\/span>\n\t\t\t\t\t\t\t\t\t\t\t\t<a class=\"elementor-accordion-title\" href=\"\">\u00bfVENDEMOS A COLEGIOS, EMPRESAS E INSTITUCIONES? <\/a>\n\t\t\t\t\t<\/div>\n\t\t\t\t\t<div id=\"elementor-tab-content-1565\" class=\"elementor-tab-content elementor-clearfix\" data-tab=\"5\" role=\"tabpanel\" aria-labelledby=\"elementor-tab-title-1565\"><p><span style=\"font-weight: 400;\">SI, REALIZAMOS VENTAS CON LA POSIBILIDAD DE GENERAR FACTURA A Y B. POD\u00c9S CONTACTARTE VIA MAIL A <\/span><a href=\"mailto:JUGUETERIALUDICO@GMAIL.COM\"><span style=\"font-weight: 400;\">JUGUETERIALUDICO@GMAIL.COM<\/span><\/a><span style=\"font-weight: 400;\">. SE PUEDE GENERAR UN CUP\u00d3N DE DESCUENTO PARA COMPRAS GRUPALES DE EMPRESAS E INSTITUCIONES PARA APLICARLO EN EL CARRITO; PREVIO ACUERDO COMERCIAL CON NUESTRO DEPARTAMENTO DE VENTAS.<\/span><\/p><p><span style=\"font-weight: 400;\">TAMBIEN REALIZAMOS VENTAS MAYORISTAS SI NOS ESCRIBIS A <\/span><a href=\"mailto:LUDICODISTRIBUCION@GMAIL.COM\"><span style=\"font-weight: 400;\">LUDICODISTRIBUCION@GMAIL.COM<\/span><\/a><\/p><\/div>\n\t\t\t\t<\/div>\n\t\t\t\t\t\t\t\t<\/div>\n\t\t\t\t<\/div>\n\t\t\t\t<\/div>\n\t\t\t\t\t<\/div>\n\t\t<\/div>\n\t\t\t\t\t\t\t<\/div>\n\t\t<\/section>\n\t\t\t\t\t\t\t<\/div>\n\t\t","protected":false},"excerpt":{"rendered":"<p>\u00bfC\u00d3MO ENTERARME LAS PROMOCIONES Y\/O DESCUENTOS? PUEDEN VISUALIZAR EN HISTORIAS DESTACADAS DE INSTAGRAM LAS PROMOCIONES VIGENTES. LAS MISMAS APLICAN PARA LA WEB SI DICEN \u201cINCLUYEN WEB\u201d. DESDE LA WEB PUEDEN VERLO EN LA PARTE DE CATEGORIAS EN LA OPCI\u00d3N DE \u201cOFERTAS DEL MOMENTO\u201d SE VISUALIZAN LOS JUEGOS CON DESCUENTO. CONTAMOS CON UN DESCUENTO ESPECIAL PARA [&hellip;]<\/p>\n","protected":false},"author":5,"featured_media":0,"parent":0,"menu_order":0,"comment_status":"closed","ping_status":"closed","template":"","meta":{"site-sidebar-layout":"default","site-content-layout":"","ast-site-content-layout":"","site-content-style":"default","site-sidebar-style":"default","ast-global-header-display":"","ast-banner-title-visibility":"","ast-main-header-display":"","ast-hfb-above-header-display":"","ast-hfb-below-header-display":"","ast-hfb-mobile-header-display":"","site-post-title":"","ast-breadcrumbs-content":"","ast-featured-img":"","footer-sml-layout":"","theme-transparent-header-meta":"","adv-header-id-meta":"","stick-header-meta":"","header-above-stick-meta":"","header-main-stick-meta":"","header-below-stick-meta":"","astra-migrate-meta-layouts":"default","ast-page-background-enabled":"default","ast-page-background-meta":{"desktop":{"background-color":"","background-image":"","background-repeat":"repeat","background-position":"center center","background-size":"auto","background-attachment":"scroll","background-type":"","background-media":"","overlay-type":"","overlay-color":"","overlay-opacity":"","overlay-gradient":""},"tablet":{"background-color":"","background-image":"","background-repeat":"repeat","background-position":"center center","background-size":"auto","background-attachment":"scroll","background-type":"","background-media":"","overlay-type":"","overlay-color":"","overlay-opacity":"","overlay-gradient":""},"mobile":{"background-color":"","background-image":"","background-repeat":"repeat","background-position":"center center","background-size":"auto","background-attachment":"scroll","background-type":"","background-media":"","overlay-type":"","overlay-color":"","overlay-opacity":"","overlay-gradient":""}},"ast-content-background-meta":{"desktop":{"background-color":"var(--ast-global-color-5)","background-image":"","background-repeat":"repeat","background-position":"center center","background-size":"auto","background-attachment":"scroll","background-type":"","background-media":"","overlay-type":"","overlay-color":"","overlay-opacity":"","overlay-gradient":""},"tablet":{"background-color":"var(--ast-global-color-5)","background-image":"","background-repeat":"repeat","background-position":"center center","background-size":"auto","background-attachment":"scroll","background-type":"","background-media":"","overlay-type":"","overlay-color":"","overlay-opacity":"","overlay-gradient":""},"mobile":{"background-color":"var(--ast-global-color-5)","background-image":"","background-repeat":"repeat","background-position":"center center","background-size":"auto","background-attachment":"scroll","background-type":"","background-media":"","overlay-type":"","overlay-color":"","overlay-opacity":"","overlay-gradient":""}},"spay_email":"","footnotes":""},"_links":{"self":[{"href":"https:\/\/jugueterialudico.com.ar\/index.php?rest_route=\/wp\/v2\/pages\/20722"}],"collection":[{"href":"https:\/\/jugueterialudico.com.ar\/index.php?rest_route=\/wp\/v2\/pages"}],"about":[{"href":"https:\/\/jugueterialudico.com.ar\/index.php?rest_route=\/wp\/v2\/types\/page"}],"author":[{"embeddable":true,"href":"https:\/\/jugueterialudico.com.ar\/index.php?rest_route=\/wp\/v2\/users\/5"}],"replies":[{"embeddable":true,"href":"https:\/\/jugueterialudico.com.ar\/index.php?rest_route=%2Fwp%2Fv2%2Fcomments&post=20722"}],"version-history":[{"count":16,"href":"https:\/\/jugueterialudico.com.ar\/index.php?rest_route=\/wp\/v2\/pages\/20722\/revisions"}],"predecessor-version":[{"id":24453,"href":"https:\/\/jugueterialudico.com.ar\/index.php?rest_route=\/wp\/v2\/pages\/20722\/revisions\/24453"}],"wp:attachment":[{"href":"https:\/\/jugueterialudico.com.ar\/index.php?rest_route=%2Fwp%2Fv2%2Fmedia&parent=20722"}],"curies":[{"name":"wp","href":"https:\/\/api.w.org\/{rel}","templated":true}]}}