{"id":17877,"date":"2020-06-18T00:00:37","date_gmt":"2020-06-18T03:00:37","guid":{"rendered":"https:\/\/jugueterialudico.com.ar\/?post_type=product&#038;p=17877"},"modified":"2025-09-25T18:46:29","modified_gmt":"2025-09-25T21:46:29","slug":"mi-rutina-y-la-hora-cartas-con-libro-de-actividades","status":"publish","type":"product","link":"https:\/\/jugueterialudico.com.ar\/?product=mi-rutina-y-la-hora-cartas-con-libro-de-actividades","title":{"rendered":"MI RUTINA Y LA HORA &#8211; CARTAS CON LIBRO DE ACTIVIDADES -011"},"content":{"rendered":"","protected":false},"excerpt":{"rendered":"<p>Juego de cartas con libro de actividades: 50 Cartas llenas de colores, hermosas ilustraciones y mucho contenido para aprender jugando. Ideales para trabajar y reforzar vocabulario, con gran potencial educativo y divertidos juegos sugeridos para disfrutar en familia, con amigxs o dentro del aula junto con el docente. Viene con dos cartas con distintos juegos de observaci\u00f3n que invitan a aprender utilizando los sentidos, la percepci\u00f3n y permiten que los ni\u00f1xs tomen sus propias decisiones, cuando tienen que elegir objetos o participantes. Las cartas tienen un tama\u00f1o m\u00e1s grande que el de un naipe com\u00fan, lo cual resulta muy atractivo para los ni\u00f1os y muy \u00fatil para ense\u00f1ar en grupos. Miden 8,5cm x 12,5cm. Son laminadas para su mayor duraci\u00f3n, y tienen sus puntas redondeadas, lo que las hace apropiadas para la manipulaci\u00f3n de los m\u00e1s chicxs.<\/p>\n","protected":false},"featured_media":17878,"comment_status":"closed","ping_status":"closed","template":"","meta":{"site-sidebar-layout":"default","site-content-layout":"","ast-site-content-layout":"","site-content-style":"default","site-sidebar-style":"default","ast-global-header-display":"","ast-banner-title-visibility":"","ast-main-header-display":"","ast-hfb-above-header-display":"","ast-hfb-below-header-display":"","ast-hfb-mobile-header-display":"","site-post-title":"","ast-breadcrumbs-content":"","ast-featured-img":"","footer-sml-layout":"","theme-transparent-header-meta":"","adv-header-id-meta":"","stick-header-meta":"","header-above-stick-meta":"","header-main-stick-meta":"","header-below-stick-meta":"","astra-migrate-meta-layouts":"default","ast-page-background-enabled":"default","ast-page-background-meta":{"desktop":{"background-color":"","background-image":"","background-repeat":"repeat","background-position":"center center","background-size":"auto","background-attachment":"scroll","background-type":"","background-media":"","overlay-type":"","overlay-color":"","overlay-opacity":"","overlay-gradient":""},"tablet":{"background-color":"","background-image":"","background-repeat":"repeat","background-position":"center center","background-size":"auto","background-attachment":"scroll","background-type":"","background-media":"","overlay-type":"","overlay-color":"","overlay-opacity":"","overlay-gradient":""},"mobile":{"background-color":"","background-image":"","background-repeat":"repeat","background-position":"center center","background-size":"auto","background-attachment":"scroll","background-type":"","background-media":"","overlay-type":"","overlay-color":"","overlay-opacity":"","overlay-gradient":""}},"ast-content-background-meta":{"desktop":{"background-color":"var(--ast-global-color-5)","background-image":"","background-repeat":"repeat","background-position":"center center","background-size":"auto","background-attachment":"scroll","background-type":"","background-media":"","overlay-type":"","overlay-color":"","overlay-opacity":"","overlay-gradient":""},"tablet":{"background-color":"var(--ast-global-color-5)","background-image":"","background-repeat":"repeat","background-position":"center center","background-size":"auto","background-attachment":"scroll","background-type":"","background-media":"","overlay-type":"","overlay-color":"","overlay-opacity":"","overlay-gradient":""},"mobile":{"background-color":"var(--ast-global-color-5)","background-image":"","background-repeat":"repeat","background-position":"center center","background-size":"auto","background-attachment":"scroll","background-type":"","background-media":"","overlay-type":"","overlay-color":"","overlay-opacity":"","overlay-gradient":""}},"spay_email":""},"product_cat":[165,166,146,74,145],"product_tag":[],"_links":{"self":[{"href":"https:\/\/jugueterialudico.com.ar\/index.php?rest_route=\/wp\/v2\/product\/17877"}],"collection":[{"href":"https:\/\/jugueterialudico.com.ar\/index.php?rest_route=\/wp\/v2\/product"}],"about":[{"href":"https:\/\/jugueterialudico.com.ar\/index.php?rest_route=\/wp\/v2\/types\/product"}],"replies":[{"embeddable":true,"href":"https:\/\/jugueterialudico.com.ar\/index.php?rest_route=%2Fwp%2Fv2%2Fcomments&post=17877"}],"wp:featuredmedia":[{"embeddable":true,"href":"https:\/\/jugueterialudico.com.ar\/index.php?rest_route=\/wp\/v2\/media\/17878"}],"wp:attachment":[{"href":"https:\/\/jugueterialudico.com.ar\/index.php?rest_route=%2Fwp%2Fv2%2Fmedia&parent=17877"}],"wp:term":[{"taxonomy":"product_cat","embeddable":true,"href":"https:\/\/jugueterialudico.com.ar\/index.php?rest_route=%2Fwp%2Fv2%2Fproduct_cat&post=17877"},{"taxonomy":"product_tag","embeddable":true,"href":"https:\/\/jugueterialudico.com.ar\/index.php?rest_route=%2Fwp%2Fv2%2Fproduct_tag&post=17877"}],"curies":[{"name":"wp","href":"https:\/\/api.w.org\/{rel}","templated":true}]}}