{"id":18024,"date":"2020-06-14T23:19:31","date_gmt":"2020-06-15T02:19:31","guid":{"rendered":"https:\/\/jugueterialudico.com.ar\/?post_type=product&#038;p=18024"},"modified":"2026-02-18T16:31:36","modified_gmt":"2026-02-18T19:31:36","slug":"el-erudito","status":"publish","type":"product","link":"https:\/\/jugueterialudico.com.ar\/?product=el-erudito","title":{"rendered":"El ERUDITO -035"},"content":{"rendered":"<p>El ERUDITO<\/p>\n<p><strong>DESDE LOS 15 A\u00d1OS\u00a0<\/strong><\/p>\n<p>El Erudito es un juego de preguntas de cultura general en donde no gana el que m\u00e1s sabe sino el que mejor razona. Es ideal para jugar en equipos.<br \/>\nUn juego de mesa que combina ingenio, cultura general y apuestas en m\u00e1s de mil consignas. Seg\u00fan el casillero, se apostar\u00e1 un monto y se deber\u00e1 responder una de las tarjetas. \u00c9stas, en lugar de estar clasificadas dentro de una tem\u00e1tica particular, est\u00e1n agrupadas seg\u00fan el formato de la pregunta: Secuencia, En com\u00fan, Asociaci\u00f3n y Aproximaci\u00f3n.<\/p>\n<p>Est\u00e1 ilustrado por Liniers.<\/p>\n<p>CONTENIDO: 980 tarjetas de preguntas \/ 80 billetes \/ tablero \/ reglamento \/ 2 dados \/ 4 fichas de juego \/ 20 tarjetas de la suerte \/ 18 monedas \u00abEl Erudito\u00bb<br \/>\nEdad Minima Recomendada: 15+<br \/>\nCantidad minima de jugadores: 2 \u00f3 +<br \/>\nTiempo estimado de juego: 60 min.<br \/>\nMedidas caja: 22 cm de ancho x 31 cm de largo x 7 cm de alto<\/p>\n","protected":false},"excerpt":{"rendered":"<p>&nbsp;<\/p>\n<section class=\"ui-view-more vip-section-specs main-section \">\n<div class=\"specs-wrapper\">\n<section class=\"specs-container specs-secondary-specs specs-layout-default u-clearfix\">\n<ul class=\"specs-list specs-list-secondary specs-structure-xlarge\">\n<li class=\"specs-item specs-item-secondary\"><strong>Tipo de juego<\/strong>\u00a0Preguntas y respuestas<\/li>\n<li class=\"specs-item specs-item-secondary\"><strong>Edad m\u00ednima recomendada<\/strong>\u00a015 a\u00f1os<\/li>\n<li class=\"specs-item specs-item-secondary\"><strong>Cantidad m\u00ednima de jugadores<\/strong>\u00a02<\/li>\n<li class=\"specs-item specs-item-secondary\"><strong>Idioma<\/strong>\u00a0Espa\u00f1ol<\/li>\n<\/ul>\n<\/section>\n<\/div>\n<\/section>\n<section class=\"main-section item-description \">\n<h2 class=\"main-section__title item-description__title\">Descripci\u00f3n del producto<\/h2>\n<div id=\"description-includes\" class=\"item-description__content \">\n<div class=\"item-description__text\">\n<p>El Erudito es un juego de preguntas de cultura general en donde no gana el que m\u00e1s sabe sino el que mejor razona. Es ideal para jugar en equipos.<br \/>\nUn juego de mesa que combina ingenio, cultura general y apuestas en m\u00e1s de mil consignas. Seg\u00fan el casillero, se apostar\u00e1 un monto y se deber\u00e1 responder una de las tarjetas. \u00c9stas, en lugar de estar clasificadas dentro de una tem\u00e1tica particular, est\u00e1n agrupadas seg\u00fan el formato de la pregunta: Secuencia, En com\u00fan, Asociaci\u00f3n y Aproximaci\u00f3n.<\/p>\n<p>Est\u00e1 ilustrado por Liniers.<\/p>\n<p>CONTENIDO: 980 tarjetas de preguntas \/ billetes \/ tablero \/ reglamento \/ 2 dados \/ 4 fichas de juego \/ 20 tarjetas de la suerte \/ monedas \u00abEl Erudito\u00bb \/ 1 block de hojas<\/p>\n<\/div>\n<\/div>\n<\/section>\n<p>&nbsp;<\/p>\n<p>&nbsp;<\/p>\n<p>&nbsp;<\/p>\n","protected":false},"featured_media":18025,"comment_status":"closed","ping_status":"closed","template":"","meta":{"site-sidebar-layout":"default","site-content-layout":"","ast-site-content-layout":"","site-content-style":"default","site-sidebar-style":"default","ast-global-header-display":"","ast-banner-title-visibility":"","ast-main-header-display":"","ast-hfb-above-header-display":"","ast-hfb-below-header-display":"","ast-hfb-mobile-header-display":"","site-post-title":"","ast-breadcrumbs-content":"","ast-featured-img":"","footer-sml-layout":"","theme-transparent-header-meta":"","adv-header-id-meta":"","stick-header-meta":"","header-above-stick-meta":"","header-main-stick-meta":"","header-below-stick-meta":"","astra-migrate-meta-layouts":"default","ast-page-background-enabled":"default","ast-page-background-meta":{"desktop":{"background-color":"","background-image":"","background-repeat":"repeat","background-position":"center center","background-size":"auto","background-attachment":"scroll","background-type":"","background-media":"","overlay-type":"","overlay-color":"","overlay-opacity":"","overlay-gradient":""},"tablet":{"background-color":"","background-image":"","background-repeat":"repeat","background-position":"center center","background-size":"auto","background-attachment":"scroll","background-type":"","background-media":"","overlay-type":"","overlay-color":"","overlay-opacity":"","overlay-gradient":""},"mobile":{"background-color":"","background-image":"","background-repeat":"repeat","background-position":"center center","background-size":"auto","background-attachment":"scroll","background-type":"","background-media":"","overlay-type":"","overlay-color":"","overlay-opacity":"","overlay-gradient":""}},"ast-content-background-meta":{"desktop":{"background-color":"var(--ast-global-color-5)","background-image":"","background-repeat":"repeat","background-position":"center center","background-size":"auto","background-attachment":"scroll","background-type":"","background-media":"","overlay-type":"","overlay-color":"","overlay-opacity":"","overlay-gradient":""},"tablet":{"background-color":"var(--ast-global-color-5)","background-image":"","background-repeat":"repeat","background-position":"center center","background-size":"auto","background-attachment":"scroll","background-type":"","background-media":"","overlay-type":"","overlay-color":"","overlay-opacity":"","overlay-gradient":""},"mobile":{"background-color":"var(--ast-global-color-5)","background-image":"","background-repeat":"repeat","background-position":"center center","background-size":"auto","background-attachment":"scroll","background-type":"","background-media":"","overlay-type":"","overlay-color":"","overlay-opacity":"","overlay-gradient":""}},"spay_email":""},"product_cat":[168,74],"product_tag":[],"_links":{"self":[{"href":"https:\/\/jugueterialudico.com.ar\/index.php?rest_route=\/wp\/v2\/product\/18024"}],"collection":[{"href":"https:\/\/jugueterialudico.com.ar\/index.php?rest_route=\/wp\/v2\/product"}],"about":[{"href":"https:\/\/jugueterialudico.com.ar\/index.php?rest_route=\/wp\/v2\/types\/product"}],"replies":[{"embeddable":true,"href":"https:\/\/jugueterialudico.com.ar\/index.php?rest_route=%2Fwp%2Fv2%2Fcomments&post=18024"}],"wp:featuredmedia":[{"embeddable":true,"href":"https:\/\/jugueterialudico.com.ar\/index.php?rest_route=\/wp\/v2\/media\/18025"}],"wp:attachment":[{"href":"https:\/\/jugueterialudico.com.ar\/index.php?rest_route=%2Fwp%2Fv2%2Fmedia&parent=18024"}],"wp:term":[{"taxonomy":"product_cat","embeddable":true,"href":"https:\/\/jugueterialudico.com.ar\/index.php?rest_route=%2Fwp%2Fv2%2Fproduct_cat&post=18024"},{"taxonomy":"product_tag","embeddable":true,"href":"https:\/\/jugueterialudico.com.ar\/index.php?rest_route=%2Fwp%2Fv2%2Fproduct_tag&post=18024"}],"curies":[{"name":"wp","href":"https:\/\/api.w.org\/{rel}","templated":true}]}}