{"id":18033,"date":"2020-06-14T23:51:43","date_gmt":"2020-06-15T02:51:43","guid":{"rendered":"https:\/\/jugueterialudico.com.ar\/?post_type=product&#038;p=18033"},"modified":"2026-02-18T16:30:39","modified_gmt":"2026-02-18T19:30:39","slug":"el-memorioso","status":"publish","type":"product","link":"https:\/\/jugueterialudico.com.ar\/?product=el-memorioso","title":{"rendered":"EL MEMORIOSO -035"},"content":{"rendered":"<p>EL MEMORIOSO<\/p>\n<p><strong>DESDE LOS 15 A\u00d1OS\u00a0<\/strong><\/p>\n<p>Un juego para el que sabe de todo un poco<\/p>\n<p>-El Memorioso es un juego de mesa en donde la memoria y la agilidad mental son claves para ganar. Al sacar una tarjeta, corre el tiempo y se compite pare ver qui\u00e9n recuerda m\u00e1s (y los m\u00e1s at\u00edpicos) elementos de una determinada lista. Con una cuota de estrategia se podr\u00e1n duplicar o dividir los puntos de los jugadores, seg\u00fan sus conocimientos en las m\u00e1s variadas tem\u00e1ticas existen.<\/p>\n<p>-Cantidad de jugadores: 2 a 4<br \/>\n-Contenido :448 tarjetas de listas \/ 4 blocks \/ 4 l\u00e1pices \/ 10 fichas \/ reglamento<\/p>\n","protected":false},"excerpt":{"rendered":"<section class=\"ui-view-more vip-section-specs main-section \">\n<div class=\"specs-wrapper\">\n<section class=\"specs-container specs-secondary-specs specs-layout-default u-clearfix\">\n<ul class=\"specs-list specs-list-secondary specs-structure-xlarge\">\n<li class=\"specs-item specs-item-secondary\"><strong>Tipo de juego<\/strong>\u00a0Cultura General<\/li>\n<li class=\"specs-item specs-item-secondary\"><strong>Edad m\u00ednima recomendada<\/strong>\u00a015 a\u00f1os<\/li>\n<li class=\"specs-item specs-item-secondary\"><strong>Cantidad m\u00ednima de jugadores<\/strong>\u00a02<\/li>\n<li class=\"specs-item specs-item-secondary\"><strong>Idioma<\/strong>\u00a0Espa\u00f1ol<\/li>\n<\/ul>\n<\/section>\n<\/div>\n<\/section>\n<section class=\"main-section item-description \">\n<h2 class=\"main-section__title item-description__title\">Descripci\u00f3n del producto<\/h2>\n<div id=\"description-includes\" class=\"item-description__content \">\n<div class=\"item-description__text\">\n<p>El MEMORIOSO es un juego en donde la memoria y la agilidad mental son claves para ganar. Al sacar una tarjeta, corre el tiempo y se compite pare ver qui\u00e9n recuerda m\u00e1s (y los m\u00e1s at\u00edpicos) elementos de una determinada lista. Con una cuota de estrategia se podr\u00e1n duplicar o dividir los puntos de los jugadores, seg\u00fan sus conocimientos en las m\u00e1s variadas tem\u00e1ticas que existen.<\/p>\n<p>Est\u00e1 ilustrado por Tute.<\/p>\n<p>CONTENIDO: 448 tarjetas de listas \/ 4 blocks \/ 4 l\u00e1pices \/ 1 reloj de arena \/ 10 fichas \/ reglamento<\/p>\n<\/div>\n<\/div>\n<\/section>\n","protected":false},"featured_media":18034,"comment_status":"closed","ping_status":"closed","template":"","meta":{"site-sidebar-layout":"default","site-content-layout":"","ast-site-content-layout":"","site-content-style":"default","site-sidebar-style":"default","ast-global-header-display":"","ast-banner-title-visibility":"","ast-main-header-display":"","ast-hfb-above-header-display":"","ast-hfb-below-header-display":"","ast-hfb-mobile-header-display":"","site-post-title":"","ast-breadcrumbs-content":"","ast-featured-img":"","footer-sml-layout":"","theme-transparent-header-meta":"","adv-header-id-meta":"","stick-header-meta":"","header-above-stick-meta":"","header-main-stick-meta":"","header-below-stick-meta":"","astra-migrate-meta-layouts":"default","ast-page-background-enabled":"default","ast-page-background-meta":{"desktop":{"background-color":"","background-image":"","background-repeat":"repeat","background-position":"center center","background-size":"auto","background-attachment":"scroll","background-type":"","background-media":"","overlay-type":"","overlay-color":"","overlay-opacity":"","overlay-gradient":""},"tablet":{"background-color":"","background-image":"","background-repeat":"repeat","background-position":"center center","background-size":"auto","background-attachment":"scroll","background-type":"","background-media":"","overlay-type":"","overlay-color":"","overlay-opacity":"","overlay-gradient":""},"mobile":{"background-color":"","background-image":"","background-repeat":"repeat","background-position":"center center","background-size":"auto","background-attachment":"scroll","background-type":"","background-media":"","overlay-type":"","overlay-color":"","overlay-opacity":"","overlay-gradient":""}},"ast-content-background-meta":{"desktop":{"background-color":"var(--ast-global-color-5)","background-image":"","background-repeat":"repeat","background-position":"center center","background-size":"auto","background-attachment":"scroll","background-type":"","background-media":"","overlay-type":"","overlay-color":"","overlay-opacity":"","overlay-gradient":""},"tablet":{"background-color":"var(--ast-global-color-5)","background-image":"","background-repeat":"repeat","background-position":"center center","background-size":"auto","background-attachment":"scroll","background-type":"","background-media":"","overlay-type":"","overlay-color":"","overlay-opacity":"","overlay-gradient":""},"mobile":{"background-color":"var(--ast-global-color-5)","background-image":"","background-repeat":"repeat","background-position":"center center","background-size":"auto","background-attachment":"scroll","background-type":"","background-media":"","overlay-type":"","overlay-color":"","overlay-opacity":"","overlay-gradient":""}},"spay_email":""},"product_cat":[168,74],"product_tag":[],"_links":{"self":[{"href":"https:\/\/jugueterialudico.com.ar\/index.php?rest_route=\/wp\/v2\/product\/18033"}],"collection":[{"href":"https:\/\/jugueterialudico.com.ar\/index.php?rest_route=\/wp\/v2\/product"}],"about":[{"href":"https:\/\/jugueterialudico.com.ar\/index.php?rest_route=\/wp\/v2\/types\/product"}],"replies":[{"embeddable":true,"href":"https:\/\/jugueterialudico.com.ar\/index.php?rest_route=%2Fwp%2Fv2%2Fcomments&post=18033"}],"wp:featuredmedia":[{"embeddable":true,"href":"https:\/\/jugueterialudico.com.ar\/index.php?rest_route=\/wp\/v2\/media\/18034"}],"wp:attachment":[{"href":"https:\/\/jugueterialudico.com.ar\/index.php?rest_route=%2Fwp%2Fv2%2Fmedia&parent=18033"}],"wp:term":[{"taxonomy":"product_cat","embeddable":true,"href":"https:\/\/jugueterialudico.com.ar\/index.php?rest_route=%2Fwp%2Fv2%2Fproduct_cat&post=18033"},{"taxonomy":"product_tag","embeddable":true,"href":"https:\/\/jugueterialudico.com.ar\/index.php?rest_route=%2Fwp%2Fv2%2Fproduct_tag&post=18033"}],"curies":[{"name":"wp","href":"https:\/\/api.w.org\/{rel}","templated":true}]}}