{"id":18036,"date":"2020-06-14T23:56:57","date_gmt":"2020-06-15T02:56:57","guid":{"rendered":"https:\/\/jugueterialudico.com.ar\/?post_type=product&#038;p=18036"},"modified":"2026-02-18T16:30:22","modified_gmt":"2026-02-18T19:30:22","slug":"el-melomano","status":"publish","type":"product","link":"https:\/\/jugueterialudico.com.ar\/?product=el-melomano","title":{"rendered":"EL MELOMANO -035"},"content":{"rendered":"<p>EL MELOMANO<\/p>\n<p><strong>DESDE LOS 15 A\u00d1OS\u00a0<\/strong><\/p>\n<p>Un juego para los amantes de la m\u00fasica<\/p>\n<p>-El Mel\u00f3mano es un juego de mesa para los amantes de la m\u00fasica. Cada tarjeta tiene un fragmento de una canci\u00f3n, con palabras borradas para cantar y completar.<\/p>\n<p>-No importa cu\u00e1n desafinado sea, los jugadores deber\u00e1n completar el fragmento y contestar una serie de preguntas relacionadas al tema o la banda. Cada uno de los 4 tableros es una sala de m\u00fasica, y qui\u00e9n primero consiga los 3 discos de Platino ser\u00e1 el ganador.<\/p>\n<p>-Todos son grandes \u00e9xitos en espa\u00f1ol: desde los cl\u00e1sicos boleros de Luis Miguel y las inolvidables cumbias de Gilda, hasta el revolucionario y po\u00e9tico rock del Indio Solari.<\/p>\n<p>-Cantidad de jugadores: De 2 a 4 jugadores o equipos<br \/>\n-Contenido: 600 tarjetas \/ 4 tableros \/ 36 fichas disco \/ 1 reglamento y libro de respuestas<\/p>\n","protected":false},"excerpt":{"rendered":"<section class=\"ui-view-more vip-section-specs main-section \">\n<div class=\"specs-wrapper\">\n<section class=\"specs-container specs-secondary-specs specs-layout-default u-clearfix\">\n<ul class=\"specs-list specs-list-secondary specs-structure-xlarge\">\n<li class=\"specs-item specs-item-secondary\"><strong>Tipo de juego<\/strong>\u00a0Preguntas y respuestas<\/li>\n<li class=\"specs-item specs-item-secondary\"><strong>Edad m\u00ednima recomendada<\/strong>\u00a015 a\u00f1os<\/li>\n<li class=\"specs-item specs-item-secondary\"><strong>Cantidad m\u00ednima de jugadores<\/strong>\u00a02<\/li>\n<li class=\"specs-item specs-item-secondary\"><strong>Idioma<\/strong>\u00a0Espa\u00f1ol<\/li>\n<\/ul>\n<\/section>\n<\/div>\n<\/section>\n<section class=\"main-section item-description \">\n<h2 class=\"main-section__title item-description__title\">Descripci\u00f3n del producto<\/h2>\n<div id=\"description-includes\" class=\"item-description__content \">\n<div class=\"item-description__text\">\n<p>El Mel\u00f3mano es un juego de mesa para los amantes de la m\u00fasica. Cada tarjeta tiene un fragmento de una canci\u00f3n, con palabras borradas para cantar y completar. No importa cu\u00e1n desafinado sea, los jugadores deber\u00e1n completar el fragmento y contestar una serie de preguntas relacionadas al tema o la banda. Cada uno de los 4 tableros es una sala de m\u00fasica, y qui\u00e9n primero consiga los 3 discos de Platino ser\u00e1 el ganador.<\/p>\n<p>Todos son grandes \u00e9xitos en espa\u00f1ol: desde los cl\u00e1sicos boleros de Luis Miguel y las inolvidables cumbias de Gilda, hasta el revolucionario y po\u00e9tico rock del Indio Solari.<\/p>\n<p>Est\u00e1 ilustrado por Max Aguirre.<\/p>\n<p>CONTENIDO: 600 tarjetas \/ 4 tableros \/ 36 fichas disco \/ 1 reglamento y libro de respuestas \/ 1 reloj de arena<\/p>\n<\/div>\n<\/div>\n<\/section>\n","protected":false},"featured_media":18037,"comment_status":"closed","ping_status":"closed","template":"","meta":{"site-sidebar-layout":"default","site-content-layout":"","ast-site-content-layout":"","site-content-style":"default","site-sidebar-style":"default","ast-global-header-display":"","ast-banner-title-visibility":"","ast-main-header-display":"","ast-hfb-above-header-display":"","ast-hfb-below-header-display":"","ast-hfb-mobile-header-display":"","site-post-title":"","ast-breadcrumbs-content":"","ast-featured-img":"","footer-sml-layout":"","theme-transparent-header-meta":"","adv-header-id-meta":"","stick-header-meta":"","header-above-stick-meta":"","header-main-stick-meta":"","header-below-stick-meta":"","astra-migrate-meta-layouts":"default","ast-page-background-enabled":"default","ast-page-background-meta":{"desktop":{"background-color":"","background-image":"","background-repeat":"repeat","background-position":"center center","background-size":"auto","background-attachment":"scroll","background-type":"","background-media":"","overlay-type":"","overlay-color":"","overlay-opacity":"","overlay-gradient":""},"tablet":{"background-color":"","background-image":"","background-repeat":"repeat","background-position":"center center","background-size":"auto","background-attachment":"scroll","background-type":"","background-media":"","overlay-type":"","overlay-color":"","overlay-opacity":"","overlay-gradient":""},"mobile":{"background-color":"","background-image":"","background-repeat":"repeat","background-position":"center center","background-size":"auto","background-attachment":"scroll","background-type":"","background-media":"","overlay-type":"","overlay-color":"","overlay-opacity":"","overlay-gradient":""}},"ast-content-background-meta":{"desktop":{"background-color":"var(--ast-global-color-5)","background-image":"","background-repeat":"repeat","background-position":"center center","background-size":"auto","background-attachment":"scroll","background-type":"","background-media":"","overlay-type":"","overlay-color":"","overlay-opacity":"","overlay-gradient":""},"tablet":{"background-color":"var(--ast-global-color-5)","background-image":"","background-repeat":"repeat","background-position":"center center","background-size":"auto","background-attachment":"scroll","background-type":"","background-media":"","overlay-type":"","overlay-color":"","overlay-opacity":"","overlay-gradient":""},"mobile":{"background-color":"var(--ast-global-color-5)","background-image":"","background-repeat":"repeat","background-position":"center center","background-size":"auto","background-attachment":"scroll","background-type":"","background-media":"","overlay-type":"","overlay-color":"","overlay-opacity":"","overlay-gradient":""}},"spay_email":""},"product_cat":[18,168,74],"product_tag":[],"_links":{"self":[{"href":"https:\/\/jugueterialudico.com.ar\/index.php?rest_route=\/wp\/v2\/product\/18036"}],"collection":[{"href":"https:\/\/jugueterialudico.com.ar\/index.php?rest_route=\/wp\/v2\/product"}],"about":[{"href":"https:\/\/jugueterialudico.com.ar\/index.php?rest_route=\/wp\/v2\/types\/product"}],"replies":[{"embeddable":true,"href":"https:\/\/jugueterialudico.com.ar\/index.php?rest_route=%2Fwp%2Fv2%2Fcomments&post=18036"}],"wp:featuredmedia":[{"embeddable":true,"href":"https:\/\/jugueterialudico.com.ar\/index.php?rest_route=\/wp\/v2\/media\/18037"}],"wp:attachment":[{"href":"https:\/\/jugueterialudico.com.ar\/index.php?rest_route=%2Fwp%2Fv2%2Fmedia&parent=18036"}],"wp:term":[{"taxonomy":"product_cat","embeddable":true,"href":"https:\/\/jugueterialudico.com.ar\/index.php?rest_route=%2Fwp%2Fv2%2Fproduct_cat&post=18036"},{"taxonomy":"product_tag","embeddable":true,"href":"https:\/\/jugueterialudico.com.ar\/index.php?rest_route=%2Fwp%2Fv2%2Fproduct_tag&post=18036"}],"curies":[{"name":"wp","href":"https:\/\/api.w.org\/{rel}","templated":true}]}}