{"id":18040,"date":"2020-06-15T00:02:18","date_gmt":"2020-06-15T03:02:18","guid":{"rendered":"https:\/\/jugueterialudico.com.ar\/?post_type=product&#038;p=18040"},"modified":"2026-02-18T16:28:35","modified_gmt":"2026-02-18T19:28:35","slug":"el-cinefilo","status":"publish","type":"product","link":"https:\/\/jugueterialudico.com.ar\/?product=el-cinefilo","title":{"rendered":"EL CINEFILO -035"},"content":{"rendered":"<p>EL CINEFILO<\/p>\n<p><strong>DESDE LOS 15 A\u00d1OS\u00a0<\/strong><\/p>\n<p>Un juego para los amantes del s\u00e9ptimo arte<\/p>\n<p>-El Cin\u00e9filo es un juego de mesa para los fan\u00e1ticos del s\u00e9ptimo arte en donde se deber\u00e1n reconocer fotogramas ilustrados de pel\u00edculas y luego responder preguntas relacionadas. Pueden participar dos o m\u00e1s jugadores, de manera individual o en equipos. Los tableros son 4 salas de cine y se deber\u00e1 completar la sala para ganar el juego. Hay 448 ilustraciones y m\u00e1s de 1700 preguntas para divertirte con amigos demostrando cu\u00e1nto sabes sobre cine.<\/p>\n<p>*Cantidad de jugadores: 2 a 4 jugadores o equipos<br \/>\n*Contenido: 448 tarjetas de preguntas \/ 4 tableros \/ 36 fichas\/ 1 reglamento<\/p>\n","protected":false},"excerpt":{"rendered":"<section class=\"ui-view-more vip-section-specs main-section \">\n<div class=\"specs-wrapper\"><\/div>\n<\/section>\n<section class=\"main-section item-description \">\n<div id=\"description-includes\" class=\"item-description__content \">\n<div class=\"item-description__text\">\n<p>&nbsp;<\/p>\n<section class=\"ui-view-more vip-section-specs main-section \">\n<div class=\"specs-wrapper\">\n<section class=\"specs-container specs-secondary-specs specs-layout-default u-clearfix\">\n<ul class=\"specs-list specs-list-secondary specs-structure-xlarge\">\n<li class=\"specs-item specs-item-secondary\"><strong>Tipo de juego<\/strong>\u00a0Cine<\/li>\n<li class=\"specs-item specs-item-secondary\"><strong>Edad m\u00ednima recomendada<\/strong>\u00a015 a\u00f1os<\/li>\n<li class=\"specs-item specs-item-secondary\"><strong>Cantidad m\u00ednima de jugadores<\/strong>\u00a02<\/li>\n<li class=\"specs-item specs-item-secondary\"><strong>Idioma<\/strong>\u00a0Espa\u00f1ol<\/li>\n<\/ul>\n<\/section>\n<\/div>\n<\/section>\n<section class=\"main-section item-description \">\n<h2 class=\"main-section__title item-description__title\">Descripci\u00f3n del producto<\/h2>\n<div id=\"description-includes\" class=\"item-description__content \">\n<div class=\"item-description__text\">\n<p>El Cin\u00e9filo es un juego de mesa para los fan\u00e1ticos del cine en donde se deber\u00e1n reconocer fotogramas de pel\u00edculas y luego responder preguntas relacionadas. Pueden participar dos o m\u00e1s jugadores, de manera individual o en equipos. Los tableros son 4 salas de cine y se deber\u00e1 completar la sala para ganar el juego. Hay 448 ilustraciones y m\u00e1s de 1700 preguntas para divertirte con amigos demostrando cu\u00e1nto sabes sobre cine.<\/p>\n<p>Est\u00e1 ilustrado por Andr\u00e9s Miguens.<\/p>\n<p>CONTENIDO:448 tarjetas de preguntas \/ 4 tableros \/ 36 fichas \/ 1 reloj de arena \/ 1 reglamento<\/p>\n<\/div>\n<\/div>\n<\/section>\n<\/div>\n<\/div>\n<\/section>\n","protected":false},"featured_media":18041,"comment_status":"closed","ping_status":"closed","template":"","meta":{"site-sidebar-layout":"default","site-content-layout":"","ast-site-content-layout":"","site-content-style":"default","site-sidebar-style":"default","ast-global-header-display":"","ast-banner-title-visibility":"","ast-main-header-display":"","ast-hfb-above-header-display":"","ast-hfb-below-header-display":"","ast-hfb-mobile-header-display":"","site-post-title":"","ast-breadcrumbs-content":"","ast-featured-img":"","footer-sml-layout":"","theme-transparent-header-meta":"","adv-header-id-meta":"","stick-header-meta":"","header-above-stick-meta":"","header-main-stick-meta":"","header-below-stick-meta":"","astra-migrate-meta-layouts":"default","ast-page-background-enabled":"default","ast-page-background-meta":{"desktop":{"background-color":"","background-image":"","background-repeat":"repeat","background-position":"center center","background-size":"auto","background-attachment":"scroll","background-type":"","background-media":"","overlay-type":"","overlay-color":"","overlay-opacity":"","overlay-gradient":""},"tablet":{"background-color":"","background-image":"","background-repeat":"repeat","background-position":"center center","background-size":"auto","background-attachment":"scroll","background-type":"","background-media":"","overlay-type":"","overlay-color":"","overlay-opacity":"","overlay-gradient":""},"mobile":{"background-color":"","background-image":"","background-repeat":"repeat","background-position":"center center","background-size":"auto","background-attachment":"scroll","background-type":"","background-media":"","overlay-type":"","overlay-color":"","overlay-opacity":"","overlay-gradient":""}},"ast-content-background-meta":{"desktop":{"background-color":"var(--ast-global-color-5)","background-image":"","background-repeat":"repeat","background-position":"center center","background-size":"auto","background-attachment":"scroll","background-type":"","background-media":"","overlay-type":"","overlay-color":"","overlay-opacity":"","overlay-gradient":""},"tablet":{"background-color":"var(--ast-global-color-5)","background-image":"","background-repeat":"repeat","background-position":"center center","background-size":"auto","background-attachment":"scroll","background-type":"","background-media":"","overlay-type":"","overlay-color":"","overlay-opacity":"","overlay-gradient":""},"mobile":{"background-color":"var(--ast-global-color-5)","background-image":"","background-repeat":"repeat","background-position":"center center","background-size":"auto","background-attachment":"scroll","background-type":"","background-media":"","overlay-type":"","overlay-color":"","overlay-opacity":"","overlay-gradient":""}},"spay_email":""},"product_cat":[18,168,74],"product_tag":[],"_links":{"self":[{"href":"https:\/\/jugueterialudico.com.ar\/index.php?rest_route=\/wp\/v2\/product\/18040"}],"collection":[{"href":"https:\/\/jugueterialudico.com.ar\/index.php?rest_route=\/wp\/v2\/product"}],"about":[{"href":"https:\/\/jugueterialudico.com.ar\/index.php?rest_route=\/wp\/v2\/types\/product"}],"replies":[{"embeddable":true,"href":"https:\/\/jugueterialudico.com.ar\/index.php?rest_route=%2Fwp%2Fv2%2Fcomments&post=18040"}],"wp:featuredmedia":[{"embeddable":true,"href":"https:\/\/jugueterialudico.com.ar\/index.php?rest_route=\/wp\/v2\/media\/18041"}],"wp:attachment":[{"href":"https:\/\/jugueterialudico.com.ar\/index.php?rest_route=%2Fwp%2Fv2%2Fmedia&parent=18040"}],"wp:term":[{"taxonomy":"product_cat","embeddable":true,"href":"https:\/\/jugueterialudico.com.ar\/index.php?rest_route=%2Fwp%2Fv2%2Fproduct_cat&post=18040"},{"taxonomy":"product_tag","embeddable":true,"href":"https:\/\/jugueterialudico.com.ar\/index.php?rest_route=%2Fwp%2Fv2%2Fproduct_tag&post=18040"}],"curies":[{"name":"wp","href":"https:\/\/api.w.org\/{rel}","templated":true}]}}