{"id":18044,"date":"2020-06-15T00:07:32","date_gmt":"2020-06-15T03:07:32","guid":{"rendered":"https:\/\/jugueterialudico.com.ar\/?post_type=product&#038;p=18044"},"modified":"2026-03-26T10:24:35","modified_gmt":"2026-03-26T13:24:35","slug":"macarena","status":"publish","type":"product","link":"https:\/\/jugueterialudico.com.ar\/?product=macarena","title":{"rendered":"MACARENA -035"},"content":{"rendered":"<p>MACARENA<\/p>\n<p><strong>DESDE LOS 10 A\u00d1OS\u00a0<\/strong><\/p>\n<p>Un juego de cartas para grandes y chicos, en donde se deber\u00e1n recolectar elementos para canjearlos por amuletos y convertirse en el pr\u00f3ximo aprendiz de La Macarena. En cada mano se disputan los 4 elementos, que se ganar\u00e1n coleccionando cartas al jugar en los 7 pozos dispuestos alrededor del mazo. CARACTER\u00cdSTICAS<br \/>\nTIPO:<\/p>\n<p>Cartas<br \/>\nEstrategia<\/p>\n<p>ILUSTRADO POR:<\/p>\n<p>Alberto Montt<\/p>\n<p>CANTIDAD DE JUGADORES:<\/p>\n<p>2 a 5<\/p>\n<p>EDAD RECOMENDADA:<\/p>\n<p>10+<\/p>\n<p>CONTENIDO:<\/p>\n<p>2 mazos de 52 cartas \/ 35 Macas \/ 8 amuletos \/ 24 fichas de elementos \/ 15 monedas \/ reglamento<\/p>\n","protected":false},"excerpt":{"rendered":"<section class=\"ui-view-more vip-section-specs main-section \">\n<div class=\"specs-wrapper\">\n<section class=\"specs-container specs-secondary-specs specs-layout-default u-clearfix\">\n<ul class=\"specs-list specs-list-secondary specs-structure-xlarge\">\n<li class=\"specs-item specs-item-secondary\"><strong>Tipo de juego<\/strong>\u00a0Cartas<\/li>\n<li class=\"specs-item specs-item-secondary\"><strong>Edad m\u00ednima recomendada<\/strong>\u00a010 a\u00f1os<\/li>\n<li class=\"specs-item specs-item-secondary\"><strong>Cantidad m\u00ednima de jugadores<\/strong>\u00a02<\/li>\n<li class=\"specs-item specs-item-secondary\"><strong>Cantidad m\u00e1xima de jugadores<\/strong>\u00a05<\/li>\n<li class=\"specs-item specs-item-secondary\"><strong>Idioma<\/strong>\u00a0Espa\u00f1ol<\/li>\n<\/ul>\n<\/section>\n<\/div>\n<\/section>\n<section class=\"main-section item-description \">\n<h2 class=\"main-section__title item-description__title\">Descripci\u00f3n del producto<\/h2>\n<div id=\"description-includes\" class=\"item-description__content \">\n<div class=\"item-description__text\">\n<p>La Macarena es un juego de cartas para grandes y chicos, en donde se deber\u00e1n recolectar elementos para canjearlos por amuletos y convertirse en el pr\u00f3ximo aprendiz de La Macarena. En cada mano se disputan los 4 elementos, que se ganar\u00e1n coleccionando cartas al jugar en los 7 pozos dispuestos alrededor del mazo.<\/p>\n<p>Est\u00e1 ilustrado por Alberto Montt.<\/p>\n<p>CONTENIDO:2 mazos de 52 cartas \/ 35 Macas \/ 8 amuletos \/ 24 fichas de elementos \/ 15 monedas \/ reglamento<\/p>\n<\/div>\n<\/div>\n<\/section>\n","protected":false},"featured_media":18045,"comment_status":"closed","ping_status":"closed","template":"","meta":{"site-sidebar-layout":"default","site-content-layout":"","ast-site-content-layout":"","site-content-style":"default","site-sidebar-style":"default","ast-global-header-display":"","ast-banner-title-visibility":"","ast-main-header-display":"","ast-hfb-above-header-display":"","ast-hfb-below-header-display":"","ast-hfb-mobile-header-display":"","site-post-title":"","ast-breadcrumbs-content":"","ast-featured-img":"","footer-sml-layout":"","theme-transparent-header-meta":"","adv-header-id-meta":"","stick-header-meta":"","header-above-stick-meta":"","header-main-stick-meta":"","header-below-stick-meta":"","astra-migrate-meta-layouts":"default","ast-page-background-enabled":"default","ast-page-background-meta":{"desktop":{"background-color":"","background-image":"","background-repeat":"repeat","background-position":"center center","background-size":"auto","background-attachment":"scroll","background-type":"","background-media":"","overlay-type":"","overlay-color":"","overlay-opacity":"","overlay-gradient":""},"tablet":{"background-color":"","background-image":"","background-repeat":"repeat","background-position":"center center","background-size":"auto","background-attachment":"scroll","background-type":"","background-media":"","overlay-type":"","overlay-color":"","overlay-opacity":"","overlay-gradient":""},"mobile":{"background-color":"","background-image":"","background-repeat":"repeat","background-position":"center center","background-size":"auto","background-attachment":"scroll","background-type":"","background-media":"","overlay-type":"","overlay-color":"","overlay-opacity":"","overlay-gradient":""}},"ast-content-background-meta":{"desktop":{"background-color":"var(--ast-global-color-5)","background-image":"","background-repeat":"repeat","background-position":"center center","background-size":"auto","background-attachment":"scroll","background-type":"","background-media":"","overlay-type":"","overlay-color":"","overlay-opacity":"","overlay-gradient":""},"tablet":{"background-color":"var(--ast-global-color-5)","background-image":"","background-repeat":"repeat","background-position":"center center","background-size":"auto","background-attachment":"scroll","background-type":"","background-media":"","overlay-type":"","overlay-color":"","overlay-opacity":"","overlay-gradient":""},"mobile":{"background-color":"var(--ast-global-color-5)","background-image":"","background-repeat":"repeat","background-position":"center center","background-size":"auto","background-attachment":"scroll","background-type":"","background-media":"","overlay-type":"","overlay-color":"","overlay-opacity":"","overlay-gradient":""}},"spay_email":""},"product_cat":[168,167,74],"product_tag":[],"_links":{"self":[{"href":"https:\/\/jugueterialudico.com.ar\/index.php?rest_route=\/wp\/v2\/product\/18044"}],"collection":[{"href":"https:\/\/jugueterialudico.com.ar\/index.php?rest_route=\/wp\/v2\/product"}],"about":[{"href":"https:\/\/jugueterialudico.com.ar\/index.php?rest_route=\/wp\/v2\/types\/product"}],"replies":[{"embeddable":true,"href":"https:\/\/jugueterialudico.com.ar\/index.php?rest_route=%2Fwp%2Fv2%2Fcomments&post=18044"}],"wp:featuredmedia":[{"embeddable":true,"href":"https:\/\/jugueterialudico.com.ar\/index.php?rest_route=\/wp\/v2\/media\/18045"}],"wp:attachment":[{"href":"https:\/\/jugueterialudico.com.ar\/index.php?rest_route=%2Fwp%2Fv2%2Fmedia&parent=18044"}],"wp:term":[{"taxonomy":"product_cat","embeddable":true,"href":"https:\/\/jugueterialudico.com.ar\/index.php?rest_route=%2Fwp%2Fv2%2Fproduct_cat&post=18044"},{"taxonomy":"product_tag","embeddable":true,"href":"https:\/\/jugueterialudico.com.ar\/index.php?rest_route=%2Fwp%2Fv2%2Fproduct_tag&post=18044"}],"curies":[{"name":"wp","href":"https:\/\/api.w.org\/{rel}","templated":true}]}}