{"id":18047,"date":"2020-06-15T00:12:51","date_gmt":"2020-06-15T03:12:51","guid":{"rendered":"https:\/\/jugueterialudico.com.ar\/?post_type=product&#038;p=18047"},"modified":"2026-02-18T16:27:55","modified_gmt":"2026-02-18T19:27:55","slug":"el-switcher","status":"publish","type":"product","link":"https:\/\/jugueterialudico.com.ar\/?product=el-switcher","title":{"rendered":"EL SWITCHER -035"},"content":{"rendered":"<p>EL SWITCHER<\/p>\n<p><strong>DESDE LOS 10 A\u00d1OS\u00a0<\/strong><\/p>\n<p>es un juego de estrategia e ingenio, en el que los jugadores deber\u00e1n formar figuras determinadas, moviendo las fichas en el tablero, seg\u00fan las tarjetas de movimiento. Cada jugador tendr\u00e1 un mazo con figuras para ir descartado a medida que se formen en el tablero, y qui\u00e9n primero lo termine ser\u00e1 el ganador. Es un juego en el que el c\u00e1lculo y la atenci\u00f3n son fundamentales.<\/p>\n<p>Est\u00e1 ilustrado por Decur.<\/p>\n<p>CONTENIDO: 36 fichas \/ 40 cartas de movimiento \/ 1 tablero \/ 1 reglamento \/ 50 cartas de figuras<\/p>\n<p>Cantidad minima de jugadores: 2 &#8211; 4<br \/>\nTiempo estimado de juego: 45 min.<br \/>\nMedidas caja: 21 cm de ancho x 19 cm de largo x 3,5 cm de alto<\/p>\n","protected":false},"excerpt":{"rendered":"<section class=\"ui-view-more vip-section-specs main-section \">\n<div class=\"specs-wrapper\">\n<section class=\"ui-view-more vip-section-specs main-section \">\n<div class=\"specs-wrapper\">\n<section class=\"specs-container specs-secondary-specs specs-layout-default u-clearfix\">\n<ul class=\"specs-list specs-list-secondary specs-structure-xlarge\">\n<li class=\"specs-item specs-item-secondary\">\n<section class=\"ui-view-more vip-section-specs main-section \">\n<div class=\"specs-wrapper\">\n<section class=\"specs-container specs-secondary-specs specs-layout-default u-clearfix\">\n<ul class=\"specs-list specs-list-secondary specs-structure-xlarge\">\n<li class=\"specs-item specs-item-secondary\"><strong>Tipo de juego<\/strong>\u00a0Estrategia<\/li>\n<li class=\"specs-item specs-item-secondary\"><strong>Edad m\u00ednima recomendada<\/strong>\u00a015 a\u00f1os<\/li>\n<li class=\"specs-item specs-item-secondary\"><strong>Cantidad m\u00ednima de jugadores<\/strong>\u00a02<\/li>\n<li class=\"specs-item specs-item-secondary\"><strong>Idioma<\/strong>\u00a0Espa\u00f1ol<\/li>\n<\/ul>\n<\/section>\n<\/div>\n<\/section>\n<section class=\"main-section item-description \">\n<h2 class=\"main-section__title item-description__title\">Descripci\u00f3n del producto<\/h2>\n<div id=\"description-includes\" class=\"item-description__content \">\n<div class=\"item-description__text\">\n<p>El Switcher es un juego de estrategia e ingenio, en el que los jugadores deber\u00e1n formar figuras determinadas, moviendo las fichas en el tablero, seg\u00fan las tarjetas de movimiento. Cada jugador tendr\u00e1 un mazo con figuras para ir descartado a medida que se formen en el tablero, y qui\u00e9n primero lo termine ser\u00e1 el ganador. Es un juego en el que el c\u00e1lculo y la atenci\u00f3n son fundamentales.<\/p>\n<p>Est\u00e1 ilustrado por Decur.<\/p>\n<\/div>\n<\/div>\n<\/section>\n<\/li>\n<\/ul>\n<\/section>\n<\/div>\n<\/section>\n<\/div>\n<\/section>\n","protected":false},"featured_media":20962,"comment_status":"closed","ping_status":"closed","template":"","meta":{"site-sidebar-layout":"default","site-content-layout":"default","ast-site-content-layout":"","site-content-style":"default","site-sidebar-style":"default","ast-global-header-display":"","ast-banner-title-visibility":"","ast-main-header-display":"","ast-hfb-above-header-display":"","ast-hfb-below-header-display":"","ast-hfb-mobile-header-display":"","site-post-title":"","ast-breadcrumbs-content":"","ast-featured-img":"","footer-sml-layout":"","theme-transparent-header-meta":"default","adv-header-id-meta":"","stick-header-meta":"","header-above-stick-meta":"","header-main-stick-meta":"","header-below-stick-meta":"","astra-migrate-meta-layouts":"default","ast-page-background-enabled":"default","ast-page-background-meta":{"desktop":{"background-color":"","background-image":"","background-repeat":"repeat","background-position":"center center","background-size":"auto","background-attachment":"scroll","background-type":"","background-media":"","overlay-type":"","overlay-color":"","overlay-opacity":"","overlay-gradient":""},"tablet":{"background-color":"","background-image":"","background-repeat":"repeat","background-position":"center center","background-size":"auto","background-attachment":"scroll","background-type":"","background-media":"","overlay-type":"","overlay-color":"","overlay-opacity":"","overlay-gradient":""},"mobile":{"background-color":"","background-image":"","background-repeat":"repeat","background-position":"center center","background-size":"auto","background-attachment":"scroll","background-type":"","background-media":"","overlay-type":"","overlay-color":"","overlay-opacity":"","overlay-gradient":""}},"ast-content-background-meta":{"desktop":{"background-color":"var(--ast-global-color-5)","background-image":"","background-repeat":"repeat","background-position":"center center","background-size":"auto","background-attachment":"scroll","background-type":"","background-media":"","overlay-type":"","overlay-color":"","overlay-opacity":"","overlay-gradient":""},"tablet":{"background-color":"var(--ast-global-color-5)","background-image":"","background-repeat":"repeat","background-position":"center center","background-size":"auto","background-attachment":"scroll","background-type":"","background-media":"","overlay-type":"","overlay-color":"","overlay-opacity":"","overlay-gradient":""},"mobile":{"background-color":"var(--ast-global-color-5)","background-image":"","background-repeat":"repeat","background-position":"center center","background-size":"auto","background-attachment":"scroll","background-type":"","background-media":"","overlay-type":"","overlay-color":"","overlay-opacity":"","overlay-gradient":""}},"spay_email":""},"product_cat":[168,167,74],"product_tag":[],"_links":{"self":[{"href":"https:\/\/jugueterialudico.com.ar\/index.php?rest_route=\/wp\/v2\/product\/18047"}],"collection":[{"href":"https:\/\/jugueterialudico.com.ar\/index.php?rest_route=\/wp\/v2\/product"}],"about":[{"href":"https:\/\/jugueterialudico.com.ar\/index.php?rest_route=\/wp\/v2\/types\/product"}],"replies":[{"embeddable":true,"href":"https:\/\/jugueterialudico.com.ar\/index.php?rest_route=%2Fwp%2Fv2%2Fcomments&post=18047"}],"wp:featuredmedia":[{"embeddable":true,"href":"https:\/\/jugueterialudico.com.ar\/index.php?rest_route=\/wp\/v2\/media\/20962"}],"wp:attachment":[{"href":"https:\/\/jugueterialudico.com.ar\/index.php?rest_route=%2Fwp%2Fv2%2Fmedia&parent=18047"}],"wp:term":[{"taxonomy":"product_cat","embeddable":true,"href":"https:\/\/jugueterialudico.com.ar\/index.php?rest_route=%2Fwp%2Fv2%2Fproduct_cat&post=18047"},{"taxonomy":"product_tag","embeddable":true,"href":"https:\/\/jugueterialudico.com.ar\/index.php?rest_route=%2Fwp%2Fv2%2Fproduct_tag&post=18047"}],"curies":[{"name":"wp","href":"https:\/\/api.w.org\/{rel}","templated":true}]}}