{"id":18050,"date":"2020-06-15T00:17:45","date_gmt":"2020-06-15T03:17:45","guid":{"rendered":"https:\/\/jugueterialudico.com.ar\/?post_type=product&#038;p=18050"},"modified":"2025-09-01T12:52:28","modified_gmt":"2025-09-01T15:52:28","slug":"el-benjamin","status":"publish","type":"product","link":"https:\/\/jugueterialudico.com.ar\/?product=el-benjamin","title":{"rendered":"EL BENJAMIN -035"},"content":{"rendered":"<p>EL BENJAMIN<\/p>\n<p>DESDE LOS 3 A\u00d1OS<\/p>\n<p>El Benjam\u00edn es un juego que contiene tres cl\u00e1sicos juegos infantiles: el ahorcado, el domin\u00f3 y el juego de la memoria. Incluye tambi\u00e9n 18 hojas con dibujos para colorear. Un giro simp\u00e1tico de juegos cl\u00e1sicos, ideal para chicos de distintas edades a partir de los 3 a\u00f1os. Un juego did\u00e1ctico y divertido para aprender jugando.<\/p>\n<p>Est\u00e1 ilustrado por Andr\u00e9s Miguens<\/p>\n<p>CONTENIDO: 42 tarjetas de animales \/ 90 tarjetas de letras \/ 32 tarjetas de personajes \/ 28 fichas de domin\u00f3 \/ 18 dibujos para colorear<br \/>\nTipo: Ni\u00f1os \/ Cl\u00e1sicos<\/p>\n","protected":false},"excerpt":{"rendered":"<section class=\"ui-view-more vip-section-specs main-section \">\n<div class=\"specs-wrapper\">\n<section class=\"specs-container specs-secondary-specs specs-layout-default u-clearfix\">\n<ul class=\"specs-list specs-list-secondary specs-structure-xlarge\">\n<li class=\"specs-item specs-item-secondary\"><strong>Tipo de juego<\/strong>\u00a0Cl\u00e1sicos<\/li>\n<li class=\"specs-item specs-item-secondary\"><strong>Edad m\u00ednima recomendada<\/strong>\u00a04 a\u00f1os<\/li>\n<li class=\"specs-item specs-item-secondary\"><strong>Cantidad m\u00ednima de jugadores<\/strong>\u00a01<\/li>\n<li class=\"specs-item specs-item-secondary\"><strong>Idioma<\/strong>\u00a0Espa\u00f1ol<\/li>\n<\/ul>\n<\/section>\n<\/div>\n<\/section>\n<section class=\"main-section item-description \">\n<h2 class=\"main-section__title item-description__title\">Descripci\u00f3n del producto<\/h2>\n<div id=\"description-includes\" class=\"item-description__content \">\n<div class=\"item-description__text\">\n<p>El Benjam\u00edn es un juego que contiene tres cl\u00e1sicos juegos infantiles: el ahorcado, el domin\u00f3 y el juego de la memoria. Incluye tambi\u00e9n 18 hojas con dibujos para colorear. Un giro simp\u00e1tico de juegos cl\u00e1sicos, ideal para chicos de distintas edades a partir de los 3 an?os.<\/p>\n<p>Est\u00e1 ilustrado por Andr\u00e9s Miguens<\/p>\n<p>CONTENIDO: 42 tarjetas de animales \/ 90 tarjetas de letras \/ 32 tarjetas de personajes \/ 28 fichas de domin\u00f3 \/ 18 dibujos para colorear<\/p>\n<\/div>\n<\/div>\n<\/section>\n","protected":false},"featured_media":18051,"comment_status":"closed","ping_status":"closed","template":"","meta":{"site-sidebar-layout":"default","site-content-layout":"","ast-site-content-layout":"","site-content-style":"default","site-sidebar-style":"default","ast-global-header-display":"","ast-banner-title-visibility":"","ast-main-header-display":"","ast-hfb-above-header-display":"","ast-hfb-below-header-display":"","ast-hfb-mobile-header-display":"","site-post-title":"","ast-breadcrumbs-content":"","ast-featured-img":"","footer-sml-layout":"","theme-transparent-header-meta":"","adv-header-id-meta":"","stick-header-meta":"","header-above-stick-meta":"","header-main-stick-meta":"","header-below-stick-meta":"","astra-migrate-meta-layouts":"default","ast-page-background-enabled":"default","ast-page-background-meta":{"desktop":{"background-color":"","background-image":"","background-repeat":"repeat","background-position":"center center","background-size":"auto","background-attachment":"scroll","background-type":"","background-media":"","overlay-type":"","overlay-color":"","overlay-opacity":"","overlay-gradient":""},"tablet":{"background-color":"","background-image":"","background-repeat":"repeat","background-position":"center center","background-size":"auto","background-attachment":"scroll","background-type":"","background-media":"","overlay-type":"","overlay-color":"","overlay-opacity":"","overlay-gradient":""},"mobile":{"background-color":"","background-image":"","background-repeat":"repeat","background-position":"center center","background-size":"auto","background-attachment":"scroll","background-type":"","background-media":"","overlay-type":"","overlay-color":"","overlay-opacity":"","overlay-gradient":""}},"ast-content-background-meta":{"desktop":{"background-color":"var(--ast-global-color-5)","background-image":"","background-repeat":"repeat","background-position":"center center","background-size":"auto","background-attachment":"scroll","background-type":"","background-media":"","overlay-type":"","overlay-color":"","overlay-opacity":"","overlay-gradient":""},"tablet":{"background-color":"var(--ast-global-color-5)","background-image":"","background-repeat":"repeat","background-position":"center center","background-size":"auto","background-attachment":"scroll","background-type":"","background-media":"","overlay-type":"","overlay-color":"","overlay-opacity":"","overlay-gradient":""},"mobile":{"background-color":"var(--ast-global-color-5)","background-image":"","background-repeat":"repeat","background-position":"center center","background-size":"auto","background-attachment":"scroll","background-type":"","background-media":"","overlay-type":"","overlay-color":"","overlay-opacity":"","overlay-gradient":""}},"spay_email":""},"product_cat":[164,165,74],"product_tag":[],"_links":{"self":[{"href":"https:\/\/jugueterialudico.com.ar\/index.php?rest_route=\/wp\/v2\/product\/18050"}],"collection":[{"href":"https:\/\/jugueterialudico.com.ar\/index.php?rest_route=\/wp\/v2\/product"}],"about":[{"href":"https:\/\/jugueterialudico.com.ar\/index.php?rest_route=\/wp\/v2\/types\/product"}],"replies":[{"embeddable":true,"href":"https:\/\/jugueterialudico.com.ar\/index.php?rest_route=%2Fwp%2Fv2%2Fcomments&post=18050"}],"wp:featuredmedia":[{"embeddable":true,"href":"https:\/\/jugueterialudico.com.ar\/index.php?rest_route=\/wp\/v2\/media\/18051"}],"wp:attachment":[{"href":"https:\/\/jugueterialudico.com.ar\/index.php?rest_route=%2Fwp%2Fv2%2Fmedia&parent=18050"}],"wp:term":[{"taxonomy":"product_cat","embeddable":true,"href":"https:\/\/jugueterialudico.com.ar\/index.php?rest_route=%2Fwp%2Fv2%2Fproduct_cat&post=18050"},{"taxonomy":"product_tag","embeddable":true,"href":"https:\/\/jugueterialudico.com.ar\/index.php?rest_route=%2Fwp%2Fv2%2Fproduct_tag&post=18050"}],"curies":[{"name":"wp","href":"https:\/\/api.w.org\/{rel}","templated":true}]}}