{"id":18055,"date":"2020-06-15T00:30:40","date_gmt":"2020-06-15T03:30:40","guid":{"rendered":"https:\/\/jugueterialudico.com.ar\/?post_type=product&#038;p=18055"},"modified":"2026-02-18T16:27:37","modified_gmt":"2026-02-18T19:27:37","slug":"el-macanudo","status":"publish","type":"product","link":"https:\/\/jugueterialudico.com.ar\/?product=el-macanudo","title":{"rendered":"EL MACANUDO -035"},"content":{"rendered":"<p>EL MACANUDO<\/p>\n<p><strong>DESDE LOS 15 A\u00d1OS\u00a0<\/strong><\/p>\n<p><span>El Macanudo es un juego de mesa de creatividad y asociaci\u00f3n libre con los dibujos de la tira Macanudo de Liniers.\u00a0Cada jugador debe asociar una de las 9 tarjetas de dibujos dispuestas en el tablero, con una frase o palabra que responde a la categor\u00eda en juego.\u00a0Sumar puntos al lograr que por lo menos un jugador adivine su asociaci\u00f3n, pero siempre y cuando no lo adivinen todos!<\/span><br \/>\n<span>Tipo: Creatividad<\/span><br \/>\n<span>Ilustrado por: Liniers<\/span><br \/>\n<span>Cantidad de jugadores: De 3 a 6 jugadores<\/span><br \/>\n<span>Contenido: 520 tarjetas de dibujos \/ 1 tablero \/ 6 mini-tableros \/ tarjetas de categor\u00edas \/ 12 fichas de juego \/ 6 l\u00e1pices \/ 1 block \/ 1 reglamento<\/span><\/p>\n","protected":false},"excerpt":{"rendered":"<section class=\"ui-view-more vip-section-specs main-section \">\n<div class=\"specs-wrapper\">\n<section class=\"specs-container specs-secondary-specs specs-layout-default u-clearfix\">\n<ul class=\"specs-list specs-list-secondary specs-structure-xlarge\">\n<li class=\"specs-item specs-item-secondary\"><strong>Tipo de juego<\/strong>\u00a0Creatividad<\/li>\n<li class=\"specs-item specs-item-secondary\"><strong>Edad m\u00ednima recomendada<\/strong>\u00a015 a\u00f1os<\/li>\n<li class=\"specs-item specs-item-secondary\"><strong>Cantidad m\u00ednima de jugadores<\/strong>\u00a03<\/li>\n<li class=\"specs-item specs-item-secondary\"><strong>Idioma<\/strong>\u00a0Espa\u00f1ol<\/li>\n<\/ul>\n<\/section>\n<\/div>\n<\/section>\n<section class=\"main-section item-description \">\n<h2 class=\"main-section__title item-description__title\">Descripci\u00f3n del producto<\/h2>\n<div id=\"description-includes\" class=\"item-description__content \">\n<div class=\"item-description__text\">\n<p>El MACANUDO es un juego de mesa con dibujos de la tira Macanudo de Liniers.<br \/>\nCada jugador deber\u00e1 asociar una de las 9 tarjetas de dibujos dispuestas en el tablero, con una frase o palabra que responda a la categor\u00eda en juego. Sumar\u00e1 puntos al lograr que por lo menos un jugador adivine su asociaci\u00f3n, pero siempre y cuando no lo adivinen todos!<\/p>\n<p>CONTENIDO:520 tarjetas de dibujos \/ 1 tablero \/ 6 mini-tableros \/ tarjetas de categor\u00edas \/ 12 fichas de juego \/ 6 l\u00e1pices \/ 1 block \/ 1 reglamento<\/p>\n<\/div>\n<\/div>\n<\/section>\n","protected":false},"featured_media":18056,"comment_status":"closed","ping_status":"closed","template":"","meta":{"site-sidebar-layout":"default","site-content-layout":"","ast-site-content-layout":"","site-content-style":"default","site-sidebar-style":"default","ast-global-header-display":"","ast-banner-title-visibility":"","ast-main-header-display":"","ast-hfb-above-header-display":"","ast-hfb-below-header-display":"","ast-hfb-mobile-header-display":"","site-post-title":"","ast-breadcrumbs-content":"","ast-featured-img":"","footer-sml-layout":"","theme-transparent-header-meta":"","adv-header-id-meta":"","stick-header-meta":"","header-above-stick-meta":"","header-main-stick-meta":"","header-below-stick-meta":"","astra-migrate-meta-layouts":"default","ast-page-background-enabled":"default","ast-page-background-meta":{"desktop":{"background-color":"","background-image":"","background-repeat":"repeat","background-position":"center center","background-size":"auto","background-attachment":"scroll","background-type":"","background-media":"","overlay-type":"","overlay-color":"","overlay-opacity":"","overlay-gradient":""},"tablet":{"background-color":"","background-image":"","background-repeat":"repeat","background-position":"center center","background-size":"auto","background-attachment":"scroll","background-type":"","background-media":"","overlay-type":"","overlay-color":"","overlay-opacity":"","overlay-gradient":""},"mobile":{"background-color":"","background-image":"","background-repeat":"repeat","background-position":"center center","background-size":"auto","background-attachment":"scroll","background-type":"","background-media":"","overlay-type":"","overlay-color":"","overlay-opacity":"","overlay-gradient":""}},"ast-content-background-meta":{"desktop":{"background-color":"var(--ast-global-color-5)","background-image":"","background-repeat":"repeat","background-position":"center center","background-size":"auto","background-attachment":"scroll","background-type":"","background-media":"","overlay-type":"","overlay-color":"","overlay-opacity":"","overlay-gradient":""},"tablet":{"background-color":"var(--ast-global-color-5)","background-image":"","background-repeat":"repeat","background-position":"center center","background-size":"auto","background-attachment":"scroll","background-type":"","background-media":"","overlay-type":"","overlay-color":"","overlay-opacity":"","overlay-gradient":""},"mobile":{"background-color":"var(--ast-global-color-5)","background-image":"","background-repeat":"repeat","background-position":"center center","background-size":"auto","background-attachment":"scroll","background-type":"","background-media":"","overlay-type":"","overlay-color":"","overlay-opacity":"","overlay-gradient":""}},"spay_email":""},"product_cat":[168,74],"product_tag":[],"_links":{"self":[{"href":"https:\/\/jugueterialudico.com.ar\/index.php?rest_route=\/wp\/v2\/product\/18055"}],"collection":[{"href":"https:\/\/jugueterialudico.com.ar\/index.php?rest_route=\/wp\/v2\/product"}],"about":[{"href":"https:\/\/jugueterialudico.com.ar\/index.php?rest_route=\/wp\/v2\/types\/product"}],"replies":[{"embeddable":true,"href":"https:\/\/jugueterialudico.com.ar\/index.php?rest_route=%2Fwp%2Fv2%2Fcomments&post=18055"}],"wp:featuredmedia":[{"embeddable":true,"href":"https:\/\/jugueterialudico.com.ar\/index.php?rest_route=\/wp\/v2\/media\/18056"}],"wp:attachment":[{"href":"https:\/\/jugueterialudico.com.ar\/index.php?rest_route=%2Fwp%2Fv2%2Fmedia&parent=18055"}],"wp:term":[{"taxonomy":"product_cat","embeddable":true,"href":"https:\/\/jugueterialudico.com.ar\/index.php?rest_route=%2Fwp%2Fv2%2Fproduct_cat&post=18055"},{"taxonomy":"product_tag","embeddable":true,"href":"https:\/\/jugueterialudico.com.ar\/index.php?rest_route=%2Fwp%2Fv2%2Fproduct_tag&post=18055"}],"curies":[{"name":"wp","href":"https:\/\/api.w.org\/{rel}","templated":true}]}}