{"id":18062,"date":"2020-06-15T00:39:13","date_gmt":"2020-06-15T03:39:13","guid":{"rendered":"https:\/\/jugueterialudico.com.ar\/?post_type=product&#038;p=18062"},"modified":"2026-03-20T11:11:53","modified_gmt":"2026-03-20T14:11:53","slug":"el-senor-dix","status":"publish","type":"product","link":"https:\/\/jugueterialudico.com.ar\/?product=el-senor-dix","title":{"rendered":"EL SE\u00d1OR DIX -035"},"content":{"rendered":"<p>EL SE\u00d1OR DIX<\/p>\n<p><strong>DESDE LOS 4 A\u00d1OS\u00a0<\/strong><\/p>\n<p>El Se\u00f1or Dix es un juego de cartas que invita a pensar y asociar.\u00a0Tiene dos mazos: uno de dibujos y otro de cualidades.\u00a0Para jugar con chicos a partir de 4 a\u00f1os, y con distintos niveles de dificultad, se deber\u00e1n asociar los dibujos con una o m\u00e1s caracter\u00edsticas para ir acumulando cartas y ganar el juego.<br \/>\nUn juego de cartas simple, did\u00e1ctico y divertido para jugar con los ms chicos.<br \/>\nTipo: Asociaci\u00f3n \/ Cartas<br \/>\nIlustrado por: Agust\u00edn Paillet<br \/>\nCantidad de jugadores: 2+<\/p>\n<p>Contenido: 35 cartas de dibujos \/ 30 cartas de cualidades<\/p>\n","protected":false},"excerpt":{"rendered":"<section class=\"ui-view-more vip-section-specs main-section \">\n<div class=\"specs-wrapper\">\n<section class=\"specs-container specs-secondary-specs specs-layout-default u-clearfix\">\n<h3>Un juego de cartas para pensar, buscar y asociar&#8230;<\/h3>\n<\/section>\n<\/div>\n<\/section>\n<section class=\"main-section item-description \">\n<div id=\"description-includes\" class=\"item-description__content \">\n<div class=\"item-description__text\">\n<p>Tiene dos mazos: uno de dibujos y otro de cualidades. Para chicos a partir de 6 a\u00f1os, y con distintos niveles de dificultad, se deber\u00e1n asociar los dibujos con una o m\u00e1s caracter\u00edsticas para ir acumulando cartas y ganar el juego.<\/p>\n<p>Est\u00e1 ilustrado por Agust\u00edn Paillet<\/p>\n<p>CONTENIDO:35 cartas de dibujos \/ 30 cartas de cualidades<\/p>\n<\/div>\n<\/div>\n<\/section>\n","protected":false},"featured_media":27372,"comment_status":"closed","ping_status":"closed","template":"","meta":{"site-sidebar-layout":"default","site-content-layout":"","ast-site-content-layout":"default","site-content-style":"default","site-sidebar-style":"default","ast-global-header-display":"","ast-banner-title-visibility":"","ast-main-header-display":"","ast-hfb-above-header-display":"","ast-hfb-below-header-display":"","ast-hfb-mobile-header-display":"","site-post-title":"","ast-breadcrumbs-content":"","ast-featured-img":"","footer-sml-layout":"","theme-transparent-header-meta":"default","adv-header-id-meta":"","stick-header-meta":"","header-above-stick-meta":"","header-main-stick-meta":"","header-below-stick-meta":"","astra-migrate-meta-layouts":"set","ast-page-background-enabled":"default","ast-page-background-meta":{"desktop":{"background-color":"","background-image":"","background-repeat":"repeat","background-position":"center center","background-size":"auto","background-attachment":"scroll","background-type":"","background-media":"","overlay-type":"","overlay-color":"","overlay-opacity":"","overlay-gradient":""},"tablet":{"background-color":"","background-image":"","background-repeat":"repeat","background-position":"center center","background-size":"auto","background-attachment":"scroll","background-type":"","background-media":"","overlay-type":"","overlay-color":"","overlay-opacity":"","overlay-gradient":""},"mobile":{"background-color":"","background-image":"","background-repeat":"repeat","background-position":"center center","background-size":"auto","background-attachment":"scroll","background-type":"","background-media":"","overlay-type":"","overlay-color":"","overlay-opacity":"","overlay-gradient":""}},"ast-content-background-meta":{"desktop":{"background-color":"var(--ast-global-color-5)","background-image":"","background-repeat":"repeat","background-position":"center center","background-size":"auto","background-attachment":"scroll","background-type":"","background-media":"","overlay-type":"","overlay-color":"","overlay-opacity":"","overlay-gradient":""},"tablet":{"background-color":"var(--ast-global-color-5)","background-image":"","background-repeat":"repeat","background-position":"center center","background-size":"auto","background-attachment":"scroll","background-type":"","background-media":"","overlay-type":"","overlay-color":"","overlay-opacity":"","overlay-gradient":""},"mobile":{"background-color":"var(--ast-global-color-5)","background-image":"","background-repeat":"repeat","background-position":"center center","background-size":"auto","background-attachment":"scroll","background-type":"","background-media":"","overlay-type":"","overlay-color":"","overlay-opacity":"","overlay-gradient":""}},"spay_email":""},"product_cat":[165,166,74],"product_tag":[],"_links":{"self":[{"href":"https:\/\/jugueterialudico.com.ar\/index.php?rest_route=\/wp\/v2\/product\/18062"}],"collection":[{"href":"https:\/\/jugueterialudico.com.ar\/index.php?rest_route=\/wp\/v2\/product"}],"about":[{"href":"https:\/\/jugueterialudico.com.ar\/index.php?rest_route=\/wp\/v2\/types\/product"}],"replies":[{"embeddable":true,"href":"https:\/\/jugueterialudico.com.ar\/index.php?rest_route=%2Fwp%2Fv2%2Fcomments&post=18062"}],"wp:featuredmedia":[{"embeddable":true,"href":"https:\/\/jugueterialudico.com.ar\/index.php?rest_route=\/wp\/v2\/media\/27372"}],"wp:attachment":[{"href":"https:\/\/jugueterialudico.com.ar\/index.php?rest_route=%2Fwp%2Fv2%2Fmedia&parent=18062"}],"wp:term":[{"taxonomy":"product_cat","embeddable":true,"href":"https:\/\/jugueterialudico.com.ar\/index.php?rest_route=%2Fwp%2Fv2%2Fproduct_cat&post=18062"},{"taxonomy":"product_tag","embeddable":true,"href":"https:\/\/jugueterialudico.com.ar\/index.php?rest_route=%2Fwp%2Fv2%2Fproduct_tag&post=18062"}],"curies":[{"name":"wp","href":"https:\/\/api.w.org\/{rel}","templated":true}]}}