{"id":18165,"date":"2020-06-19T12:18:20","date_gmt":"2020-06-19T15:18:20","guid":{"rendered":"https:\/\/jugueterialudico.com.ar\/?post_type=product&#038;p=18165"},"modified":"2025-04-14T11:07:41","modified_gmt":"2025-04-14T14:07:41","slug":"plan-escape","status":"publish","type":"product","link":"https:\/\/jugueterialudico.com.ar\/?product=plan-escape","title":{"rendered":"PLAN ESCAPE &#8211; 011"},"content":{"rendered":"<p>PLAN ESCAPE<\/p>\n<p><strong>DESDE LOS 8 A\u00d1OS\u00a0<\/strong><\/p>\n<p>Una mansi\u00f3n llena de habitaciones donde es muy f\u00e1cil perderse y no encontrar la salida. La mansi\u00f3n puede desaparecer en cualquier momento, todos los participantes ir\u00e1n jugando estrat\u00e9gicamente sus tarjetas para poder salir antes de que eso suceda. El tablero se ir\u00e1 armando con las tarjetas de las distintos lugares de la mansi\u00f3n que vayan jugando cada uno de los participantes, y los personajes se van moviendo de un ambiente a otro para lograr escapar. Plan Escape ofrece dos opciones de juego. Competitiva: todos los jugadores compiten para salir primero de la mansi\u00f3n. Cooperativa: todos los participantes tienen que escapar de la mansi\u00f3n y para esto trabajar\u00e1n en conjunto cada movimiento que realicen. Medidas: 15cm x 15cm x 5cm. Contiene: 72 tarjetas, 6 fichas de personajes, instrucciones del juego.<\/p>\n","protected":false},"excerpt":{"rendered":"<p>Una mansi\u00f3n llena de habitaciones donde es muy f\u00e1cil perderse y no encontrar la salida. La mansi\u00f3n puede desaparecer en cualquier momento, todos los participantes ir\u00e1n jugando estrat\u00e9gicamente sus tarjetas para poder salir antes de que eso suceda. El tablero se ir\u00e1 armando con las tarjetas de las distintos lugares de la mansi\u00f3n que vayan jugando cada uno de los participantes, y los personajes se van moviendo de un ambiente a otro para lograr escapar. Plan Escape ofrece dos opciones de juego. Competitiva: todos los jugadores compiten para salir primero de la mansi\u00f3n. Cooperativa: todos los participantes tienen que escapar de la mansi\u00f3n y para esto trabajar\u00e1n en conjunto cada movimiento que realicen. Medidas: 15cm x 15cm x 5cm. Contiene: 72 tarjetas, 6 fichas de personajes, instrucciones del juego.<\/p>\n","protected":false},"featured_media":18171,"comment_status":"closed","ping_status":"closed","template":"","meta":{"site-sidebar-layout":"default","site-content-layout":"","ast-site-content-layout":"","site-content-style":"default","site-sidebar-style":"default","ast-global-header-display":"","ast-banner-title-visibility":"","ast-main-header-display":"","ast-hfb-above-header-display":"","ast-hfb-below-header-display":"","ast-hfb-mobile-header-display":"","site-post-title":"","ast-breadcrumbs-content":"","ast-featured-img":"","footer-sml-layout":"","theme-transparent-header-meta":"","adv-header-id-meta":"","stick-header-meta":"","header-above-stick-meta":"","header-main-stick-meta":"","header-below-stick-meta":"","astra-migrate-meta-layouts":"default","ast-page-background-enabled":"default","ast-page-background-meta":{"desktop":{"background-color":"","background-image":"","background-repeat":"repeat","background-position":"center center","background-size":"auto","background-attachment":"scroll","background-type":"","background-media":"","overlay-type":"","overlay-color":"","overlay-opacity":"","overlay-gradient":""},"tablet":{"background-color":"","background-image":"","background-repeat":"repeat","background-position":"center center","background-size":"auto","background-attachment":"scroll","background-type":"","background-media":"","overlay-type":"","overlay-color":"","overlay-opacity":"","overlay-gradient":""},"mobile":{"background-color":"","background-image":"","background-repeat":"repeat","background-position":"center center","background-size":"auto","background-attachment":"scroll","background-type":"","background-media":"","overlay-type":"","overlay-color":"","overlay-opacity":"","overlay-gradient":""}},"ast-content-background-meta":{"desktop":{"background-color":"var(--ast-global-color-5)","background-image":"","background-repeat":"repeat","background-position":"center center","background-size":"auto","background-attachment":"scroll","background-type":"","background-media":"","overlay-type":"","overlay-color":"","overlay-opacity":"","overlay-gradient":""},"tablet":{"background-color":"var(--ast-global-color-5)","background-image":"","background-repeat":"repeat","background-position":"center center","background-size":"auto","background-attachment":"scroll","background-type":"","background-media":"","overlay-type":"","overlay-color":"","overlay-opacity":"","overlay-gradient":""},"mobile":{"background-color":"var(--ast-global-color-5)","background-image":"","background-repeat":"repeat","background-position":"center center","background-size":"auto","background-attachment":"scroll","background-type":"","background-media":"","overlay-type":"","overlay-color":"","overlay-opacity":"","overlay-gradient":""}},"spay_email":""},"product_cat":[167,146,74],"product_tag":[],"_links":{"self":[{"href":"https:\/\/jugueterialudico.com.ar\/index.php?rest_route=\/wp\/v2\/product\/18165"}],"collection":[{"href":"https:\/\/jugueterialudico.com.ar\/index.php?rest_route=\/wp\/v2\/product"}],"about":[{"href":"https:\/\/jugueterialudico.com.ar\/index.php?rest_route=\/wp\/v2\/types\/product"}],"replies":[{"embeddable":true,"href":"https:\/\/jugueterialudico.com.ar\/index.php?rest_route=%2Fwp%2Fv2%2Fcomments&post=18165"}],"wp:featuredmedia":[{"embeddable":true,"href":"https:\/\/jugueterialudico.com.ar\/index.php?rest_route=\/wp\/v2\/media\/18171"}],"wp:attachment":[{"href":"https:\/\/jugueterialudico.com.ar\/index.php?rest_route=%2Fwp%2Fv2%2Fmedia&parent=18165"}],"wp:term":[{"taxonomy":"product_cat","embeddable":true,"href":"https:\/\/jugueterialudico.com.ar\/index.php?rest_route=%2Fwp%2Fv2%2Fproduct_cat&post=18165"},{"taxonomy":"product_tag","embeddable":true,"href":"https:\/\/jugueterialudico.com.ar\/index.php?rest_route=%2Fwp%2Fv2%2Fproduct_tag&post=18165"}],"curies":[{"name":"wp","href":"https:\/\/api.w.org\/{rel}","templated":true}]}}