{"id":18336,"date":"2020-07-19T19:52:59","date_gmt":"2020-07-19T22:52:59","guid":{"rendered":"https:\/\/jugueterialudico.com.ar\/?post_type=product&#038;p=18336"},"modified":"2025-12-29T10:35:53","modified_gmt":"2025-12-29T13:35:53","slug":"kit-de-la-masa-elastica","status":"publish","type":"product","link":"https:\/\/jugueterialudico.com.ar\/?product=kit-de-la-masa-elastica","title":{"rendered":"CIENCIA COQUETA &#8211; 028"},"content":{"rendered":"","protected":false},"excerpt":{"rendered":"<p><em>KIT PARA ARMAR TUS COSMETICOS NATURALES<\/em><\/p>\n<p>Experiment\u00e1 y descubr\u00ed jugando con la ciencia de la cosm\u00e9tica. Un kit completo para elaborar cremas suavizantes, protector y brillo labial, sombra para p\u00e1rpados, perfume s\u00f3lido y otras actividades.<\/p>\n<p>Medida del cubo: 12 cm de cada lado.<\/p>\n<p><strong>Este kit contiene<\/strong><\/p>\n<ul>\n<li>Cera de abeja<\/li>\n<li>Manteca de cacao<\/li>\n<li>Lanolina<\/li>\n<li>Aceite de almendras<\/li>\n<li>Aceite de Ricino<\/li>\n<li>Esencia para perfumar<\/li>\n<li>Colorantes para cosm\u00e9tica<\/li>\n<li>Gibr\u00e9<\/li>\n<li>Potes descartables<\/li>\n<li>Vaso Medidor<\/li>\n<li>Cucharas medidoras<\/li>\n<li>Esp\u00e1tulas de madera<\/li>\n<li>Potes para envasar<\/li>\n<li>Envase de l\u00e1piz labial<\/li>\n<li>Etiquetas<\/li>\n<li>Gu\u00eda con actividades<\/li>\n<\/ul>\n<p>+8 A\u00d1OS<\/p>\n","protected":false},"featured_media":18340,"comment_status":"closed","ping_status":"closed","template":"","meta":{"site-sidebar-layout":"default","site-content-layout":"","ast-site-content-layout":"","site-content-style":"default","site-sidebar-style":"default","ast-global-header-display":"","ast-banner-title-visibility":"","ast-main-header-display":"","ast-hfb-above-header-display":"","ast-hfb-below-header-display":"","ast-hfb-mobile-header-display":"","site-post-title":"","ast-breadcrumbs-content":"","ast-featured-img":"","footer-sml-layout":"","theme-transparent-header-meta":"","adv-header-id-meta":"","stick-header-meta":"","header-above-stick-meta":"","header-main-stick-meta":"","header-below-stick-meta":"","astra-migrate-meta-layouts":"default","ast-page-background-enabled":"default","ast-page-background-meta":{"desktop":{"background-color":"","background-image":"","background-repeat":"repeat","background-position":"center center","background-size":"auto","background-attachment":"scroll","background-type":"","background-media":"","overlay-type":"","overlay-color":"","overlay-opacity":"","overlay-gradient":""},"tablet":{"background-color":"","background-image":"","background-repeat":"repeat","background-position":"center center","background-size":"auto","background-attachment":"scroll","background-type":"","background-media":"","overlay-type":"","overlay-color":"","overlay-opacity":"","overlay-gradient":""},"mobile":{"background-color":"","background-image":"","background-repeat":"repeat","background-position":"center center","background-size":"auto","background-attachment":"scroll","background-type":"","background-media":"","overlay-type":"","overlay-color":"","overlay-opacity":"","overlay-gradient":""}},"ast-content-background-meta":{"desktop":{"background-color":"var(--ast-global-color-5)","background-image":"","background-repeat":"repeat","background-position":"center center","background-size":"auto","background-attachment":"scroll","background-type":"","background-media":"","overlay-type":"","overlay-color":"","overlay-opacity":"","overlay-gradient":""},"tablet":{"background-color":"var(--ast-global-color-5)","background-image":"","background-repeat":"repeat","background-position":"center center","background-size":"auto","background-attachment":"scroll","background-type":"","background-media":"","overlay-type":"","overlay-color":"","overlay-opacity":"","overlay-gradient":""},"mobile":{"background-color":"var(--ast-global-color-5)","background-image":"","background-repeat":"repeat","background-position":"center center","background-size":"auto","background-attachment":"scroll","background-type":"","background-media":"","overlay-type":"","overlay-color":"","overlay-opacity":"","overlay-gradient":""}},"spay_email":""},"product_cat":[167,75],"product_tag":[],"_links":{"self":[{"href":"https:\/\/jugueterialudico.com.ar\/index.php?rest_route=\/wp\/v2\/product\/18336"}],"collection":[{"href":"https:\/\/jugueterialudico.com.ar\/index.php?rest_route=\/wp\/v2\/product"}],"about":[{"href":"https:\/\/jugueterialudico.com.ar\/index.php?rest_route=\/wp\/v2\/types\/product"}],"replies":[{"embeddable":true,"href":"https:\/\/jugueterialudico.com.ar\/index.php?rest_route=%2Fwp%2Fv2%2Fcomments&post=18336"}],"wp:featuredmedia":[{"embeddable":true,"href":"https:\/\/jugueterialudico.com.ar\/index.php?rest_route=\/wp\/v2\/media\/18340"}],"wp:attachment":[{"href":"https:\/\/jugueterialudico.com.ar\/index.php?rest_route=%2Fwp%2Fv2%2Fmedia&parent=18336"}],"wp:term":[{"taxonomy":"product_cat","embeddable":true,"href":"https:\/\/jugueterialudico.com.ar\/index.php?rest_route=%2Fwp%2Fv2%2Fproduct_cat&post=18336"},{"taxonomy":"product_tag","embeddable":true,"href":"https:\/\/jugueterialudico.com.ar\/index.php?rest_route=%2Fwp%2Fv2%2Fproduct_tag&post=18336"}],"curies":[{"name":"wp","href":"https:\/\/api.w.org\/{rel}","templated":true}]}}