{"id":18341,"date":"2020-07-19T20:15:52","date_gmt":"2020-07-19T23:15:52","guid":{"rendered":"https:\/\/jugueterialudico.com.ar\/?post_type=product&#038;p=18341"},"modified":"2025-07-07T11:02:09","modified_gmt":"2025-07-07T14:02:09","slug":"masa-elastica","status":"publish","type":"product","link":"https:\/\/jugueterialudico.com.ar\/?product=masa-elastica","title":{"rendered":"MASA EL\u00c1STICA &#8211; 028"},"content":{"rendered":"","protected":false},"excerpt":{"rendered":"<p>El kit te invita a jugar y aprender sobre la ciencia de los pol\u00edmeros, encontrar\u00e1s en el mismo adhesivo vin\u00edlico, un pol\u00edmero artificial.<\/p>\n<p>El ni\u00f1o podr\u00e1 fabricar nuevos materiales con caracter\u00edsticas singulares, que se comportan como s\u00f3lidos y l\u00edquidos a la vez. Se podr\u00e1 hacer desde un \u201cmoco coloreado\u201d que se estira a voluntad, hasta una pelotita picadora.<\/p>\n<p>Medida del cubo: 10cm de cada lado.<\/p>\n<p><strong>Desarrollo de Habilidades<\/strong><\/p>\n<ul>\n<li>Realizar\u00e1s las f\u00f3rmulas que te propone Curiosos Kits y variar\u00e1s los materiales para evaluar diferentes resultados<\/li>\n<li>Utensilios a utilizar, vaso y cuchara medidora.<\/li>\n<li>Usaras tus sentidos y despertar\u00e1s curiosidad a nuevos desaf\u00edos.<\/li>\n<\/ul>\n<p><strong>Este Kit contiene<\/strong><\/p>\n<ul>\n<li>Almid\u00f3n de Ma\u00edz<\/li>\n<li>Borato de Sodio<\/li>\n<li>Adhesivo Vin\u00edlico<\/li>\n<li>Vaso medidor<\/li>\n<li>Cuchara medidora<\/li>\n<li>Colorante alimenticio<\/li>\n<li>Potes descartables para realizar la experiencia y conservarla<\/li>\n<li>Esp\u00e1tula de madera<\/li>\n<li>Gu\u00eda con actividades<\/li>\n<\/ul>\n<p>+8 A\u00d1OS<\/p>\n","protected":false},"featured_media":18342,"comment_status":"closed","ping_status":"closed","template":"","meta":{"site-sidebar-layout":"default","site-content-layout":"","ast-site-content-layout":"","site-content-style":"default","site-sidebar-style":"default","ast-global-header-display":"","ast-banner-title-visibility":"","ast-main-header-display":"","ast-hfb-above-header-display":"","ast-hfb-below-header-display":"","ast-hfb-mobile-header-display":"","site-post-title":"","ast-breadcrumbs-content":"","ast-featured-img":"","footer-sml-layout":"","theme-transparent-header-meta":"","adv-header-id-meta":"","stick-header-meta":"","header-above-stick-meta":"","header-main-stick-meta":"","header-below-stick-meta":"","astra-migrate-meta-layouts":"default","ast-page-background-enabled":"default","ast-page-background-meta":{"desktop":{"background-color":"","background-image":"","background-repeat":"repeat","background-position":"center center","background-size":"auto","background-attachment":"scroll","background-type":"","background-media":"","overlay-type":"","overlay-color":"","overlay-opacity":"","overlay-gradient":""},"tablet":{"background-color":"","background-image":"","background-repeat":"repeat","background-position":"center center","background-size":"auto","background-attachment":"scroll","background-type":"","background-media":"","overlay-type":"","overlay-color":"","overlay-opacity":"","overlay-gradient":""},"mobile":{"background-color":"","background-image":"","background-repeat":"repeat","background-position":"center center","background-size":"auto","background-attachment":"scroll","background-type":"","background-media":"","overlay-type":"","overlay-color":"","overlay-opacity":"","overlay-gradient":""}},"ast-content-background-meta":{"desktop":{"background-color":"var(--ast-global-color-5)","background-image":"","background-repeat":"repeat","background-position":"center center","background-size":"auto","background-attachment":"scroll","background-type":"","background-media":"","overlay-type":"","overlay-color":"","overlay-opacity":"","overlay-gradient":""},"tablet":{"background-color":"var(--ast-global-color-5)","background-image":"","background-repeat":"repeat","background-position":"center center","background-size":"auto","background-attachment":"scroll","background-type":"","background-media":"","overlay-type":"","overlay-color":"","overlay-opacity":"","overlay-gradient":""},"mobile":{"background-color":"var(--ast-global-color-5)","background-image":"","background-repeat":"repeat","background-position":"center center","background-size":"auto","background-attachment":"scroll","background-type":"","background-media":"","overlay-type":"","overlay-color":"","overlay-opacity":"","overlay-gradient":""}},"spay_email":""},"product_cat":[167,75],"product_tag":[],"_links":{"self":[{"href":"https:\/\/jugueterialudico.com.ar\/index.php?rest_route=\/wp\/v2\/product\/18341"}],"collection":[{"href":"https:\/\/jugueterialudico.com.ar\/index.php?rest_route=\/wp\/v2\/product"}],"about":[{"href":"https:\/\/jugueterialudico.com.ar\/index.php?rest_route=\/wp\/v2\/types\/product"}],"replies":[{"embeddable":true,"href":"https:\/\/jugueterialudico.com.ar\/index.php?rest_route=%2Fwp%2Fv2%2Fcomments&post=18341"}],"wp:featuredmedia":[{"embeddable":true,"href":"https:\/\/jugueterialudico.com.ar\/index.php?rest_route=\/wp\/v2\/media\/18342"}],"wp:attachment":[{"href":"https:\/\/jugueterialudico.com.ar\/index.php?rest_route=%2Fwp%2Fv2%2Fmedia&parent=18341"}],"wp:term":[{"taxonomy":"product_cat","embeddable":true,"href":"https:\/\/jugueterialudico.com.ar\/index.php?rest_route=%2Fwp%2Fv2%2Fproduct_cat&post=18341"},{"taxonomy":"product_tag","embeddable":true,"href":"https:\/\/jugueterialudico.com.ar\/index.php?rest_route=%2Fwp%2Fv2%2Fproduct_tag&post=18341"}],"curies":[{"name":"wp","href":"https:\/\/api.w.org\/{rel}","templated":true}]}}