{"id":18344,"date":"2020-07-19T20:19:38","date_gmt":"2020-07-19T23:19:38","guid":{"rendered":"https:\/\/jugueterialudico.com.ar\/?post_type=product&#038;p=18344"},"modified":"2025-12-29T10:36:02","modified_gmt":"2025-12-29T13:36:02","slug":"misterio-espumoso","status":"publish","type":"product","link":"https:\/\/jugueterialudico.com.ar\/?product=misterio-espumoso","title":{"rendered":"MISTERIO ESPUMOSO &#8211; 028"},"content":{"rendered":"","protected":false},"excerpt":{"rendered":"<p>Divertite con materiales cuyas mezclas producen reacciones qu\u00edmicas efervescentes. Juego para aprender y divertirte con las mezclas y reacciones qu\u00edmicas con espuma.<\/p>\n<p>Sab\u00e9s que tienen un com\u00fan: una bebida gaseosa, unas bombas perfumadas para el ba\u00f1o y una rica torta, te desaf\u00edo a que lo descubras jugando.<\/p>\n<p>Medida del cubo: 10 cm de cada lado.<\/p>\n<p><strong>Desarrollo de habilidades<\/strong><\/p>\n<ul>\n<li>Observar\u00e1s , clasificar\u00e1s y medir\u00e1s diferentes materiales<\/li>\n<li>Analizar\u00e1s semejanzas y diferencias, estado material, consistencia, etc<\/li>\n<li>Comparar\u00e1s resultados y variar\u00e1s material para ver los diversos resultados<\/li>\n<\/ul>\n<p><strong>Este Kit contiene<\/strong><\/p>\n<ul>\n<li>Bicarbonato de sodio<\/li>\n<li>\u00c1cido c\u00edtrico<\/li>\n<li>\u00c1cido tart\u00e1rico<\/li>\n<li>Molde<\/li>\n<li>Vaso medidor<\/li>\n<li>Cuchara medidora<\/li>\n<li>Esencia coloreada<\/li>\n<li>Guante l\u00e1tex descartable<\/li>\n<li>Pote descartable<\/li>\n<li>Esp\u00e1tula de madera<\/li>\n<li>Gu\u00eda con actividades<\/li>\n<\/ul>\n<p>+8 A\u00d1OS<\/p>\n","protected":false},"featured_media":18345,"comment_status":"closed","ping_status":"closed","template":"","meta":{"site-sidebar-layout":"default","site-content-layout":"","ast-site-content-layout":"","site-content-style":"default","site-sidebar-style":"default","ast-global-header-display":"","ast-banner-title-visibility":"","ast-main-header-display":"","ast-hfb-above-header-display":"","ast-hfb-below-header-display":"","ast-hfb-mobile-header-display":"","site-post-title":"","ast-breadcrumbs-content":"","ast-featured-img":"","footer-sml-layout":"","theme-transparent-header-meta":"","adv-header-id-meta":"","stick-header-meta":"","header-above-stick-meta":"","header-main-stick-meta":"","header-below-stick-meta":"","astra-migrate-meta-layouts":"default","ast-page-background-enabled":"default","ast-page-background-meta":{"desktop":{"background-color":"","background-image":"","background-repeat":"repeat","background-position":"center center","background-size":"auto","background-attachment":"scroll","background-type":"","background-media":"","overlay-type":"","overlay-color":"","overlay-opacity":"","overlay-gradient":""},"tablet":{"background-color":"","background-image":"","background-repeat":"repeat","background-position":"center center","background-size":"auto","background-attachment":"scroll","background-type":"","background-media":"","overlay-type":"","overlay-color":"","overlay-opacity":"","overlay-gradient":""},"mobile":{"background-color":"","background-image":"","background-repeat":"repeat","background-position":"center center","background-size":"auto","background-attachment":"scroll","background-type":"","background-media":"","overlay-type":"","overlay-color":"","overlay-opacity":"","overlay-gradient":""}},"ast-content-background-meta":{"desktop":{"background-color":"var(--ast-global-color-5)","background-image":"","background-repeat":"repeat","background-position":"center center","background-size":"auto","background-attachment":"scroll","background-type":"","background-media":"","overlay-type":"","overlay-color":"","overlay-opacity":"","overlay-gradient":""},"tablet":{"background-color":"var(--ast-global-color-5)","background-image":"","background-repeat":"repeat","background-position":"center center","background-size":"auto","background-attachment":"scroll","background-type":"","background-media":"","overlay-type":"","overlay-color":"","overlay-opacity":"","overlay-gradient":""},"mobile":{"background-color":"var(--ast-global-color-5)","background-image":"","background-repeat":"repeat","background-position":"center center","background-size":"auto","background-attachment":"scroll","background-type":"","background-media":"","overlay-type":"","overlay-color":"","overlay-opacity":"","overlay-gradient":""}},"spay_email":""},"product_cat":[167,75],"product_tag":[],"_links":{"self":[{"href":"https:\/\/jugueterialudico.com.ar\/index.php?rest_route=\/wp\/v2\/product\/18344"}],"collection":[{"href":"https:\/\/jugueterialudico.com.ar\/index.php?rest_route=\/wp\/v2\/product"}],"about":[{"href":"https:\/\/jugueterialudico.com.ar\/index.php?rest_route=\/wp\/v2\/types\/product"}],"replies":[{"embeddable":true,"href":"https:\/\/jugueterialudico.com.ar\/index.php?rest_route=%2Fwp%2Fv2%2Fcomments&post=18344"}],"wp:featuredmedia":[{"embeddable":true,"href":"https:\/\/jugueterialudico.com.ar\/index.php?rest_route=\/wp\/v2\/media\/18345"}],"wp:attachment":[{"href":"https:\/\/jugueterialudico.com.ar\/index.php?rest_route=%2Fwp%2Fv2%2Fmedia&parent=18344"}],"wp:term":[{"taxonomy":"product_cat","embeddable":true,"href":"https:\/\/jugueterialudico.com.ar\/index.php?rest_route=%2Fwp%2Fv2%2Fproduct_cat&post=18344"},{"taxonomy":"product_tag","embeddable":true,"href":"https:\/\/jugueterialudico.com.ar\/index.php?rest_route=%2Fwp%2Fv2%2Fproduct_tag&post=18344"}],"curies":[{"name":"wp","href":"https:\/\/api.w.org\/{rel}","templated":true}]}}