{"id":18348,"date":"2020-07-19T20:56:28","date_gmt":"2020-07-19T23:56:28","guid":{"rendered":"https:\/\/jugueterialudico.com.ar\/?post_type=product&#038;p=18348"},"modified":"2025-07-07T11:01:54","modified_gmt":"2025-07-07T14:01:54","slug":"ciencia-de-la-belleza","status":"publish","type":"product","link":"https:\/\/jugueterialudico.com.ar\/?product=ciencia-de-la-belleza","title":{"rendered":"CIENCIA DE LA BELLEZA &#8211; 028"},"content":{"rendered":"","protected":false},"excerpt":{"rendered":"<p><i>KIT PARA ARMAR TU PROPIO SPA<\/i><\/p>\n<p>Experiment\u00e1 y descubr\u00ed, jugando con la ciencia de las emulsiones. Un kit completo para elaborar tu propio Champ\u00fa, gel de ducha, espuma de ba\u00f1o, jab\u00f3n de esponja vegetal y sales coloreadas. Un verdadero SPA en casa!<\/p>\n<p>Medida del cubo: 12 cm de cada lado.<\/p>\n<p><strong>Este kit contiene<\/strong><\/p>\n<ul>\n<li>Lauril Sulfato de Sodio Etoxilado<\/li>\n<li>Beta\u00edna de Coco<\/li>\n<li>Anamida C<\/li>\n<li>Glicerina<\/li>\n<li>Cloruro de sodio<\/li>\n<li>Jab\u00f3n de Glicerina<\/li>\n<li>Sal Marina<\/li>\n<li>Vaso medidor<\/li>\n<li>Potes descartables<\/li>\n<li>Cucharas medidoras<\/li>\n<li>Esp\u00e1tulas de madera<\/li>\n<li>Esencia coloreada<\/li>\n<li>Esponja vegetal<\/li>\n<li>Frascos para envasar<\/li>\n<li>Bolsas para envasar<\/li>\n<li>Etiquetas<\/li>\n<li>Gu\u00eda con actividades<\/li>\n<\/ul>\n<p>+8 A\u00d1OS<\/p>\n","protected":false},"featured_media":18349,"comment_status":"closed","ping_status":"closed","template":"","meta":{"site-sidebar-layout":"default","site-content-layout":"","ast-site-content-layout":"","site-content-style":"default","site-sidebar-style":"default","ast-global-header-display":"","ast-banner-title-visibility":"","ast-main-header-display":"","ast-hfb-above-header-display":"","ast-hfb-below-header-display":"","ast-hfb-mobile-header-display":"","site-post-title":"","ast-breadcrumbs-content":"","ast-featured-img":"","footer-sml-layout":"","theme-transparent-header-meta":"","adv-header-id-meta":"","stick-header-meta":"","header-above-stick-meta":"","header-main-stick-meta":"","header-below-stick-meta":"","astra-migrate-meta-layouts":"default","ast-page-background-enabled":"default","ast-page-background-meta":{"desktop":{"background-color":"","background-image":"","background-repeat":"repeat","background-position":"center center","background-size":"auto","background-attachment":"scroll","background-type":"","background-media":"","overlay-type":"","overlay-color":"","overlay-opacity":"","overlay-gradient":""},"tablet":{"background-color":"","background-image":"","background-repeat":"repeat","background-position":"center center","background-size":"auto","background-attachment":"scroll","background-type":"","background-media":"","overlay-type":"","overlay-color":"","overlay-opacity":"","overlay-gradient":""},"mobile":{"background-color":"","background-image":"","background-repeat":"repeat","background-position":"center center","background-size":"auto","background-attachment":"scroll","background-type":"","background-media":"","overlay-type":"","overlay-color":"","overlay-opacity":"","overlay-gradient":""}},"ast-content-background-meta":{"desktop":{"background-color":"var(--ast-global-color-5)","background-image":"","background-repeat":"repeat","background-position":"center center","background-size":"auto","background-attachment":"scroll","background-type":"","background-media":"","overlay-type":"","overlay-color":"","overlay-opacity":"","overlay-gradient":""},"tablet":{"background-color":"var(--ast-global-color-5)","background-image":"","background-repeat":"repeat","background-position":"center center","background-size":"auto","background-attachment":"scroll","background-type":"","background-media":"","overlay-type":"","overlay-color":"","overlay-opacity":"","overlay-gradient":""},"mobile":{"background-color":"var(--ast-global-color-5)","background-image":"","background-repeat":"repeat","background-position":"center center","background-size":"auto","background-attachment":"scroll","background-type":"","background-media":"","overlay-type":"","overlay-color":"","overlay-opacity":"","overlay-gradient":""}},"spay_email":""},"product_cat":[167,75],"product_tag":[],"_links":{"self":[{"href":"https:\/\/jugueterialudico.com.ar\/index.php?rest_route=\/wp\/v2\/product\/18348"}],"collection":[{"href":"https:\/\/jugueterialudico.com.ar\/index.php?rest_route=\/wp\/v2\/product"}],"about":[{"href":"https:\/\/jugueterialudico.com.ar\/index.php?rest_route=\/wp\/v2\/types\/product"}],"replies":[{"embeddable":true,"href":"https:\/\/jugueterialudico.com.ar\/index.php?rest_route=%2Fwp%2Fv2%2Fcomments&post=18348"}],"wp:featuredmedia":[{"embeddable":true,"href":"https:\/\/jugueterialudico.com.ar\/index.php?rest_route=\/wp\/v2\/media\/18349"}],"wp:attachment":[{"href":"https:\/\/jugueterialudico.com.ar\/index.php?rest_route=%2Fwp%2Fv2%2Fmedia&parent=18348"}],"wp:term":[{"taxonomy":"product_cat","embeddable":true,"href":"https:\/\/jugueterialudico.com.ar\/index.php?rest_route=%2Fwp%2Fv2%2Fproduct_cat&post=18348"},{"taxonomy":"product_tag","embeddable":true,"href":"https:\/\/jugueterialudico.com.ar\/index.php?rest_route=%2Fwp%2Fv2%2Fproduct_tag&post=18348"}],"curies":[{"name":"wp","href":"https:\/\/api.w.org\/{rel}","templated":true}]}}