{"id":18350,"date":"2020-07-20T01:36:02","date_gmt":"2020-07-20T04:36:02","guid":{"rendered":"https:\/\/jugueterialudico.com.ar\/?post_type=product&#038;p=18350"},"modified":"2025-07-07T11:01:46","modified_gmt":"2025-07-07T14:01:46","slug":"sandwiches-de-liquidos","status":"publish","type":"product","link":"https:\/\/jugueterialudico.com.ar\/?product=sandwiches-de-liquidos","title":{"rendered":"SANDWICHES DE LIQUIDOS &#8211; 028"},"content":{"rendered":"","protected":false},"excerpt":{"rendered":"<p>La propuesta de este kit es hacer capas de agua de distintos colores sin que se mezclen. El ni\u00f1o, jugando, se introduce en un interesante tema de F\u00edsica que es la densidad de los l\u00edquidos.<\/p>\n<p>Los ni\u00f1os intentar\u00e1n resolver el desaf\u00edo planteado, haciendo conexiones entre sus experiencias y conocimientos previos sobre l\u00edquidos inmiscibles (por ej. agua y aceite) y la separaci\u00f3n, en capas de colores, de un mismo l\u00edquido (agua).<\/p>\n<p>Medida del cubo: 10 cm de cada lado.<\/p>\n<p><strong>Desarrollo de habilidades<\/strong><\/p>\n<ul>\n<li>Los sorprender\u00e1 comprobar que en algunas combinaciones de colores, los l\u00edquidos se mezclan y en otras, no. Deber\u00e1n averiguar por qu\u00e9 puede estar sucediendo este fen\u00f3meno.<\/li>\n<li>Podr\u00e1n experimentar, agregando m\u00e1s capas coloreadas.<\/li>\n<li>Aprender\u00e1n sobre una propiedad espec\u00edfica de los materiales: la densidad.<\/li>\n<li>Utilizar\u00e1s utensilios de laboratorio como tubos, cuenta gotas, vaso y cuchara medidora.<\/li>\n<\/ul>\n<p><strong>Este kit contiene<\/strong><\/p>\n<ul>\n<li>Tubos Pl\u00e1sticos<\/li>\n<li>Cloruro de sodio<\/li>\n<li>Frasquitos con 2 colorante alimenticio<\/li>\n<li>Esp\u00e1tula de madera<\/li>\n<li>Potes descartables<\/li>\n<li>Gotero<\/li>\n<li>Sorbetes<\/li>\n<li>Cuchara medidora<\/li>\n<li>Vaso medidor<\/li>\n<li>Gu\u00eda con actividades<\/li>\n<\/ul>\n<p>+8 A\u00d1OS<\/p>\n","protected":false},"featured_media":18351,"comment_status":"closed","ping_status":"closed","template":"","meta":{"site-sidebar-layout":"default","site-content-layout":"","ast-site-content-layout":"","site-content-style":"default","site-sidebar-style":"default","ast-global-header-display":"","ast-banner-title-visibility":"","ast-main-header-display":"","ast-hfb-above-header-display":"","ast-hfb-below-header-display":"","ast-hfb-mobile-header-display":"","site-post-title":"","ast-breadcrumbs-content":"","ast-featured-img":"","footer-sml-layout":"","theme-transparent-header-meta":"","adv-header-id-meta":"","stick-header-meta":"","header-above-stick-meta":"","header-main-stick-meta":"","header-below-stick-meta":"","astra-migrate-meta-layouts":"default","ast-page-background-enabled":"default","ast-page-background-meta":{"desktop":{"background-color":"","background-image":"","background-repeat":"repeat","background-position":"center center","background-size":"auto","background-attachment":"scroll","background-type":"","background-media":"","overlay-type":"","overlay-color":"","overlay-opacity":"","overlay-gradient":""},"tablet":{"background-color":"","background-image":"","background-repeat":"repeat","background-position":"center center","background-size":"auto","background-attachment":"scroll","background-type":"","background-media":"","overlay-type":"","overlay-color":"","overlay-opacity":"","overlay-gradient":""},"mobile":{"background-color":"","background-image":"","background-repeat":"repeat","background-position":"center center","background-size":"auto","background-attachment":"scroll","background-type":"","background-media":"","overlay-type":"","overlay-color":"","overlay-opacity":"","overlay-gradient":""}},"ast-content-background-meta":{"desktop":{"background-color":"var(--ast-global-color-5)","background-image":"","background-repeat":"repeat","background-position":"center center","background-size":"auto","background-attachment":"scroll","background-type":"","background-media":"","overlay-type":"","overlay-color":"","overlay-opacity":"","overlay-gradient":""},"tablet":{"background-color":"var(--ast-global-color-5)","background-image":"","background-repeat":"repeat","background-position":"center center","background-size":"auto","background-attachment":"scroll","background-type":"","background-media":"","overlay-type":"","overlay-color":"","overlay-opacity":"","overlay-gradient":""},"mobile":{"background-color":"var(--ast-global-color-5)","background-image":"","background-repeat":"repeat","background-position":"center center","background-size":"auto","background-attachment":"scroll","background-type":"","background-media":"","overlay-type":"","overlay-color":"","overlay-opacity":"","overlay-gradient":""}},"spay_email":""},"product_cat":[167,75],"product_tag":[],"_links":{"self":[{"href":"https:\/\/jugueterialudico.com.ar\/index.php?rest_route=\/wp\/v2\/product\/18350"}],"collection":[{"href":"https:\/\/jugueterialudico.com.ar\/index.php?rest_route=\/wp\/v2\/product"}],"about":[{"href":"https:\/\/jugueterialudico.com.ar\/index.php?rest_route=\/wp\/v2\/types\/product"}],"replies":[{"embeddable":true,"href":"https:\/\/jugueterialudico.com.ar\/index.php?rest_route=%2Fwp%2Fv2%2Fcomments&post=18350"}],"wp:featuredmedia":[{"embeddable":true,"href":"https:\/\/jugueterialudico.com.ar\/index.php?rest_route=\/wp\/v2\/media\/18351"}],"wp:attachment":[{"href":"https:\/\/jugueterialudico.com.ar\/index.php?rest_route=%2Fwp%2Fv2%2Fmedia&parent=18350"}],"wp:term":[{"taxonomy":"product_cat","embeddable":true,"href":"https:\/\/jugueterialudico.com.ar\/index.php?rest_route=%2Fwp%2Fv2%2Fproduct_cat&post=18350"},{"taxonomy":"product_tag","embeddable":true,"href":"https:\/\/jugueterialudico.com.ar\/index.php?rest_route=%2Fwp%2Fv2%2Fproduct_tag&post=18350"}],"curies":[{"name":"wp","href":"https:\/\/api.w.org\/{rel}","templated":true}]}}