{"id":18352,"date":"2020-07-20T01:41:27","date_gmt":"2020-07-20T04:41:27","guid":{"rendered":"https:\/\/jugueterialudico.com.ar\/?post_type=product&#038;p=18352"},"modified":"2025-12-29T10:35:25","modified_gmt":"2025-12-29T13:35:25","slug":"una-extrana-carta","status":"publish","type":"product","link":"https:\/\/jugueterialudico.com.ar\/?product=una-extrana-carta","title":{"rendered":"UNA EXTRA\u00d1A CARTA &#8211; 028"},"content":{"rendered":"","protected":false},"excerpt":{"rendered":"<p><span lang=\"ES\">Un cuento que te atrapar\u00e1 y te desafiar\u00e1 a descubrir la escritura y la tinta invisible.<\/span><\/p>\n<p><span lang=\"ES\">Un juego en el que permanecer\u00e1 la intriga y el suspenso hasta develar la misteriosa historia de la carta invisible. Situada cronol\u00f3gicamente, en un contexto hist\u00f3rico que sucedi\u00f3 en\u00a0la Argentina, en los inicios del gobierno patrio del Virreinato del Rio de\u00a0la Plata\u00a0all\u00e1 por 1812 o 13.<\/span><\/p>\n<p><span lang=\"ES\">Por \u00faltimo, aprender\u00e1n una de las primeras tintas utilizadas en la antig\u00fcedad.<\/span><\/p>\n<p>Dimensiones de cada tubo: 16 cms de alto y 4.5 cms de di\u00e1metro.<\/p>\n<p>Desarrollo de Habilidades<\/p>\n<ul>\n<li>Realizar\u00e1s las f\u00f3rmulas que te propone Curiosos Kits y variar\u00e1s los materiales para evaluar diferentes resultados<\/li>\n<li>Utensilios a utilizar, vaso y cuchara medidora.<\/li>\n<li>Usaras tus sentidos y despertar\u00e1s curiosidad a nuevos desaf\u00edos.<\/li>\n<\/ul>\n<p>Este Kit contiene<\/p>\n<ul>\n<li>Palillos<\/li>\n<li>Sulfato Ferroso<\/li>\n<li>Vela<\/li>\n<li>Esp\u00e1tula de madera<\/li>\n<li>Saquito de t\u00e9<\/li>\n<li>Vaso medidor<\/li>\n<li>Cuchara medidora<\/li>\n<li>\u00c1cido C\u00edtrico<\/li>\n<li>Algod\u00f3n<\/li>\n<\/ul>\n<p>+8 A\u00d1OS<\/p>\n","protected":false},"featured_media":18353,"comment_status":"closed","ping_status":"closed","template":"","meta":{"site-sidebar-layout":"default","site-content-layout":"","ast-site-content-layout":"","site-content-style":"default","site-sidebar-style":"default","ast-global-header-display":"","ast-banner-title-visibility":"","ast-main-header-display":"","ast-hfb-above-header-display":"","ast-hfb-below-header-display":"","ast-hfb-mobile-header-display":"","site-post-title":"","ast-breadcrumbs-content":"","ast-featured-img":"","footer-sml-layout":"","theme-transparent-header-meta":"","adv-header-id-meta":"","stick-header-meta":"","header-above-stick-meta":"","header-main-stick-meta":"","header-below-stick-meta":"","astra-migrate-meta-layouts":"default","ast-page-background-enabled":"default","ast-page-background-meta":{"desktop":{"background-color":"","background-image":"","background-repeat":"repeat","background-position":"center center","background-size":"auto","background-attachment":"scroll","background-type":"","background-media":"","overlay-type":"","overlay-color":"","overlay-opacity":"","overlay-gradient":""},"tablet":{"background-color":"","background-image":"","background-repeat":"repeat","background-position":"center center","background-size":"auto","background-attachment":"scroll","background-type":"","background-media":"","overlay-type":"","overlay-color":"","overlay-opacity":"","overlay-gradient":""},"mobile":{"background-color":"","background-image":"","background-repeat":"repeat","background-position":"center center","background-size":"auto","background-attachment":"scroll","background-type":"","background-media":"","overlay-type":"","overlay-color":"","overlay-opacity":"","overlay-gradient":""}},"ast-content-background-meta":{"desktop":{"background-color":"var(--ast-global-color-5)","background-image":"","background-repeat":"repeat","background-position":"center center","background-size":"auto","background-attachment":"scroll","background-type":"","background-media":"","overlay-type":"","overlay-color":"","overlay-opacity":"","overlay-gradient":""},"tablet":{"background-color":"var(--ast-global-color-5)","background-image":"","background-repeat":"repeat","background-position":"center center","background-size":"auto","background-attachment":"scroll","background-type":"","background-media":"","overlay-type":"","overlay-color":"","overlay-opacity":"","overlay-gradient":""},"mobile":{"background-color":"var(--ast-global-color-5)","background-image":"","background-repeat":"repeat","background-position":"center center","background-size":"auto","background-attachment":"scroll","background-type":"","background-media":"","overlay-type":"","overlay-color":"","overlay-opacity":"","overlay-gradient":""}},"spay_email":""},"product_cat":[167,75],"product_tag":[],"_links":{"self":[{"href":"https:\/\/jugueterialudico.com.ar\/index.php?rest_route=\/wp\/v2\/product\/18352"}],"collection":[{"href":"https:\/\/jugueterialudico.com.ar\/index.php?rest_route=\/wp\/v2\/product"}],"about":[{"href":"https:\/\/jugueterialudico.com.ar\/index.php?rest_route=\/wp\/v2\/types\/product"}],"replies":[{"embeddable":true,"href":"https:\/\/jugueterialudico.com.ar\/index.php?rest_route=%2Fwp%2Fv2%2Fcomments&post=18352"}],"wp:featuredmedia":[{"embeddable":true,"href":"https:\/\/jugueterialudico.com.ar\/index.php?rest_route=\/wp\/v2\/media\/18353"}],"wp:attachment":[{"href":"https:\/\/jugueterialudico.com.ar\/index.php?rest_route=%2Fwp%2Fv2%2Fmedia&parent=18352"}],"wp:term":[{"taxonomy":"product_cat","embeddable":true,"href":"https:\/\/jugueterialudico.com.ar\/index.php?rest_route=%2Fwp%2Fv2%2Fproduct_cat&post=18352"},{"taxonomy":"product_tag","embeddable":true,"href":"https:\/\/jugueterialudico.com.ar\/index.php?rest_route=%2Fwp%2Fv2%2Fproduct_tag&post=18352"}],"curies":[{"name":"wp","href":"https:\/\/api.w.org\/{rel}","templated":true}]}}