{"id":18355,"date":"2020-07-20T01:46:07","date_gmt":"2020-07-20T04:46:07","guid":{"rendered":"https:\/\/jugueterialudico.com.ar\/?post_type=product&#038;p=18355"},"modified":"2025-07-07T11:01:21","modified_gmt":"2025-07-07T14:01:21","slug":"pelea-de-los-colores","status":"publish","type":"product","link":"https:\/\/jugueterialudico.com.ar\/?product=pelea-de-los-colores","title":{"rendered":"PELEA DE LOS COLORES &#8211; 028"},"content":{"rendered":"","protected":false},"excerpt":{"rendered":"<p><span lang=\"ES\">Un cuento que te atrapar\u00e1 y te desafiar\u00e1 tu curiosidad, acerca del enigm\u00e1tico enfrentamiento entre el blanco y el negro.<\/span><\/p>\n<p><span lang=\"ES\">Entr\u00e1 en el apasionante mundo de la ciencia y descubr\u00ed experimentando, sobre la cromatograf\u00eda, el m\u00e9todo de separaci\u00f3n de diferentes sustancia qu\u00edmicas que componen un color.\u00a0<\/span><\/p>\n<p><span lang=\"ES\">Enterate porque el negro domina todos los colores y el blanco s\u00f3lo se adjudica 7 colores como verdaderos.<\/span><\/p>\n<p><span lang=\"ES\">Por \u00faltimo, te desafiamos a construir tu propio disco de Newton.<\/span><\/p>\n<p>Dimensiones de cada tubo: 16 cms de alto y 4.5 cms de di\u00e1metro.<\/p>\n<p>Este Kit contiene<\/p>\n<ul>\n<li>Algod\u00f3n<\/li>\n<li>Vaso medidor<\/li>\n<li>Marcador negro<\/li>\n<li>Disco de colores<\/li>\n<li>Esp\u00e1tulas de madera<\/li>\n<li>Discos de filtro de papel<\/li>\n<li>Cloruro de sodio<\/li>\n<li>Trompo<\/li>\n<li>Broche<\/li>\n<\/ul>\n<p>+8 A\u00d1OS<\/p>\n","protected":false},"featured_media":18356,"comment_status":"closed","ping_status":"closed","template":"","meta":{"site-sidebar-layout":"default","site-content-layout":"","ast-site-content-layout":"","site-content-style":"default","site-sidebar-style":"default","ast-global-header-display":"","ast-banner-title-visibility":"","ast-main-header-display":"","ast-hfb-above-header-display":"","ast-hfb-below-header-display":"","ast-hfb-mobile-header-display":"","site-post-title":"","ast-breadcrumbs-content":"","ast-featured-img":"","footer-sml-layout":"","theme-transparent-header-meta":"","adv-header-id-meta":"","stick-header-meta":"","header-above-stick-meta":"","header-main-stick-meta":"","header-below-stick-meta":"","astra-migrate-meta-layouts":"default","ast-page-background-enabled":"default","ast-page-background-meta":{"desktop":{"background-color":"","background-image":"","background-repeat":"repeat","background-position":"center center","background-size":"auto","background-attachment":"scroll","background-type":"","background-media":"","overlay-type":"","overlay-color":"","overlay-opacity":"","overlay-gradient":""},"tablet":{"background-color":"","background-image":"","background-repeat":"repeat","background-position":"center center","background-size":"auto","background-attachment":"scroll","background-type":"","background-media":"","overlay-type":"","overlay-color":"","overlay-opacity":"","overlay-gradient":""},"mobile":{"background-color":"","background-image":"","background-repeat":"repeat","background-position":"center center","background-size":"auto","background-attachment":"scroll","background-type":"","background-media":"","overlay-type":"","overlay-color":"","overlay-opacity":"","overlay-gradient":""}},"ast-content-background-meta":{"desktop":{"background-color":"var(--ast-global-color-5)","background-image":"","background-repeat":"repeat","background-position":"center center","background-size":"auto","background-attachment":"scroll","background-type":"","background-media":"","overlay-type":"","overlay-color":"","overlay-opacity":"","overlay-gradient":""},"tablet":{"background-color":"var(--ast-global-color-5)","background-image":"","background-repeat":"repeat","background-position":"center center","background-size":"auto","background-attachment":"scroll","background-type":"","background-media":"","overlay-type":"","overlay-color":"","overlay-opacity":"","overlay-gradient":""},"mobile":{"background-color":"var(--ast-global-color-5)","background-image":"","background-repeat":"repeat","background-position":"center center","background-size":"auto","background-attachment":"scroll","background-type":"","background-media":"","overlay-type":"","overlay-color":"","overlay-opacity":"","overlay-gradient":""}},"spay_email":""},"product_cat":[167,75],"product_tag":[],"_links":{"self":[{"href":"https:\/\/jugueterialudico.com.ar\/index.php?rest_route=\/wp\/v2\/product\/18355"}],"collection":[{"href":"https:\/\/jugueterialudico.com.ar\/index.php?rest_route=\/wp\/v2\/product"}],"about":[{"href":"https:\/\/jugueterialudico.com.ar\/index.php?rest_route=\/wp\/v2\/types\/product"}],"replies":[{"embeddable":true,"href":"https:\/\/jugueterialudico.com.ar\/index.php?rest_route=%2Fwp%2Fv2%2Fcomments&post=18355"}],"wp:featuredmedia":[{"embeddable":true,"href":"https:\/\/jugueterialudico.com.ar\/index.php?rest_route=\/wp\/v2\/media\/18356"}],"wp:attachment":[{"href":"https:\/\/jugueterialudico.com.ar\/index.php?rest_route=%2Fwp%2Fv2%2Fmedia&parent=18355"}],"wp:term":[{"taxonomy":"product_cat","embeddable":true,"href":"https:\/\/jugueterialudico.com.ar\/index.php?rest_route=%2Fwp%2Fv2%2Fproduct_cat&post=18355"},{"taxonomy":"product_tag","embeddable":true,"href":"https:\/\/jugueterialudico.com.ar\/index.php?rest_route=%2Fwp%2Fv2%2Fproduct_tag&post=18355"}],"curies":[{"name":"wp","href":"https:\/\/api.w.org\/{rel}","templated":true}]}}