{"id":18358,"date":"2020-07-20T01:45:57","date_gmt":"2020-07-20T04:45:57","guid":{"rendered":"https:\/\/jugueterialudico.com.ar\/?post_type=product&#038;p=18358"},"modified":"2025-07-07T11:01:31","modified_gmt":"2025-07-07T14:01:31","slug":"raton-no-desesperes","status":"publish","type":"product","link":"https:\/\/jugueterialudico.com.ar\/?product=raton-no-desesperes","title":{"rendered":"RAT\u00d3N NO DESESPERES &#8211; 028"},"content":{"rendered":"","protected":false},"excerpt":{"rendered":"<p><span lang=\"ES\">A trav\u00e9s de la experimentaci\u00f3n podr\u00e1n observar y dejar en evidencia c\u00f3mo la villana de la boca y sus secuaces act\u00faan lentamente y en silencio da\u00f1ando la dentadura, descubriendo que el cepillado es lo m\u00e1s valioso para el cuidado de los dientes.<\/span><\/p>\n<p><span lang=\"ES\">Por \u00faltimo, realizar\u00e1n como actividad el desarrollo de una pasta dental artesanal, que podr\u00e1n utilizar orgullosos en el cepillado de sus dientes.<\/span><\/p>\n<p>Dimensiones de cada tubo: 16 cms de alto y 4.5 cms de di\u00e1metro.<\/p>\n<p>Este Kit contiene<\/p>\n<ul>\n<li>\u00c1cido C\u00edtrico<\/li>\n<li>Glicerina<\/li>\n<li>Etiquetas<\/li>\n<li>Vaso medidor<\/li>\n<li>Carbonato de Calcio<\/li>\n<li>Esp\u00e1tulas de madera<\/li>\n<li>Esencia alimenticia<\/li>\n<\/ul>\n<p>+8 A\u00d1OS<\/p>\n","protected":false},"featured_media":18359,"comment_status":"closed","ping_status":"closed","template":"","meta":{"site-sidebar-layout":"default","site-content-layout":"","ast-site-content-layout":"","site-content-style":"default","site-sidebar-style":"default","ast-global-header-display":"","ast-banner-title-visibility":"","ast-main-header-display":"","ast-hfb-above-header-display":"","ast-hfb-below-header-display":"","ast-hfb-mobile-header-display":"","site-post-title":"","ast-breadcrumbs-content":"","ast-featured-img":"","footer-sml-layout":"","theme-transparent-header-meta":"","adv-header-id-meta":"","stick-header-meta":"","header-above-stick-meta":"","header-main-stick-meta":"","header-below-stick-meta":"","astra-migrate-meta-layouts":"default","ast-page-background-enabled":"default","ast-page-background-meta":{"desktop":{"background-color":"","background-image":"","background-repeat":"repeat","background-position":"center center","background-size":"auto","background-attachment":"scroll","background-type":"","background-media":"","overlay-type":"","overlay-color":"","overlay-opacity":"","overlay-gradient":""},"tablet":{"background-color":"","background-image":"","background-repeat":"repeat","background-position":"center center","background-size":"auto","background-attachment":"scroll","background-type":"","background-media":"","overlay-type":"","overlay-color":"","overlay-opacity":"","overlay-gradient":""},"mobile":{"background-color":"","background-image":"","background-repeat":"repeat","background-position":"center center","background-size":"auto","background-attachment":"scroll","background-type":"","background-media":"","overlay-type":"","overlay-color":"","overlay-opacity":"","overlay-gradient":""}},"ast-content-background-meta":{"desktop":{"background-color":"var(--ast-global-color-5)","background-image":"","background-repeat":"repeat","background-position":"center center","background-size":"auto","background-attachment":"scroll","background-type":"","background-media":"","overlay-type":"","overlay-color":"","overlay-opacity":"","overlay-gradient":""},"tablet":{"background-color":"var(--ast-global-color-5)","background-image":"","background-repeat":"repeat","background-position":"center center","background-size":"auto","background-attachment":"scroll","background-type":"","background-media":"","overlay-type":"","overlay-color":"","overlay-opacity":"","overlay-gradient":""},"mobile":{"background-color":"var(--ast-global-color-5)","background-image":"","background-repeat":"repeat","background-position":"center center","background-size":"auto","background-attachment":"scroll","background-type":"","background-media":"","overlay-type":"","overlay-color":"","overlay-opacity":"","overlay-gradient":""}},"spay_email":""},"product_cat":[167,75],"product_tag":[],"_links":{"self":[{"href":"https:\/\/jugueterialudico.com.ar\/index.php?rest_route=\/wp\/v2\/product\/18358"}],"collection":[{"href":"https:\/\/jugueterialudico.com.ar\/index.php?rest_route=\/wp\/v2\/product"}],"about":[{"href":"https:\/\/jugueterialudico.com.ar\/index.php?rest_route=\/wp\/v2\/types\/product"}],"replies":[{"embeddable":true,"href":"https:\/\/jugueterialudico.com.ar\/index.php?rest_route=%2Fwp%2Fv2%2Fcomments&post=18358"}],"wp:featuredmedia":[{"embeddable":true,"href":"https:\/\/jugueterialudico.com.ar\/index.php?rest_route=\/wp\/v2\/media\/18359"}],"wp:attachment":[{"href":"https:\/\/jugueterialudico.com.ar\/index.php?rest_route=%2Fwp%2Fv2%2Fmedia&parent=18358"}],"wp:term":[{"taxonomy":"product_cat","embeddable":true,"href":"https:\/\/jugueterialudico.com.ar\/index.php?rest_route=%2Fwp%2Fv2%2Fproduct_cat&post=18358"},{"taxonomy":"product_tag","embeddable":true,"href":"https:\/\/jugueterialudico.com.ar\/index.php?rest_route=%2Fwp%2Fv2%2Fproduct_tag&post=18358"}],"curies":[{"name":"wp","href":"https:\/\/api.w.org\/{rel}","templated":true}]}}