{"id":18417,"date":"2020-07-27T02:10:22","date_gmt":"2020-07-27T05:10:22","guid":{"rendered":"https:\/\/jugueterialudico.com.ar\/?post_type=product&#038;p=18417"},"modified":"2026-02-10T12:35:53","modified_gmt":"2026-02-10T15:35:53","slug":"destreza-mental","status":"publish","type":"product","link":"https:\/\/jugueterialudico.com.ar\/?product=destreza-mental","title":{"rendered":"DESTREZA MENTAL -044"},"content":{"rendered":"","protected":false},"excerpt":{"rendered":"<p>Es un juego ideado, creado y desarrollado por especialistas en neurociencias dedicados al estudio del cerebro humano.<br \/>\nEl objetivo es aportar una herramienta l\u00fadica que ayude al mejoramiento de las funciones Mentales.<\/p>\n<p>ue creado con fundamentos cient\u00edficos actualizados y compartidos por la comunidad acad\u00e9mica<br \/>\nEst\u00e1 dirigido a la poblaci\u00f3n general para ser jugado desde los 10 a\u00f1os de edad en adelante.<\/p>\n<p>Asimismo est\u00e1 pensado para personas adultas cuyas funciones cognitivas requieran ejercitaci\u00f3n a fin de aumentar su rendimiento mental.<\/p>\n<p>Estimula zonas cerebrales espec\u00edficas relacionadas a funciones mentales bien determinadas.<\/p>\n<p>Desarrolla tambi\u00e9n la autonom\u00eda, la autoestima y la vinculaci\u00f3n social.<\/p>\n<p>Nuestro deseo es que sea disfrutado y compartido con el prop\u00f3sito de contribuir a una vida mental \u00f3ptima y saludable.<\/p>\n<p><strong>Jugadores\u00a0<\/strong>(puede jugarse en dos modalidades):<br \/>\nJuego individual: de 2 a 6 jugadores &#8211; Juego grupal: en dos equipos.<\/p>\n<p><strong><br \/>\nEdad:\u00a0<\/strong>De 10 a 100 a\u00f1os.<\/p>\n<p><strong><br \/>\nDuraci\u00f3n:\u00a0<\/strong>Cada partida dura aproximadamente 40 minutos (var\u00eda seg\u00fan la cantidad de jugadores)<strong>.<\/strong><\/p>\n<p><strong><br \/>\nObjetivo:\u00a0<\/strong>Gana el juego quien primero logre conseguir las diferentes 8 fichas (una por cada desaf\u00edo).<\/p>\n<p><strong><br \/>\nContenido:<\/strong><\/p>\n<p>140 cartas (20 Lenguaje, 16 Visual, 10 Identificaci\u00f3n, 26 Traducci\u00f3n, 20 Deducci\u00f3n, 20 Memoria, 8 L\u00f3gica, 20 Repetici\u00f3n)<\/p>\n<p>1 reloj de arena de 1 minuto<\/p>\n<p>48 fichas de colores<\/p>\n<p>Manual<\/p>\n<p>Reglamento<\/p>\n","protected":false},"featured_media":18418,"comment_status":"closed","ping_status":"closed","template":"","meta":{"site-sidebar-layout":"default","site-content-layout":"","ast-site-content-layout":"","site-content-style":"default","site-sidebar-style":"default","ast-global-header-display":"","ast-banner-title-visibility":"","ast-main-header-display":"","ast-hfb-above-header-display":"","ast-hfb-below-header-display":"","ast-hfb-mobile-header-display":"","site-post-title":"","ast-breadcrumbs-content":"","ast-featured-img":"","footer-sml-layout":"","theme-transparent-header-meta":"","adv-header-id-meta":"","stick-header-meta":"","header-above-stick-meta":"","header-main-stick-meta":"","header-below-stick-meta":"","astra-migrate-meta-layouts":"default","ast-page-background-enabled":"default","ast-page-background-meta":{"desktop":{"background-color":"","background-image":"","background-repeat":"repeat","background-position":"center center","background-size":"auto","background-attachment":"scroll","background-type":"","background-media":"","overlay-type":"","overlay-color":"","overlay-opacity":"","overlay-gradient":""},"tablet":{"background-color":"","background-image":"","background-repeat":"repeat","background-position":"center center","background-size":"auto","background-attachment":"scroll","background-type":"","background-media":"","overlay-type":"","overlay-color":"","overlay-opacity":"","overlay-gradient":""},"mobile":{"background-color":"","background-image":"","background-repeat":"repeat","background-position":"center center","background-size":"auto","background-attachment":"scroll","background-type":"","background-media":"","overlay-type":"","overlay-color":"","overlay-opacity":"","overlay-gradient":""}},"ast-content-background-meta":{"desktop":{"background-color":"var(--ast-global-color-5)","background-image":"","background-repeat":"repeat","background-position":"center center","background-size":"auto","background-attachment":"scroll","background-type":"","background-media":"","overlay-type":"","overlay-color":"","overlay-opacity":"","overlay-gradient":""},"tablet":{"background-color":"var(--ast-global-color-5)","background-image":"","background-repeat":"repeat","background-position":"center center","background-size":"auto","background-attachment":"scroll","background-type":"","background-media":"","overlay-type":"","overlay-color":"","overlay-opacity":"","overlay-gradient":""},"mobile":{"background-color":"var(--ast-global-color-5)","background-image":"","background-repeat":"repeat","background-position":"center center","background-size":"auto","background-attachment":"scroll","background-type":"","background-media":"","overlay-type":"","overlay-color":"","overlay-opacity":"","overlay-gradient":""}},"spay_email":""},"product_cat":[168,167,75],"product_tag":[],"_links":{"self":[{"href":"https:\/\/jugueterialudico.com.ar\/index.php?rest_route=\/wp\/v2\/product\/18417"}],"collection":[{"href":"https:\/\/jugueterialudico.com.ar\/index.php?rest_route=\/wp\/v2\/product"}],"about":[{"href":"https:\/\/jugueterialudico.com.ar\/index.php?rest_route=\/wp\/v2\/types\/product"}],"replies":[{"embeddable":true,"href":"https:\/\/jugueterialudico.com.ar\/index.php?rest_route=%2Fwp%2Fv2%2Fcomments&post=18417"}],"wp:featuredmedia":[{"embeddable":true,"href":"https:\/\/jugueterialudico.com.ar\/index.php?rest_route=\/wp\/v2\/media\/18418"}],"wp:attachment":[{"href":"https:\/\/jugueterialudico.com.ar\/index.php?rest_route=%2Fwp%2Fv2%2Fmedia&parent=18417"}],"wp:term":[{"taxonomy":"product_cat","embeddable":true,"href":"https:\/\/jugueterialudico.com.ar\/index.php?rest_route=%2Fwp%2Fv2%2Fproduct_cat&post=18417"},{"taxonomy":"product_tag","embeddable":true,"href":"https:\/\/jugueterialudico.com.ar\/index.php?rest_route=%2Fwp%2Fv2%2Fproduct_tag&post=18417"}],"curies":[{"name":"wp","href":"https:\/\/api.w.org\/{rel}","templated":true}]}}