{"id":18419,"date":"2020-07-27T02:13:29","date_gmt":"2020-07-27T05:13:29","guid":{"rendered":"https:\/\/jugueterialudico.com.ar\/?post_type=product&#038;p=18419"},"modified":"2026-02-10T12:35:23","modified_gmt":"2026-02-10T15:35:23","slug":"explorando-colores","status":"publish","type":"product","link":"https:\/\/jugueterialudico.com.ar\/?product=explorando-colores","title":{"rendered":"EXPLORANDO COLORES -044"},"content":{"rendered":"","protected":false},"excerpt":{"rendered":"<p>Este juego te ense\u00f1ar\u00e1 y te ayudar\u00e1 a descubrir y entender los misterios que guardan los colores.<br \/>\nPodr\u00e1s combinar luces de colores, investigar los pigmentos que forman cada uno de los colores, jugar a enviar mensajes secretos y armar tu propio arco iris.<\/p>\n<div class=\"imgcont22\"><img loading=\"lazy\" decoding=\"async\" src=\"http:\/\/www.cienciasparatodos.com.ar\/upfiles\/contenidos_productos\/colores_01.jpg\" alt=\"Plastilinas\" width=\"80\" height=\"82\" \/><br \/>\nPlastilinas<br \/>\nde colores<\/div>\n<div class=\"imgcont222\"><img loading=\"lazy\" decoding=\"async\" src=\"http:\/\/www.cienciasparatodos.com.ar\/upfiles\/contenidos_productos\/colores_02.jpg\" alt=\"Marcadores\" width=\"80\" height=\"82\" \/><br \/>\nMarcadores<\/div>\n<div class=\"imgcont222\"><img loading=\"lazy\" decoding=\"async\" src=\"http:\/\/www.cienciasparatodos.com.ar\/upfiles\/contenidos_productos\/colores_03.jpg\" alt=\"Acr\u00edlicos\" width=\"80\" height=\"82\" \/><br \/>\nAcr\u00edlicos<br \/>\nde colores<\/div>\n<div class=\"imgcont222\"><img loading=\"lazy\" decoding=\"async\" src=\"http:\/\/www.cienciasparatodos.com.ar\/upfiles\/contenidos_productos\/colores_04.jpg\" alt=\"Espejos\" width=\"80\" height=\"82\" \/><br \/>\nEspejos<\/div>\n<div class=\"imgcont222\"><img loading=\"lazy\" decoding=\"async\" src=\"http:\/\/www.cienciasparatodos.com.ar\/upfiles\/contenidos_productos\/colores_05.jpg\" alt=\"Tiras de papel\" width=\"80\" height=\"82\" \/><br \/>\nTiras de papel<br \/>\nsecante<\/div>\n<div class=\"imgcont222\"><img loading=\"lazy\" decoding=\"async\" src=\"http:\/\/www.cienciasparatodos.com.ar\/upfiles\/contenidos_productos\/colores_06.jpg\" alt=\"Caja de\" width=\"80\" height=\"82\" \/><br \/>\nCaja de<br \/>\nacr\u00edlico<\/div>\n<div class=\"imgcont222\"><img loading=\"lazy\" decoding=\"async\" src=\"http:\/\/www.cienciasparatodos.com.ar\/upfiles\/contenidos_productos\/colores_07.jpg\" alt=\"Vaso\" width=\"80\" height=\"82\" \/><br \/>\nVaso<\/div>\n<div class=\"imgcont222\"><img loading=\"lazy\" decoding=\"async\" src=\"http:\/\/www.cienciasparatodos.com.ar\/upfiles\/contenidos_productos\/colores_08.jpg\" alt=\"Agitador\" width=\"80\" height=\"82\" \/><br \/>\nAgitador<\/div>\n<div class=\"imgcont222\"><img loading=\"lazy\" decoding=\"async\" src=\"http:\/\/www.cienciasparatodos.com.ar\/upfiles\/contenidos_productos\/colores_09.jpg\" alt=\"CD\" width=\"80\" height=\"82\" \/><br \/>\nCD<\/div>\n<div class=\"imgcont222\"><img loading=\"lazy\" decoding=\"async\" src=\"http:\/\/www.cienciasparatodos.com.ar\/upfiles\/contenidos_productos\/colores_10.jpg\" alt=\"Espect\u00f3grafo\" width=\"80\" height=\"82\" \/><br \/>\nEspect\u00f3grafo<br \/>\npara armar<\/div>\n<div class=\"imgcont222\"><img loading=\"lazy\" decoding=\"async\" src=\"http:\/\/www.cienciasparatodos.com.ar\/upfiles\/contenidos_productos\/colores_11.jpg\" alt=\"Mensaje\" width=\"80\" height=\"82\" \/><br \/>\nMensaje<br \/>\nsecreto<\/div>\n<div class=\"imgcont222\"><img loading=\"lazy\" decoding=\"async\" src=\"http:\/\/www.cienciasparatodos.com.ar\/upfiles\/contenidos_productos\/colores_12.jpg\" alt=\"Gu\u00eda de\" width=\"80\" height=\"82\" \/><br \/>\nGu\u00eda de<br \/>\nexperimentos<\/div>\n","protected":false},"featured_media":18420,"comment_status":"closed","ping_status":"closed","template":"","meta":{"site-sidebar-layout":"default","site-content-layout":"","ast-site-content-layout":"","site-content-style":"default","site-sidebar-style":"default","ast-global-header-display":"","ast-banner-title-visibility":"","ast-main-header-display":"","ast-hfb-above-header-display":"","ast-hfb-below-header-display":"","ast-hfb-mobile-header-display":"","site-post-title":"","ast-breadcrumbs-content":"","ast-featured-img":"","footer-sml-layout":"","theme-transparent-header-meta":"","adv-header-id-meta":"","stick-header-meta":"","header-above-stick-meta":"","header-main-stick-meta":"","header-below-stick-meta":"","astra-migrate-meta-layouts":"default","ast-page-background-enabled":"default","ast-page-background-meta":{"desktop":{"background-color":"","background-image":"","background-repeat":"repeat","background-position":"center center","background-size":"auto","background-attachment":"scroll","background-type":"","background-media":"","overlay-type":"","overlay-color":"","overlay-opacity":"","overlay-gradient":""},"tablet":{"background-color":"","background-image":"","background-repeat":"repeat","background-position":"center center","background-size":"auto","background-attachment":"scroll","background-type":"","background-media":"","overlay-type":"","overlay-color":"","overlay-opacity":"","overlay-gradient":""},"mobile":{"background-color":"","background-image":"","background-repeat":"repeat","background-position":"center center","background-size":"auto","background-attachment":"scroll","background-type":"","background-media":"","overlay-type":"","overlay-color":"","overlay-opacity":"","overlay-gradient":""}},"ast-content-background-meta":{"desktop":{"background-color":"var(--ast-global-color-5)","background-image":"","background-repeat":"repeat","background-position":"center center","background-size":"auto","background-attachment":"scroll","background-type":"","background-media":"","overlay-type":"","overlay-color":"","overlay-opacity":"","overlay-gradient":""},"tablet":{"background-color":"var(--ast-global-color-5)","background-image":"","background-repeat":"repeat","background-position":"center center","background-size":"auto","background-attachment":"scroll","background-type":"","background-media":"","overlay-type":"","overlay-color":"","overlay-opacity":"","overlay-gradient":""},"mobile":{"background-color":"var(--ast-global-color-5)","background-image":"","background-repeat":"repeat","background-position":"center center","background-size":"auto","background-attachment":"scroll","background-type":"","background-media":"","overlay-type":"","overlay-color":"","overlay-opacity":"","overlay-gradient":""}},"spay_email":""},"product_cat":[167,75],"product_tag":[],"_links":{"self":[{"href":"https:\/\/jugueterialudico.com.ar\/index.php?rest_route=\/wp\/v2\/product\/18419"}],"collection":[{"href":"https:\/\/jugueterialudico.com.ar\/index.php?rest_route=\/wp\/v2\/product"}],"about":[{"href":"https:\/\/jugueterialudico.com.ar\/index.php?rest_route=\/wp\/v2\/types\/product"}],"replies":[{"embeddable":true,"href":"https:\/\/jugueterialudico.com.ar\/index.php?rest_route=%2Fwp%2Fv2%2Fcomments&post=18419"}],"wp:featuredmedia":[{"embeddable":true,"href":"https:\/\/jugueterialudico.com.ar\/index.php?rest_route=\/wp\/v2\/media\/18420"}],"wp:attachment":[{"href":"https:\/\/jugueterialudico.com.ar\/index.php?rest_route=%2Fwp%2Fv2%2Fmedia&parent=18419"}],"wp:term":[{"taxonomy":"product_cat","embeddable":true,"href":"https:\/\/jugueterialudico.com.ar\/index.php?rest_route=%2Fwp%2Fv2%2Fproduct_cat&post=18419"},{"taxonomy":"product_tag","embeddable":true,"href":"https:\/\/jugueterialudico.com.ar\/index.php?rest_route=%2Fwp%2Fv2%2Fproduct_tag&post=18419"}],"curies":[{"name":"wp","href":"https:\/\/api.w.org\/{rel}","templated":true}]}}