{"id":18425,"date":"2020-07-27T02:20:02","date_gmt":"2020-07-27T05:20:02","guid":{"rendered":"https:\/\/jugueterialudico.com.ar\/?post_type=product&#038;p=18425"},"modified":"2026-02-10T12:33:54","modified_gmt":"2026-02-10T15:33:54","slug":"kit-de-electronica","status":"publish","type":"product","link":"https:\/\/jugueterialudico.com.ar\/?product=kit-de-electronica","title":{"rendered":"KIT DE ELECTR\u00d3NICA -044"},"content":{"rendered":"","protected":false},"excerpt":{"rendered":"<p>Conoce los secretos de la electr\u00f3nica! Tablero con componentes electr\u00f3nicos para realizar circuitos guiados con un manual de experimentos. El juego estimula a los chicos en el manejo de conexiones y materiales el\u00e9ctricos.<br \/>\nTotalmente inofensivo y seguro.<\/p>\n<div class=\"imgcont22\"><img loading=\"lazy\" decoding=\"async\" src=\"http:\/\/www.cienciasparatodos.com.ar\/upfiles\/contenidos_productos\/electronica_01.jpg\" alt=\"L\u00e1mparas y porta lamparas\" width=\"107\" height=\"128\" \/><br \/>\nL\u00e1mparas y<br \/>\nPostal\u00e1mparas<\/div>\n<div class=\"imgcont222\"><img loading=\"lazy\" decoding=\"async\" src=\"http:\/\/www.cienciasparatodos.com.ar\/upfiles\/contenidos_productos\/electronica_02.jpg\" alt=\"Interruptor\" width=\"107\" height=\"128\" \/><br \/>\nInterruptor<\/div>\n<div class=\"imgcont222\"><img loading=\"lazy\" decoding=\"async\" src=\"http:\/\/www.cienciasparatodos.com.ar\/upfiles\/contenidos_productos\/electronica_03.jpg\" alt=\"Diodo Led\" width=\"107\" height=\"128\" \/><br \/>\nDiodo Led<\/div>\n<div class=\"imgcont222\"><img loading=\"lazy\" decoding=\"async\" src=\"http:\/\/www.cienciasparatodos.com.ar\/upfiles\/contenidos_productos\/electronica_04.jpg\" alt=\"Capcacitor\" width=\"107\" height=\"128\" \/><br \/>\nCapacitor<\/div>\n<div class=\"imgcont222\"><img loading=\"lazy\" decoding=\"async\" src=\"http:\/\/www.cienciasparatodos.com.ar\/upfiles\/contenidos_productos\/electronica_05.jpg\" alt=\"resistencias\" width=\"107\" height=\"128\" \/><br \/>\nResistencias<\/div>\n<div class=\"imgcont222\"><img loading=\"lazy\" decoding=\"async\" src=\"http:\/\/www.cienciasparatodos.com.ar\/upfiles\/contenidos_productos\/electronica_06.jpg\" alt=\"Trasistor\" width=\"107\" height=\"128\" \/><br \/>\nTransistor<\/div>\n<div class=\"imgcont222\"><img loading=\"lazy\" decoding=\"async\" src=\"http:\/\/www.cienciasparatodos.com.ar\/upfiles\/contenidos_productos\/electronica_07.jpg\" alt=\"Portapilas\" width=\"107\" height=\"128\" \/><br \/>\nPostapilas<\/div>\n<div class=\"imgcont222\"><img loading=\"lazy\" decoding=\"async\" src=\"http:\/\/www.cienciasparatodos.com.ar\/upfiles\/contenidos_productos\/electronica_08.jpg\" alt=\"Cables\" width=\"107\" height=\"128\" \/><br \/>\nCables<\/div>\n<div class=\"imgcont222\"><img loading=\"lazy\" decoding=\"async\" src=\"http:\/\/www.cienciasparatodos.com.ar\/upfiles\/contenidos_productos\/electronica_09.jpg\" alt=\"Gu\u00eda de instrucciones\" width=\"107\" height=\"128\" \/><br \/>\nGu\u00eda de<br \/>\nExperimentos<\/div>\n","protected":false},"featured_media":18426,"comment_status":"closed","ping_status":"closed","template":"","meta":{"site-sidebar-layout":"default","site-content-layout":"","ast-site-content-layout":"","site-content-style":"default","site-sidebar-style":"default","ast-global-header-display":"","ast-banner-title-visibility":"","ast-main-header-display":"","ast-hfb-above-header-display":"","ast-hfb-below-header-display":"","ast-hfb-mobile-header-display":"","site-post-title":"","ast-breadcrumbs-content":"","ast-featured-img":"","footer-sml-layout":"","theme-transparent-header-meta":"","adv-header-id-meta":"","stick-header-meta":"","header-above-stick-meta":"","header-main-stick-meta":"","header-below-stick-meta":"","astra-migrate-meta-layouts":"default","ast-page-background-enabled":"default","ast-page-background-meta":{"desktop":{"background-color":"","background-image":"","background-repeat":"repeat","background-position":"center center","background-size":"auto","background-attachment":"scroll","background-type":"","background-media":"","overlay-type":"","overlay-color":"","overlay-opacity":"","overlay-gradient":""},"tablet":{"background-color":"","background-image":"","background-repeat":"repeat","background-position":"center center","background-size":"auto","background-attachment":"scroll","background-type":"","background-media":"","overlay-type":"","overlay-color":"","overlay-opacity":"","overlay-gradient":""},"mobile":{"background-color":"","background-image":"","background-repeat":"repeat","background-position":"center center","background-size":"auto","background-attachment":"scroll","background-type":"","background-media":"","overlay-type":"","overlay-color":"","overlay-opacity":"","overlay-gradient":""}},"ast-content-background-meta":{"desktop":{"background-color":"var(--ast-global-color-5)","background-image":"","background-repeat":"repeat","background-position":"center center","background-size":"auto","background-attachment":"scroll","background-type":"","background-media":"","overlay-type":"","overlay-color":"","overlay-opacity":"","overlay-gradient":""},"tablet":{"background-color":"var(--ast-global-color-5)","background-image":"","background-repeat":"repeat","background-position":"center center","background-size":"auto","background-attachment":"scroll","background-type":"","background-media":"","overlay-type":"","overlay-color":"","overlay-opacity":"","overlay-gradient":""},"mobile":{"background-color":"var(--ast-global-color-5)","background-image":"","background-repeat":"repeat","background-position":"center center","background-size":"auto","background-attachment":"scroll","background-type":"","background-media":"","overlay-type":"","overlay-color":"","overlay-opacity":"","overlay-gradient":""}},"spay_email":""},"product_cat":[167,75],"product_tag":[],"_links":{"self":[{"href":"https:\/\/jugueterialudico.com.ar\/index.php?rest_route=\/wp\/v2\/product\/18425"}],"collection":[{"href":"https:\/\/jugueterialudico.com.ar\/index.php?rest_route=\/wp\/v2\/product"}],"about":[{"href":"https:\/\/jugueterialudico.com.ar\/index.php?rest_route=\/wp\/v2\/types\/product"}],"replies":[{"embeddable":true,"href":"https:\/\/jugueterialudico.com.ar\/index.php?rest_route=%2Fwp%2Fv2%2Fcomments&post=18425"}],"wp:featuredmedia":[{"embeddable":true,"href":"https:\/\/jugueterialudico.com.ar\/index.php?rest_route=\/wp\/v2\/media\/18426"}],"wp:attachment":[{"href":"https:\/\/jugueterialudico.com.ar\/index.php?rest_route=%2Fwp%2Fv2%2Fmedia&parent=18425"}],"wp:term":[{"taxonomy":"product_cat","embeddable":true,"href":"https:\/\/jugueterialudico.com.ar\/index.php?rest_route=%2Fwp%2Fv2%2Fproduct_cat&post=18425"},{"taxonomy":"product_tag","embeddable":true,"href":"https:\/\/jugueterialudico.com.ar\/index.php?rest_route=%2Fwp%2Fv2%2Fproduct_tag&post=18425"}],"curies":[{"name":"wp","href":"https:\/\/api.w.org\/{rel}","templated":true}]}}