{"id":18477,"date":"2020-07-20T01:51:01","date_gmt":"2020-07-20T04:51:01","guid":{"rendered":"https:\/\/jugueterialudico.com.ar\/?post_type=product&#038;p=18477"},"modified":"2025-07-07T11:01:12","modified_gmt":"2025-07-07T14:01:12","slug":"kit-de-los-curiosos-fx","status":"publish","type":"product","link":"https:\/\/jugueterialudico.com.ar\/?product=kit-de-los-curiosos-fx","title":{"rendered":"KIT DE LOS CURIOSOS FX &#8211; 028"},"content":{"rendered":"","protected":false},"excerpt":{"rendered":"<ul>\n<li>Juego para experimentar y fabricar tu propio maquillaje art\u00edstico.La ciencia la encontraremos esta vez en la industria de la cosm\u00e9tica, en el maquillaje art\u00edstico y en los efectos especiales, para caracterizar una escena.\n<p>Medida del cubo: 10 cm de cada lado.<\/p>\n<p><strong>Desarrollo de Habilidades<\/strong><\/p>\n<ul>\n<li>Aprender\u00e1s a identificar materiales<\/li>\n<li>Clasificar\u00e1s en l\u00edquidos, semil\u00edquidos o s\u00f3lidos; y observar\u00e1s distintas granulometr\u00eda<\/li>\n<li>Utilizar\u00e1s tus sentidos y despertar\u00e1s curiosidad a nuevos desaf\u00edos.<\/li>\n<li>Aprender\u00e1s las propiedades de insumos que se utilizan en la cosm\u00e9tica.<\/li>\n<\/ul>\n<p><strong>Este kit contiene<\/strong><\/p>\n<ul>\n<li>Potes descartables con tapa<\/li>\n<li>Pote con crema hidrosoluble<\/li>\n<li>\u00d3xido de Zinc<\/li>\n<li>Esp\u00e1tulas de madera<\/li>\n<li>Cuchara medidora chica<\/li>\n<li>Cuchara medidora grande<\/li>\n<li>Carb\u00f3n Vegetal activado<\/li>\n<li>Gelatina<\/li>\n<li>Frascos con 3 colorantes alimenticios<\/li>\n<li>Glicerina<\/li>\n<li>Almid\u00f3n de Ma\u00edz<\/li>\n<\/ul>\n<\/li>\n<\/ul>\n<p>+8 A\u00d1OS<\/p>\n","protected":false},"featured_media":18478,"comment_status":"closed","ping_status":"closed","template":"","meta":{"site-sidebar-layout":"default","site-content-layout":"","ast-site-content-layout":"","site-content-style":"default","site-sidebar-style":"default","ast-global-header-display":"","ast-banner-title-visibility":"","ast-main-header-display":"","ast-hfb-above-header-display":"","ast-hfb-below-header-display":"","ast-hfb-mobile-header-display":"","site-post-title":"","ast-breadcrumbs-content":"","ast-featured-img":"","footer-sml-layout":"","theme-transparent-header-meta":"","adv-header-id-meta":"","stick-header-meta":"","header-above-stick-meta":"","header-main-stick-meta":"","header-below-stick-meta":"","astra-migrate-meta-layouts":"default","ast-page-background-enabled":"default","ast-page-background-meta":{"desktop":{"background-color":"","background-image":"","background-repeat":"repeat","background-position":"center center","background-size":"auto","background-attachment":"scroll","background-type":"","background-media":"","overlay-type":"","overlay-color":"","overlay-opacity":"","overlay-gradient":""},"tablet":{"background-color":"","background-image":"","background-repeat":"repeat","background-position":"center center","background-size":"auto","background-attachment":"scroll","background-type":"","background-media":"","overlay-type":"","overlay-color":"","overlay-opacity":"","overlay-gradient":""},"mobile":{"background-color":"","background-image":"","background-repeat":"repeat","background-position":"center center","background-size":"auto","background-attachment":"scroll","background-type":"","background-media":"","overlay-type":"","overlay-color":"","overlay-opacity":"","overlay-gradient":""}},"ast-content-background-meta":{"desktop":{"background-color":"var(--ast-global-color-5)","background-image":"","background-repeat":"repeat","background-position":"center center","background-size":"auto","background-attachment":"scroll","background-type":"","background-media":"","overlay-type":"","overlay-color":"","overlay-opacity":"","overlay-gradient":""},"tablet":{"background-color":"var(--ast-global-color-5)","background-image":"","background-repeat":"repeat","background-position":"center center","background-size":"auto","background-attachment":"scroll","background-type":"","background-media":"","overlay-type":"","overlay-color":"","overlay-opacity":"","overlay-gradient":""},"mobile":{"background-color":"var(--ast-global-color-5)","background-image":"","background-repeat":"repeat","background-position":"center center","background-size":"auto","background-attachment":"scroll","background-type":"","background-media":"","overlay-type":"","overlay-color":"","overlay-opacity":"","overlay-gradient":""}},"spay_email":""},"product_cat":[167,75],"product_tag":[],"_links":{"self":[{"href":"https:\/\/jugueterialudico.com.ar\/index.php?rest_route=\/wp\/v2\/product\/18477"}],"collection":[{"href":"https:\/\/jugueterialudico.com.ar\/index.php?rest_route=\/wp\/v2\/product"}],"about":[{"href":"https:\/\/jugueterialudico.com.ar\/index.php?rest_route=\/wp\/v2\/types\/product"}],"replies":[{"embeddable":true,"href":"https:\/\/jugueterialudico.com.ar\/index.php?rest_route=%2Fwp%2Fv2%2Fcomments&post=18477"}],"wp:featuredmedia":[{"embeddable":true,"href":"https:\/\/jugueterialudico.com.ar\/index.php?rest_route=\/wp\/v2\/media\/18478"}],"wp:attachment":[{"href":"https:\/\/jugueterialudico.com.ar\/index.php?rest_route=%2Fwp%2Fv2%2Fmedia&parent=18477"}],"wp:term":[{"taxonomy":"product_cat","embeddable":true,"href":"https:\/\/jugueterialudico.com.ar\/index.php?rest_route=%2Fwp%2Fv2%2Fproduct_cat&post=18477"},{"taxonomy":"product_tag","embeddable":true,"href":"https:\/\/jugueterialudico.com.ar\/index.php?rest_route=%2Fwp%2Fv2%2Fproduct_tag&post=18477"}],"curies":[{"name":"wp","href":"https:\/\/api.w.org\/{rel}","templated":true}]}}