{"id":18681,"date":"2020-08-21T00:00:04","date_gmt":"2020-08-21T03:00:04","guid":{"rendered":"https:\/\/jugueterialudico.com.ar\/?post_type=product&#038;p=18681"},"modified":"2026-04-10T17:14:37","modified_gmt":"2026-04-10T20:14:37","slug":"autitos-al-agua","status":"publish","type":"product","link":"https:\/\/jugueterialudico.com.ar\/?product=autitos-al-agua","title":{"rendered":"AUTITOS AL AGUA S\/RED -001"},"content":{"rendered":"<p>AUTITOS AL AGUA<\/p>\n<p><strong>DESDE LOS 6 MESES<\/strong><\/p>\n<p>\u00bfLos autos flotan? Los nuestros SI! Pegalos en los azulejos y dejalos flotar en la ba\u00f1era para que la hora del ba\u00f1o est\u00e9 repleta de diversi\u00f3n!<\/p>\n<p>Los juegos de figuras para el agua ayudan a desarrollar habilidades motrices, de ubicaci\u00f3n espacial, del habla y la creatividad.<\/p>\n<p>&nbsp;<\/p>\n<p>Incluye 6 figuras<\/p>\n<p>&nbsp;<\/p>\n<p>Tama\u00f1o de caja: 20x22cm<\/p>\n<p>Peso: 21g<\/p>\n<p>&nbsp;<\/p>\n<p><strong>Habilidades que desarrolla: espacio, habla, motricidad y creatividad.<\/strong><\/p>\n","protected":false},"excerpt":{"rendered":"<p><b>6 Autitos al Agua<\/b><br \/>\n\u00bfLos autos flotan? Los nuestros SI! Pegalos en los azulejos y dejalos flotar en la ba\u00f1era para que la hora del ba\u00f1o est\u00e9 repleta de diversi\u00f3n!<br \/>\n<span class=\"im\">Los juegos de figuras para el agua ayudan a desarrollar habilidades motrices, de ubicaci\u00f3n espacial, del habla y la creatividad.<br \/>\n<\/span><span style=\"color: #0eb2b2;\">Incluye 6 figuras<br \/>\n<\/span>Tama\u00f1o de caja: 20x22cm<br \/>\nPeso: 21g<br \/>\n<strong>Habilidades que desarrolla: espacio, habla, motricidad y creatividad.<\/strong><\/p>\n<div id=\"PAGES_CONTAINERcenteredContent\" class=\"pc1centeredContent\">\n<div id=\"PAGES_CONTAINERinlineContent\" class=\"pc1inlineContent\">\n<div id=\"r7jir\" class=\"p2\" data-ismobile=\"false\" data-is-mesh-layout=\"true\">\n<div id=\"r7jirinlineContent\" class=\"p2inlineContent\">\n<div id=\"r7jirinlineContent-gridWrapper\" data-mesh-internal=\"true\">\n<div id=\"r7jirinlineContent-gridContainer\" data-mesh-internal=\"true\">\n<div id=\"TPAMultiSection_j5j7rezl\" class=\"style-j6uidm9b\">\n<div class=\"TPAMultiSection_j5j7rezl\">\n<div class=\"_1TImB layout__classic isDesktop\" data-hook=\"product-page\" data-layout-name=\"classic\">\n<article class=\"_30ZY-\">\n<div class=\"_12vNY\">\n<section class=\"_2h_HC\">\n<div class=\"fggS- cell\">\n<div class=\"_3bNb3\" data-hook=\"product-prices-wrapper\">\n<div class=\"_4ruc8\" data-hook=\"product-price\"><\/div>\n<\/div>\n<\/div>\n<div class=\"fggS- cell\">\n<div class=\"_1xqPF\" data-hook=\"product-options\">\n<div data-hook=\"product-options-inputs\">\n<div class=\"_1ZOt- fggS- cell\">\n<div><\/div>\n<\/div>\n<\/div>\n<\/div>\n<div class=\"_3j0qu fggS- cell\"><\/div>\n<\/div>\n<div class=\"_3EQWi fggS- cell\">\n<div dir=\"ltr\"><\/div>\n<\/div>\n<div class=\"_2lJ_V fggS- cell\">\n<div class=\"_1cpNm\" data-hook=\"social-sharing\"><\/div>\n<\/div>\n<\/section>\n<\/div>\n<div class=\"fggS- cell\">\n<div data-hook=\"bottom-placeholder\"><\/div>\n<\/div>\n<\/article>\n<\/div>\n<\/div>\n<\/div>\n<\/div>\n<\/div>\n<\/div>\n<\/div>\n<\/div>\n<\/div>\n<div id=\"soapAfterPagesContainer\" class=\"page-without-sosp\">\n<div id=\"soapAfterPagesContainerinlineContent-gridContainer\" data-mesh-internal=\"true\"><\/div>\n<\/div>\n<footer id=\"SITE_FOOTER\" class=\"style-j6c6plmi_footer style-j6c6plmi\" data-site-width=\"980\" data-fixedposition=\"false\" data-isrunninginmobile=\"false\" data-is-absolute-layout=\"false\" data-state=\" \"><\/footer>\n","protected":false},"featured_media":20550,"comment_status":"closed","ping_status":"closed","template":"","meta":{"site-sidebar-layout":"default","site-content-layout":"","ast-site-content-layout":"","site-content-style":"default","site-sidebar-style":"default","ast-global-header-display":"","ast-banner-title-visibility":"","ast-main-header-display":"","ast-hfb-above-header-display":"","ast-hfb-below-header-display":"","ast-hfb-mobile-header-display":"","site-post-title":"","ast-breadcrumbs-content":"","ast-featured-img":"","footer-sml-layout":"","theme-transparent-header-meta":"","adv-header-id-meta":"","stick-header-meta":"","header-above-stick-meta":"","header-main-stick-meta":"","header-below-stick-meta":"","astra-migrate-meta-layouts":"default","ast-page-background-enabled":"default","ast-page-background-meta":{"desktop":{"background-color":"","background-image":"","background-repeat":"repeat","background-position":"center center","background-size":"auto","background-attachment":"scroll","background-type":"","background-media":"","overlay-type":"","overlay-color":"","overlay-opacity":"","overlay-gradient":""},"tablet":{"background-color":"","background-image":"","background-repeat":"repeat","background-position":"center center","background-size":"auto","background-attachment":"scroll","background-type":"","background-media":"","overlay-type":"","overlay-color":"","overlay-opacity":"","overlay-gradient":""},"mobile":{"background-color":"","background-image":"","background-repeat":"repeat","background-position":"center center","background-size":"auto","background-attachment":"scroll","background-type":"","background-media":"","overlay-type":"","overlay-color":"","overlay-opacity":"","overlay-gradient":""}},"ast-content-background-meta":{"desktop":{"background-color":"var(--ast-global-color-5)","background-image":"","background-repeat":"repeat","background-position":"center center","background-size":"auto","background-attachment":"scroll","background-type":"","background-media":"","overlay-type":"","overlay-color":"","overlay-opacity":"","overlay-gradient":""},"tablet":{"background-color":"var(--ast-global-color-5)","background-image":"","background-repeat":"repeat","background-position":"center center","background-size":"auto","background-attachment":"scroll","background-type":"","background-media":"","overlay-type":"","overlay-color":"","overlay-opacity":"","overlay-gradient":""},"mobile":{"background-color":"var(--ast-global-color-5)","background-image":"","background-repeat":"repeat","background-position":"center center","background-size":"auto","background-attachment":"scroll","background-type":"","background-media":"","overlay-type":"","overlay-color":"","overlay-opacity":"","overlay-gradient":""}},"spay_email":""},"product_cat":[161,163,155,153],"product_tag":[],"_links":{"self":[{"href":"https:\/\/jugueterialudico.com.ar\/index.php?rest_route=\/wp\/v2\/product\/18681"}],"collection":[{"href":"https:\/\/jugueterialudico.com.ar\/index.php?rest_route=\/wp\/v2\/product"}],"about":[{"href":"https:\/\/jugueterialudico.com.ar\/index.php?rest_route=\/wp\/v2\/types\/product"}],"replies":[{"embeddable":true,"href":"https:\/\/jugueterialudico.com.ar\/index.php?rest_route=%2Fwp%2Fv2%2Fcomments&post=18681"}],"wp:featuredmedia":[{"embeddable":true,"href":"https:\/\/jugueterialudico.com.ar\/index.php?rest_route=\/wp\/v2\/media\/20550"}],"wp:attachment":[{"href":"https:\/\/jugueterialudico.com.ar\/index.php?rest_route=%2Fwp%2Fv2%2Fmedia&parent=18681"}],"wp:term":[{"taxonomy":"product_cat","embeddable":true,"href":"https:\/\/jugueterialudico.com.ar\/index.php?rest_route=%2Fwp%2Fv2%2Fproduct_cat&post=18681"},{"taxonomy":"product_tag","embeddable":true,"href":"https:\/\/jugueterialudico.com.ar\/index.php?rest_route=%2Fwp%2Fv2%2Fproduct_tag&post=18681"}],"curies":[{"name":"wp","href":"https:\/\/api.w.org\/{rel}","templated":true}]}}