{"id":18758,"date":"2020-08-23T23:34:47","date_gmt":"2020-08-24T02:34:47","guid":{"rendered":"https:\/\/jugueterialudico.com.ar\/?post_type=product&#038;p=18758"},"modified":"2024-11-06T10:18:27","modified_gmt":"2024-11-06T13:18:27","slug":"orbinautas","status":"publish","type":"product","link":"https:\/\/jugueterialudico.com.ar\/?product=orbinautas","title":{"rendered":"ORBINAUTAS -016"},"content":{"rendered":"","protected":false},"excerpt":{"rendered":"<p><strong>ORBINAUTAS\u00a0<\/strong><\/p>\n<p>Guia tu nave espacial por las distintas orbitas, intentando sumar la mayor cantidad de puntos atrapando alienigenas<\/p>\n<p><strong>EDAD: +5 A\u00d1OS DE 2 A 4 JUGADORES<\/strong><\/p>\n<p>&nbsp;<\/p>\n<p><strong>TRAVESIA ESPACIAL<\/strong><\/p>\n<p>Tu misi\u00f3n es llegar al Planeta Naranja. Aprovecha los t\u00faneles que te permitir\u00e1n avanzar y retroceder en el tiempo y no olvides capturar a los alienigenas antes de llegar a la meta.<\/p>\n<p><strong>EDAD: +5 A\u00d1OS DE 2 A 4 JUGADORES\u00a0<\/strong><\/p>\n<p>CONTIENE:<\/p>\n<p>4 NAVES ESPACIALES<\/p>\n<p>32 FICHAS DE ALIENIGENAS<\/p>\n<p>1 TABLERO REVERSIBLE<\/p>\n<p>1 PANEL DE MANDO<\/p>\n<p>2 REGLAMENTOS<\/p>\n","protected":false},"featured_media":18759,"comment_status":"closed","ping_status":"closed","template":"","meta":{"site-sidebar-layout":"default","site-content-layout":"","ast-site-content-layout":"","site-content-style":"default","site-sidebar-style":"default","ast-global-header-display":"","ast-banner-title-visibility":"","ast-main-header-display":"","ast-hfb-above-header-display":"","ast-hfb-below-header-display":"","ast-hfb-mobile-header-display":"","site-post-title":"","ast-breadcrumbs-content":"","ast-featured-img":"","footer-sml-layout":"","theme-transparent-header-meta":"","adv-header-id-meta":"","stick-header-meta":"","header-above-stick-meta":"","header-main-stick-meta":"","header-below-stick-meta":"","astra-migrate-meta-layouts":"default","ast-page-background-enabled":"default","ast-page-background-meta":{"desktop":{"background-color":"","background-image":"","background-repeat":"repeat","background-position":"center center","background-size":"auto","background-attachment":"scroll","background-type":"","background-media":"","overlay-type":"","overlay-color":"","overlay-opacity":"","overlay-gradient":""},"tablet":{"background-color":"","background-image":"","background-repeat":"repeat","background-position":"center center","background-size":"auto","background-attachment":"scroll","background-type":"","background-media":"","overlay-type":"","overlay-color":"","overlay-opacity":"","overlay-gradient":""},"mobile":{"background-color":"","background-image":"","background-repeat":"repeat","background-position":"center center","background-size":"auto","background-attachment":"scroll","background-type":"","background-media":"","overlay-type":"","overlay-color":"","overlay-opacity":"","overlay-gradient":""}},"ast-content-background-meta":{"desktop":{"background-color":"var(--ast-global-color-5)","background-image":"","background-repeat":"repeat","background-position":"center center","background-size":"auto","background-attachment":"scroll","background-type":"","background-media":"","overlay-type":"","overlay-color":"","overlay-opacity":"","overlay-gradient":""},"tablet":{"background-color":"var(--ast-global-color-5)","background-image":"","background-repeat":"repeat","background-position":"center center","background-size":"auto","background-attachment":"scroll","background-type":"","background-media":"","overlay-type":"","overlay-color":"","overlay-opacity":"","overlay-gradient":""},"mobile":{"background-color":"var(--ast-global-color-5)","background-image":"","background-repeat":"repeat","background-position":"center center","background-size":"auto","background-attachment":"scroll","background-type":"","background-media":"","overlay-type":"","overlay-color":"","overlay-opacity":"","overlay-gradient":""}},"spay_email":""},"product_cat":[18,166,167,146,74],"product_tag":[],"_links":{"self":[{"href":"https:\/\/jugueterialudico.com.ar\/index.php?rest_route=\/wp\/v2\/product\/18758"}],"collection":[{"href":"https:\/\/jugueterialudico.com.ar\/index.php?rest_route=\/wp\/v2\/product"}],"about":[{"href":"https:\/\/jugueterialudico.com.ar\/index.php?rest_route=\/wp\/v2\/types\/product"}],"replies":[{"embeddable":true,"href":"https:\/\/jugueterialudico.com.ar\/index.php?rest_route=%2Fwp%2Fv2%2Fcomments&post=18758"}],"wp:featuredmedia":[{"embeddable":true,"href":"https:\/\/jugueterialudico.com.ar\/index.php?rest_route=\/wp\/v2\/media\/18759"}],"wp:attachment":[{"href":"https:\/\/jugueterialudico.com.ar\/index.php?rest_route=%2Fwp%2Fv2%2Fmedia&parent=18758"}],"wp:term":[{"taxonomy":"product_cat","embeddable":true,"href":"https:\/\/jugueterialudico.com.ar\/index.php?rest_route=%2Fwp%2Fv2%2Fproduct_cat&post=18758"},{"taxonomy":"product_tag","embeddable":true,"href":"https:\/\/jugueterialudico.com.ar\/index.php?rest_route=%2Fwp%2Fv2%2Fproduct_tag&post=18758"}],"curies":[{"name":"wp","href":"https:\/\/api.w.org\/{rel}","templated":true}]}}