{"id":18763,"date":"2020-08-24T00:15:52","date_gmt":"2020-08-24T03:15:52","guid":{"rendered":"https:\/\/jugueterialudico.com.ar\/?post_type=product&#038;p=18763"},"modified":"2024-11-06T10:16:27","modified_gmt":"2024-11-06T13:16:27","slug":"dragon-parade","status":"publish","type":"product","link":"https:\/\/jugueterialudico.com.ar\/?product=dragon-parade","title":{"rendered":"DRAG\u00d3N PARADE -016"},"content":{"rendered":"","protected":false},"excerpt":{"rendered":"<p><b>DRAG\u00d3N<\/b><strong>\u00a0PARADE<\/strong><\/p>\n<p>Es mucho mas que un rompecabezas&#8230;<\/p>\n<p>\u00a1 ES UN USA CABEZAS!<\/p>\n<p>Todas las piezas encajan entre si, pero para saber en que orden colocarlas deber\u00e1n completar la secuencia.<\/p>\n<p><strong>NI\u00d1OS DE 3 A\u00d1OS:\u00a0<\/strong><\/p>\n<p>Los ni\u00f1os mas peque\u00f1os pueden armar el Drag\u00f3n siguiendo la secuencia de personajes, usando como guia la imagen de la l\u00e1mina. Si la actividad se hace con la ayuda de un adulto, \u00e9ste puede dar pistas sobre el personaje que se debe colocar&#8230; es var\u00f3n, tiene el pelo de color naranja, tiene anteojos, etc<\/p>\n<p><strong>NI\u00d1OS DE 4 A\u00d1OS O MAS<\/strong><\/p>\n<p>Comienzan el juego de igual forma que los de 3 a\u00f1os pero pueden incrementar la dificultad armando el Drag\u00f3n sin ver la l\u00e1mina con la imagen. Para lograrlo deber\u00e1n encontrar la pieza cuya secuencia coincide con la secuencia de figuras dada en cada imagen.<\/p>\n<p><strong>EDAD: +3 A\u00d1OS\u00a0<\/strong><\/p>\n<p>CONTENIDO:<\/p>\n<p>2 L\u00c1MINAS GUIA<\/p>\n<p>13 PIEZAS DE CART\u00d3N<\/p>\n","protected":false},"featured_media":18764,"comment_status":"closed","ping_status":"closed","template":"","meta":{"site-sidebar-layout":"default","site-content-layout":"","ast-site-content-layout":"","site-content-style":"default","site-sidebar-style":"default","ast-global-header-display":"","ast-banner-title-visibility":"","ast-main-header-display":"","ast-hfb-above-header-display":"","ast-hfb-below-header-display":"","ast-hfb-mobile-header-display":"","site-post-title":"","ast-breadcrumbs-content":"","ast-featured-img":"","footer-sml-layout":"","theme-transparent-header-meta":"","adv-header-id-meta":"","stick-header-meta":"","header-above-stick-meta":"","header-main-stick-meta":"","header-below-stick-meta":"","astra-migrate-meta-layouts":"default","ast-page-background-enabled":"default","ast-page-background-meta":{"desktop":{"background-color":"","background-image":"","background-repeat":"repeat","background-position":"center center","background-size":"auto","background-attachment":"scroll","background-type":"","background-media":"","overlay-type":"","overlay-color":"","overlay-opacity":"","overlay-gradient":""},"tablet":{"background-color":"","background-image":"","background-repeat":"repeat","background-position":"center center","background-size":"auto","background-attachment":"scroll","background-type":"","background-media":"","overlay-type":"","overlay-color":"","overlay-opacity":"","overlay-gradient":""},"mobile":{"background-color":"","background-image":"","background-repeat":"repeat","background-position":"center center","background-size":"auto","background-attachment":"scroll","background-type":"","background-media":"","overlay-type":"","overlay-color":"","overlay-opacity":"","overlay-gradient":""}},"ast-content-background-meta":{"desktop":{"background-color":"var(--ast-global-color-5)","background-image":"","background-repeat":"repeat","background-position":"center center","background-size":"auto","background-attachment":"scroll","background-type":"","background-media":"","overlay-type":"","overlay-color":"","overlay-opacity":"","overlay-gradient":""},"tablet":{"background-color":"var(--ast-global-color-5)","background-image":"","background-repeat":"repeat","background-position":"center center","background-size":"auto","background-attachment":"scroll","background-type":"","background-media":"","overlay-type":"","overlay-color":"","overlay-opacity":"","overlay-gradient":""},"mobile":{"background-color":"var(--ast-global-color-5)","background-image":"","background-repeat":"repeat","background-position":"center center","background-size":"auto","background-attachment":"scroll","background-type":"","background-media":"","overlay-type":"","overlay-color":"","overlay-opacity":"","overlay-gradient":""}},"spay_email":""},"product_cat":[164,165,146,74],"product_tag":[],"_links":{"self":[{"href":"https:\/\/jugueterialudico.com.ar\/index.php?rest_route=\/wp\/v2\/product\/18763"}],"collection":[{"href":"https:\/\/jugueterialudico.com.ar\/index.php?rest_route=\/wp\/v2\/product"}],"about":[{"href":"https:\/\/jugueterialudico.com.ar\/index.php?rest_route=\/wp\/v2\/types\/product"}],"replies":[{"embeddable":true,"href":"https:\/\/jugueterialudico.com.ar\/index.php?rest_route=%2Fwp%2Fv2%2Fcomments&post=18763"}],"wp:featuredmedia":[{"embeddable":true,"href":"https:\/\/jugueterialudico.com.ar\/index.php?rest_route=\/wp\/v2\/media\/18764"}],"wp:attachment":[{"href":"https:\/\/jugueterialudico.com.ar\/index.php?rest_route=%2Fwp%2Fv2%2Fmedia&parent=18763"}],"wp:term":[{"taxonomy":"product_cat","embeddable":true,"href":"https:\/\/jugueterialudico.com.ar\/index.php?rest_route=%2Fwp%2Fv2%2Fproduct_cat&post=18763"},{"taxonomy":"product_tag","embeddable":true,"href":"https:\/\/jugueterialudico.com.ar\/index.php?rest_route=%2Fwp%2Fv2%2Fproduct_tag&post=18763"}],"curies":[{"name":"wp","href":"https:\/\/api.w.org\/{rel}","templated":true}]}}