{"id":18847,"date":"2020-08-29T00:03:13","date_gmt":"2020-08-29T03:03:13","guid":{"rendered":"https:\/\/jugueterialudico.com.ar\/?post_type=product&#038;p=18847"},"modified":"2024-05-14T18:00:56","modified_gmt":"2024-05-14T21:00:56","slug":"movilblock-caja-para-disenararmar-y-jugar","status":"publish","type":"product","link":"https:\/\/jugueterialudico.com.ar\/?product=movilblock-caja-para-disenararmar-y-jugar","title":{"rendered":"M\u00f3vilBlock, caja para dise\u00f1ar,armar y jugar -053"},"content":{"rendered":"","protected":false},"excerpt":{"rendered":"<p>L\u00ednea de juguetes M\u00f3vilBlock<\/p>\n<p>M\u00f3vilblock es una l\u00ednea de juguetes did\u00e1cticos para armar que conjuga la calidez de la madera y el color y la suavidad de la goma eva. La primera sirve de estructura de los diferentes modelos, mientras que la goma eva le da color y forma definitiva. La uni\u00f3n de las piezas se realiza mediante un sencillo encastre que permite al chico armarlos f\u00e1cilmente, subiendo \u00a0la \u00a0autoestima en el juego, elemento fundamental para su desarrollo cognitivo. Todo el conjunto se cierra con tuerquitas coloridas de ajuste que brindan al juguete una imagen novedosa y moderna.<\/p>\n<p>Se juega a armarlos y tambi\u00e9n se juega con lo que se arma. Permiten hacer volar la imaginaci\u00f3n de los chicos mediante un intercambio casi infinito entre las piezas de los diferentes modelos. As\u00ed es la nueva l\u00ednea M\u00f3vilBlock, juguetes que rompen el molde.<\/p>\n<p>Todos los modelos componentes de la L\u00ednea M\u00f3vilBlock son dise\u00f1os exclusivos y fueron premiados con el Sello del Buen Dise\u00f1o Argentino 2018 por el Plan Nacional de Dise\u00f1o del Ministerio de Industria de la Naci\u00f3n.<\/p>\n<p>EDAD: +3 A\u00d1OS<\/p>\n<p>CONTIENE: 3 modelos para armar, 16 piezas de goma eva y 20 tuercas<\/p>\n","protected":false},"featured_media":18848,"comment_status":"closed","ping_status":"closed","template":"","meta":{"site-sidebar-layout":"default","site-content-layout":"","ast-site-content-layout":"","site-content-style":"default","site-sidebar-style":"default","ast-global-header-display":"","ast-banner-title-visibility":"","ast-main-header-display":"","ast-hfb-above-header-display":"","ast-hfb-below-header-display":"","ast-hfb-mobile-header-display":"","site-post-title":"","ast-breadcrumbs-content":"","ast-featured-img":"","footer-sml-layout":"","theme-transparent-header-meta":"","adv-header-id-meta":"","stick-header-meta":"","header-above-stick-meta":"","header-main-stick-meta":"","header-below-stick-meta":"","astra-migrate-meta-layouts":"default","ast-page-background-enabled":"default","ast-page-background-meta":{"desktop":{"background-color":"","background-image":"","background-repeat":"repeat","background-position":"center center","background-size":"auto","background-attachment":"scroll","background-type":"","background-media":"","overlay-type":"","overlay-color":"","overlay-opacity":"","overlay-gradient":""},"tablet":{"background-color":"","background-image":"","background-repeat":"repeat","background-position":"center center","background-size":"auto","background-attachment":"scroll","background-type":"","background-media":"","overlay-type":"","overlay-color":"","overlay-opacity":"","overlay-gradient":""},"mobile":{"background-color":"","background-image":"","background-repeat":"repeat","background-position":"center center","background-size":"auto","background-attachment":"scroll","background-type":"","background-media":"","overlay-type":"","overlay-color":"","overlay-opacity":"","overlay-gradient":""}},"ast-content-background-meta":{"desktop":{"background-color":"var(--ast-global-color-5)","background-image":"","background-repeat":"repeat","background-position":"center center","background-size":"auto","background-attachment":"scroll","background-type":"","background-media":"","overlay-type":"","overlay-color":"","overlay-opacity":"","overlay-gradient":""},"tablet":{"background-color":"var(--ast-global-color-5)","background-image":"","background-repeat":"repeat","background-position":"center center","background-size":"auto","background-attachment":"scroll","background-type":"","background-media":"","overlay-type":"","overlay-color":"","overlay-opacity":"","overlay-gradient":""},"mobile":{"background-color":"var(--ast-global-color-5)","background-image":"","background-repeat":"repeat","background-position":"center center","background-size":"auto","background-attachment":"scroll","background-type":"","background-media":"","overlay-type":"","overlay-color":"","overlay-opacity":"","overlay-gradient":""}},"spay_email":""},"product_cat":[163,164,155,77,93],"product_tag":[],"_links":{"self":[{"href":"https:\/\/jugueterialudico.com.ar\/index.php?rest_route=\/wp\/v2\/product\/18847"}],"collection":[{"href":"https:\/\/jugueterialudico.com.ar\/index.php?rest_route=\/wp\/v2\/product"}],"about":[{"href":"https:\/\/jugueterialudico.com.ar\/index.php?rest_route=\/wp\/v2\/types\/product"}],"replies":[{"embeddable":true,"href":"https:\/\/jugueterialudico.com.ar\/index.php?rest_route=%2Fwp%2Fv2%2Fcomments&post=18847"}],"wp:featuredmedia":[{"embeddable":true,"href":"https:\/\/jugueterialudico.com.ar\/index.php?rest_route=\/wp\/v2\/media\/18848"}],"wp:attachment":[{"href":"https:\/\/jugueterialudico.com.ar\/index.php?rest_route=%2Fwp%2Fv2%2Fmedia&parent=18847"}],"wp:term":[{"taxonomy":"product_cat","embeddable":true,"href":"https:\/\/jugueterialudico.com.ar\/index.php?rest_route=%2Fwp%2Fv2%2Fproduct_cat&post=18847"},{"taxonomy":"product_tag","embeddable":true,"href":"https:\/\/jugueterialudico.com.ar\/index.php?rest_route=%2Fwp%2Fv2%2Fproduct_tag&post=18847"}],"curies":[{"name":"wp","href":"https:\/\/api.w.org\/{rel}","templated":true}]}}