{"id":18911,"date":"2020-09-06T12:10:23","date_gmt":"2020-09-06T15:10:23","guid":{"rendered":"https:\/\/jugueterialudico.com.ar\/?post_type=product&#038;p=18911"},"modified":"2026-04-06T16:53:27","modified_gmt":"2026-04-06T19:53:27","slug":"aprendemos-los-numeros","status":"publish","type":"product","link":"https:\/\/jugueterialudico.com.ar\/?product=aprendemos-los-numeros","title":{"rendered":"APRENDEMOS LOS N\u00daMEROS ASOCIACI\u00d3N -029"},"content":{"rendered":"","protected":false},"excerpt":{"rendered":"<h2>APRENDEMOS LOS N\u00daMEROS<\/h2>\n<h2>Rompecabezas \u00abDUO\u00bb<\/h2>\n<h2>AUTO-CORRECTORES<\/h2>\n<h3>(cada pieza solo puede ser encastrada con otra de la misma forma)<\/h3>\n<h3>Una divertida forma de aprender&#8230;<\/h3>\n<h3><\/h3>\n<h3>\u00bfCu\u00e1ntos b\u00fahos hay? \u00bfCu\u00e1ntas abejas?<\/h3>\n<h3>Incluye 12 rompecabezas (abeja, ardilla, b\u00faho, cerdo, gato, hormiga, oruga, jirafa, mono, oso, pez, rat\u00f3n).<\/h3>\n<p><strong>Edad: desde los 2 a\u00f1os<\/strong><br \/>\n<strong>1 o m\u00e1s jugadores\u00a0<\/strong><\/p>\n<p><strong>Contenido: 12 rompecabezas<\/strong><br \/>\n<strong>Formato rompecabezas: 11,5 x 5,1 cm<\/strong><\/p>\n","protected":false},"featured_media":19314,"comment_status":"closed","ping_status":"closed","template":"","meta":{"site-sidebar-layout":"default","site-content-layout":"default","ast-site-content-layout":"","site-content-style":"default","site-sidebar-style":"default","ast-global-header-display":"","ast-banner-title-visibility":"","ast-main-header-display":"","ast-hfb-above-header-display":"","ast-hfb-below-header-display":"","ast-hfb-mobile-header-display":"","site-post-title":"","ast-breadcrumbs-content":"","ast-featured-img":"","footer-sml-layout":"","theme-transparent-header-meta":"default","adv-header-id-meta":"","stick-header-meta":"","header-above-stick-meta":"","header-main-stick-meta":"","header-below-stick-meta":"","astra-migrate-meta-layouts":"default","ast-page-background-enabled":"default","ast-page-background-meta":{"desktop":{"background-color":"","background-image":"","background-repeat":"repeat","background-position":"center center","background-size":"auto","background-attachment":"scroll","background-type":"","background-media":"","overlay-type":"","overlay-color":"","overlay-opacity":"","overlay-gradient":""},"tablet":{"background-color":"","background-image":"","background-repeat":"repeat","background-position":"center center","background-size":"auto","background-attachment":"scroll","background-type":"","background-media":"","overlay-type":"","overlay-color":"","overlay-opacity":"","overlay-gradient":""},"mobile":{"background-color":"","background-image":"","background-repeat":"repeat","background-position":"center center","background-size":"auto","background-attachment":"scroll","background-type":"","background-media":"","overlay-type":"","overlay-color":"","overlay-opacity":"","overlay-gradient":""}},"ast-content-background-meta":{"desktop":{"background-color":"var(--ast-global-color-5)","background-image":"","background-repeat":"repeat","background-position":"center center","background-size":"auto","background-attachment":"scroll","background-type":"","background-media":"","overlay-type":"","overlay-color":"","overlay-opacity":"","overlay-gradient":""},"tablet":{"background-color":"var(--ast-global-color-5)","background-image":"","background-repeat":"repeat","background-position":"center center","background-size":"auto","background-attachment":"scroll","background-type":"","background-media":"","overlay-type":"","overlay-color":"","overlay-opacity":"","overlay-gradient":""},"mobile":{"background-color":"var(--ast-global-color-5)","background-image":"","background-repeat":"repeat","background-position":"center center","background-size":"auto","background-attachment":"scroll","background-type":"","background-media":"","overlay-type":"","overlay-color":"","overlay-opacity":"","overlay-gradient":""}},"spay_email":""},"product_cat":[163,146,72],"product_tag":[],"_links":{"self":[{"href":"https:\/\/jugueterialudico.com.ar\/index.php?rest_route=\/wp\/v2\/product\/18911"}],"collection":[{"href":"https:\/\/jugueterialudico.com.ar\/index.php?rest_route=\/wp\/v2\/product"}],"about":[{"href":"https:\/\/jugueterialudico.com.ar\/index.php?rest_route=\/wp\/v2\/types\/product"}],"replies":[{"embeddable":true,"href":"https:\/\/jugueterialudico.com.ar\/index.php?rest_route=%2Fwp%2Fv2%2Fcomments&post=18911"}],"wp:featuredmedia":[{"embeddable":true,"href":"https:\/\/jugueterialudico.com.ar\/index.php?rest_route=\/wp\/v2\/media\/19314"}],"wp:attachment":[{"href":"https:\/\/jugueterialudico.com.ar\/index.php?rest_route=%2Fwp%2Fv2%2Fmedia&parent=18911"}],"wp:term":[{"taxonomy":"product_cat","embeddable":true,"href":"https:\/\/jugueterialudico.com.ar\/index.php?rest_route=%2Fwp%2Fv2%2Fproduct_cat&post=18911"},{"taxonomy":"product_tag","embeddable":true,"href":"https:\/\/jugueterialudico.com.ar\/index.php?rest_route=%2Fwp%2Fv2%2Fproduct_tag&post=18911"}],"curies":[{"name":"wp","href":"https:\/\/api.w.org\/{rel}","templated":true}]}}