{"id":18963,"date":"2020-07-20T01:51:42","date_gmt":"2020-07-20T04:51:42","guid":{"rendered":"https:\/\/jugueterialudico.com.ar\/?post_type=product&#038;p=18963"},"modified":"2026-03-09T11:54:20","modified_gmt":"2026-03-09T14:54:20","slug":"kit-de-las-criaturas-espeluznantes","status":"publish","type":"product","link":"https:\/\/jugueterialudico.com.ar\/?product=kit-de-las-criaturas-espeluznantes","title":{"rendered":"KIT DE LAS CRIATURAS ESPELUZNANTES &#8211; 028"},"content":{"rendered":"","protected":false},"excerpt":{"rendered":"<p>Descubriendo los pol\u00edmeros vegetales, conseguir\u00e1s mezclando dos l\u00edquidos formar un s\u00f3lido de aspecto singular. Lograr\u00e1s que un l\u00edquidos permanezca dentro de un s\u00f3lido. Observar\u00e1s como un material se transforma de tama\u00f1o. El ni\u00f1o podr\u00e1 comprobar y aprender que la Naturaleza, las cosas de la vida cotidiana y hasta \u00e9l mismo, est\u00e1n formados por pol\u00edmeros.<\/p>\n<p>Medida del cubo: 10cm de cada lado.<\/p>\n<p><strong>Desarrollo de habilidades<\/strong><\/p>\n<p>&nbsp;<\/p>\n<ul>\n<li>Podr\u00e1s formar un s\u00f3lido de aspecto singular, al mezclar dos l\u00edquidos<\/li>\n<li>Investigar\u00e1s c\u00f3mo un l\u00edquido puede permanecer a dentro del s\u00f3lido<\/li>\n<li>Ver\u00e1s como un material crece varias veces su tama\u00f1o, al colocarlo simplemente en agua<\/li>\n<li>Experimentar\u00e1s con el comportamiento de los materiales, elaborando tu propia soluci\u00f3n<\/li>\n<li>Variar\u00e1s el material para descubrir diferentes resultados<\/li>\n<li>Intentar\u00e1s responder preguntas, que dar\u00e1n comienzo a nuevas preguntas.<\/li>\n<li>Descubrir\u00e1s el alginato proveniente del mundo vegetal y la gelatina del animal.<\/li>\n<li>Experimentar\u00e1s con el poliacrilato de sodio<\/li>\n<li>Medir\u00e1s y clasificar\u00e1s materiales<\/li>\n<li>Observar\u00e1s fen\u00f3menos que se producen por reacciones qu\u00edmicas<\/li>\n<\/ul>\n<p>&nbsp;<\/p>\n<p>&nbsp;<\/p>\n<p><strong>Este Kit contiene<\/strong><\/p>\n<ul>\n<li>Alginato de sodio<\/li>\n<li>Frasco con pico vertedor<\/li>\n<li>Pote descartable<\/li>\n<li>Cloruro de calcio<\/li>\n<li>Esp\u00e1tulas de madera<\/li>\n<li>Formitas de poliacrilato<\/li>\n<li>Frasco con colorante alimenticio<\/li>\n<li>Cuchara medidora<\/li>\n<li>Vaso medidor<\/li>\n<li>Gu\u00eda de actividades<\/li>\n<\/ul>\n<p>+8 A\u00d1OS<\/p>\n","protected":false},"featured_media":18964,"comment_status":"closed","ping_status":"closed","template":"","meta":{"site-sidebar-layout":"default","site-content-layout":"","ast-site-content-layout":"","site-content-style":"default","site-sidebar-style":"default","ast-global-header-display":"","ast-banner-title-visibility":"","ast-main-header-display":"","ast-hfb-above-header-display":"","ast-hfb-below-header-display":"","ast-hfb-mobile-header-display":"","site-post-title":"","ast-breadcrumbs-content":"","ast-featured-img":"","footer-sml-layout":"","theme-transparent-header-meta":"","adv-header-id-meta":"","stick-header-meta":"","header-above-stick-meta":"","header-main-stick-meta":"","header-below-stick-meta":"","astra-migrate-meta-layouts":"default","ast-page-background-enabled":"default","ast-page-background-meta":{"desktop":{"background-color":"","background-image":"","background-repeat":"repeat","background-position":"center center","background-size":"auto","background-attachment":"scroll","background-type":"","background-media":"","overlay-type":"","overlay-color":"","overlay-opacity":"","overlay-gradient":""},"tablet":{"background-color":"","background-image":"","background-repeat":"repeat","background-position":"center center","background-size":"auto","background-attachment":"scroll","background-type":"","background-media":"","overlay-type":"","overlay-color":"","overlay-opacity":"","overlay-gradient":""},"mobile":{"background-color":"","background-image":"","background-repeat":"repeat","background-position":"center center","background-size":"auto","background-attachment":"scroll","background-type":"","background-media":"","overlay-type":"","overlay-color":"","overlay-opacity":"","overlay-gradient":""}},"ast-content-background-meta":{"desktop":{"background-color":"var(--ast-global-color-5)","background-image":"","background-repeat":"repeat","background-position":"center center","background-size":"auto","background-attachment":"scroll","background-type":"","background-media":"","overlay-type":"","overlay-color":"","overlay-opacity":"","overlay-gradient":""},"tablet":{"background-color":"var(--ast-global-color-5)","background-image":"","background-repeat":"repeat","background-position":"center center","background-size":"auto","background-attachment":"scroll","background-type":"","background-media":"","overlay-type":"","overlay-color":"","overlay-opacity":"","overlay-gradient":""},"mobile":{"background-color":"var(--ast-global-color-5)","background-image":"","background-repeat":"repeat","background-position":"center center","background-size":"auto","background-attachment":"scroll","background-type":"","background-media":"","overlay-type":"","overlay-color":"","overlay-opacity":"","overlay-gradient":""}},"spay_email":""},"product_cat":[167,75],"product_tag":[],"_links":{"self":[{"href":"https:\/\/jugueterialudico.com.ar\/index.php?rest_route=\/wp\/v2\/product\/18963"}],"collection":[{"href":"https:\/\/jugueterialudico.com.ar\/index.php?rest_route=\/wp\/v2\/product"}],"about":[{"href":"https:\/\/jugueterialudico.com.ar\/index.php?rest_route=\/wp\/v2\/types\/product"}],"replies":[{"embeddable":true,"href":"https:\/\/jugueterialudico.com.ar\/index.php?rest_route=%2Fwp%2Fv2%2Fcomments&post=18963"}],"wp:featuredmedia":[{"embeddable":true,"href":"https:\/\/jugueterialudico.com.ar\/index.php?rest_route=\/wp\/v2\/media\/18964"}],"wp:attachment":[{"href":"https:\/\/jugueterialudico.com.ar\/index.php?rest_route=%2Fwp%2Fv2%2Fmedia&parent=18963"}],"wp:term":[{"taxonomy":"product_cat","embeddable":true,"href":"https:\/\/jugueterialudico.com.ar\/index.php?rest_route=%2Fwp%2Fv2%2Fproduct_cat&post=18963"},{"taxonomy":"product_tag","embeddable":true,"href":"https:\/\/jugueterialudico.com.ar\/index.php?rest_route=%2Fwp%2Fv2%2Fproduct_tag&post=18963"}],"curies":[{"name":"wp","href":"https:\/\/api.w.org\/{rel}","templated":true}]}}