{"id":19102,"date":"2020-10-14T11:24:28","date_gmt":"2020-10-14T14:24:28","guid":{"rendered":"https:\/\/jugueterialudico.com.ar\/?post_type=product&#038;p=19102"},"modified":"2025-09-16T16:43:44","modified_gmt":"2025-09-16T19:43:44","slug":"teg-junior","status":"publish","type":"product","link":"https:\/\/jugueterialudico.com.ar\/?product=teg-junior","title":{"rendered":"TEG JUNIOR -081"},"content":{"rendered":"","protected":false},"excerpt":{"rendered":"<p>TEG JUNIOR.<\/p>\n<p>\u00a1GAN\u00c1 TU PRIMERA PARTIDA DE TEG!<\/p>\n<p>CON TODA LA ADRENALINA DE ESTE DESAF\u00cdO DE T\u00c1CTICA\u00a0 Y ESTRATEGIA VAS A PODER REAGRUPAR TUS FUERZAS Y ATACAR PA\u00cdSES CON UN JUEGO CREADO PARA VOS. \u00a1CUMPL\u00cd TU OBJETIVO Y DIVERTITE A LO GRANDE!<\/p>\n<p>TEG JUNIOR ES UNA ADAPTACI\u00d3N INFANTIL DEL TEG TRADICIONAL, CUENTA CON UN MAPA REDISE\u00d1ADO CON MENOS PA\u00cdSES, PIEZAS M\u00c1S GRANDES Y OBJETIVOS M\u00c1S SIMPLES.<\/p>\n<p>JUGADORES: 2 A 4.<\/p>\n<p>EDAD: +8 A\u00d1OS.<\/p>\n<p>CONTENIDO DE LA CAJA: 1 TABLERO (MAPA DIVIDIDO EN 32 PA\u00cdSES AGRUPADOS EN 6 CONTINENTES), 192 FICHAS (48 DE CADA COLOR), 32 TARJETAS DE PA\u00cdSES, 6 DADOS, 14 TARJETAS DE OBJETIVO SECRETO, 1 CAJA DE FICHAS PARA ARMAR, 3 TARJETAS RESUMEN DEL JUEGO, 1 REGLAMENTO.<\/p>\n","protected":false},"featured_media":19103,"comment_status":"closed","ping_status":"closed","template":"","meta":{"site-sidebar-layout":"default","site-content-layout":"","ast-site-content-layout":"","site-content-style":"default","site-sidebar-style":"default","ast-global-header-display":"","ast-banner-title-visibility":"","ast-main-header-display":"","ast-hfb-above-header-display":"","ast-hfb-below-header-display":"","ast-hfb-mobile-header-display":"","site-post-title":"","ast-breadcrumbs-content":"","ast-featured-img":"","footer-sml-layout":"","theme-transparent-header-meta":"","adv-header-id-meta":"","stick-header-meta":"","header-above-stick-meta":"","header-main-stick-meta":"","header-below-stick-meta":"","astra-migrate-meta-layouts":"default","ast-page-background-enabled":"default","ast-page-background-meta":{"desktop":{"background-color":"","background-image":"","background-repeat":"repeat","background-position":"center center","background-size":"auto","background-attachment":"scroll","background-type":"","background-media":"","overlay-type":"","overlay-color":"","overlay-opacity":"","overlay-gradient":""},"tablet":{"background-color":"","background-image":"","background-repeat":"repeat","background-position":"center center","background-size":"auto","background-attachment":"scroll","background-type":"","background-media":"","overlay-type":"","overlay-color":"","overlay-opacity":"","overlay-gradient":""},"mobile":{"background-color":"","background-image":"","background-repeat":"repeat","background-position":"center center","background-size":"auto","background-attachment":"scroll","background-type":"","background-media":"","overlay-type":"","overlay-color":"","overlay-opacity":"","overlay-gradient":""}},"ast-content-background-meta":{"desktop":{"background-color":"var(--ast-global-color-5)","background-image":"","background-repeat":"repeat","background-position":"center center","background-size":"auto","background-attachment":"scroll","background-type":"","background-media":"","overlay-type":"","overlay-color":"","overlay-opacity":"","overlay-gradient":""},"tablet":{"background-color":"var(--ast-global-color-5)","background-image":"","background-repeat":"repeat","background-position":"center center","background-size":"auto","background-attachment":"scroll","background-type":"","background-media":"","overlay-type":"","overlay-color":"","overlay-opacity":"","overlay-gradient":""},"mobile":{"background-color":"var(--ast-global-color-5)","background-image":"","background-repeat":"repeat","background-position":"center center","background-size":"auto","background-attachment":"scroll","background-type":"","background-media":"","overlay-type":"","overlay-color":"","overlay-opacity":"","overlay-gradient":""}},"spay_email":""},"product_cat":[167,74],"product_tag":[],"_links":{"self":[{"href":"https:\/\/jugueterialudico.com.ar\/index.php?rest_route=\/wp\/v2\/product\/19102"}],"collection":[{"href":"https:\/\/jugueterialudico.com.ar\/index.php?rest_route=\/wp\/v2\/product"}],"about":[{"href":"https:\/\/jugueterialudico.com.ar\/index.php?rest_route=\/wp\/v2\/types\/product"}],"replies":[{"embeddable":true,"href":"https:\/\/jugueterialudico.com.ar\/index.php?rest_route=%2Fwp%2Fv2%2Fcomments&post=19102"}],"wp:featuredmedia":[{"embeddable":true,"href":"https:\/\/jugueterialudico.com.ar\/index.php?rest_route=\/wp\/v2\/media\/19103"}],"wp:attachment":[{"href":"https:\/\/jugueterialudico.com.ar\/index.php?rest_route=%2Fwp%2Fv2%2Fmedia&parent=19102"}],"wp:term":[{"taxonomy":"product_cat","embeddable":true,"href":"https:\/\/jugueterialudico.com.ar\/index.php?rest_route=%2Fwp%2Fv2%2Fproduct_cat&post=19102"},{"taxonomy":"product_tag","embeddable":true,"href":"https:\/\/jugueterialudico.com.ar\/index.php?rest_route=%2Fwp%2Fv2%2Fproduct_tag&post=19102"}],"curies":[{"name":"wp","href":"https:\/\/api.w.org\/{rel}","templated":true}]}}