{"id":19307,"date":"2020-10-22T12:33:26","date_gmt":"2020-10-22T15:33:26","guid":{"rendered":"https:\/\/jugueterialudico.com.ar\/?post_type=product&#038;p=19307"},"modified":"2025-05-05T17:11:29","modified_gmt":"2025-05-05T20:11:29","slug":"sales-para-bano","status":"publish","type":"product","link":"https:\/\/jugueterialudico.com.ar\/?product=sales-para-bano","title":{"rendered":"POLVO DE BA\u00d1O -069"},"content":{"rendered":"<p>Eleg\u00ed el color que m\u00e1s te guste, viene en Verde y Violeta.<\/p>\n<p>&nbsp;<\/p>\n<p>Est\u00e1n aprobadas para uso en ni\u00f1xs desde 3 a\u00f1os y dejan un perfume rico y suave. \u00a1Puro color en el agua y sin manchar el cuerpo ni la ba\u00f1adera!<\/p>\n<p>Son veganas, cruelty free y biodegradables. Est\u00e1n hechas a mano en un laboratorio argentino.<\/p>\n<p>&nbsp;<\/p>\n<p>Para que el efecto efervescente funcione, el agua tiene que estar tibia o caliente, pero no fr\u00eda.<\/p>\n<p>Forma de uso: colocar la cantidad deseada de polvo de bomba en el agua de la ba\u00f1adera. Enjuagarse antes de salir.<\/p>\n<p>Contenido neto 100gr.<\/p>\n","protected":false},"excerpt":{"rendered":"<p><strong>Polvo efervescente\u00a0para\u00a0la ba\u00f1adera. Limpia\u00a0el cuerpo y colorea\u00a0el agua.\u2060<\/strong><\/p>\n<p>\u00a1Rinde hasta 3 ba\u00f1os divertidos!<\/p>\n<p>&nbsp;<\/p>\n","protected":false},"featured_media":24468,"comment_status":"closed","ping_status":"closed","template":"","meta":{"site-sidebar-layout":"default","site-content-layout":"default","ast-site-content-layout":"","site-content-style":"default","site-sidebar-style":"default","ast-global-header-display":"","ast-banner-title-visibility":"","ast-main-header-display":"","ast-hfb-above-header-display":"","ast-hfb-below-header-display":"","ast-hfb-mobile-header-display":"","site-post-title":"","ast-breadcrumbs-content":"","ast-featured-img":"","footer-sml-layout":"","theme-transparent-header-meta":"default","adv-header-id-meta":"","stick-header-meta":"","header-above-stick-meta":"","header-main-stick-meta":"","header-below-stick-meta":"","astra-migrate-meta-layouts":"default","ast-page-background-enabled":"default","ast-page-background-meta":{"desktop":{"background-color":"","background-image":"","background-repeat":"repeat","background-position":"center center","background-size":"auto","background-attachment":"scroll","background-type":"","background-media":"","overlay-type":"","overlay-color":"","overlay-opacity":"","overlay-gradient":""},"tablet":{"background-color":"","background-image":"","background-repeat":"repeat","background-position":"center center","background-size":"auto","background-attachment":"scroll","background-type":"","background-media":"","overlay-type":"","overlay-color":"","overlay-opacity":"","overlay-gradient":""},"mobile":{"background-color":"","background-image":"","background-repeat":"repeat","background-position":"center center","background-size":"auto","background-attachment":"scroll","background-type":"","background-media":"","overlay-type":"","overlay-color":"","overlay-opacity":"","overlay-gradient":""}},"ast-content-background-meta":{"desktop":{"background-color":"var(--ast-global-color-5)","background-image":"","background-repeat":"repeat","background-position":"center center","background-size":"auto","background-attachment":"scroll","background-type":"","background-media":"","overlay-type":"","overlay-color":"","overlay-opacity":"","overlay-gradient":""},"tablet":{"background-color":"var(--ast-global-color-5)","background-image":"","background-repeat":"repeat","background-position":"center center","background-size":"auto","background-attachment":"scroll","background-type":"","background-media":"","overlay-type":"","overlay-color":"","overlay-opacity":"","overlay-gradient":""},"mobile":{"background-color":"var(--ast-global-color-5)","background-image":"","background-repeat":"repeat","background-position":"center center","background-size":"auto","background-attachment":"scroll","background-type":"","background-media":"","overlay-type":"","overlay-color":"","overlay-opacity":"","overlay-gradient":""}},"spay_email":""},"product_cat":[164,153],"product_tag":[],"_links":{"self":[{"href":"https:\/\/jugueterialudico.com.ar\/index.php?rest_route=\/wp\/v2\/product\/19307"}],"collection":[{"href":"https:\/\/jugueterialudico.com.ar\/index.php?rest_route=\/wp\/v2\/product"}],"about":[{"href":"https:\/\/jugueterialudico.com.ar\/index.php?rest_route=\/wp\/v2\/types\/product"}],"replies":[{"embeddable":true,"href":"https:\/\/jugueterialudico.com.ar\/index.php?rest_route=%2Fwp%2Fv2%2Fcomments&post=19307"}],"wp:featuredmedia":[{"embeddable":true,"href":"https:\/\/jugueterialudico.com.ar\/index.php?rest_route=\/wp\/v2\/media\/24468"}],"wp:attachment":[{"href":"https:\/\/jugueterialudico.com.ar\/index.php?rest_route=%2Fwp%2Fv2%2Fmedia&parent=19307"}],"wp:term":[{"taxonomy":"product_cat","embeddable":true,"href":"https:\/\/jugueterialudico.com.ar\/index.php?rest_route=%2Fwp%2Fv2%2Fproduct_cat&post=19307"},{"taxonomy":"product_tag","embeddable":true,"href":"https:\/\/jugueterialudico.com.ar\/index.php?rest_route=%2Fwp%2Fv2%2Fproduct_tag&post=19307"}],"curies":[{"name":"wp","href":"https:\/\/api.w.org\/{rel}","templated":true}]}}