{"id":19669,"date":"2020-10-14T11:00:11","date_gmt":"2020-10-14T14:00:11","guid":{"rendered":"https:\/\/jugueterialudico.com.ar\/?post_type=product&#038;p=19669"},"modified":"2025-10-29T11:26:18","modified_gmt":"2025-10-29T14:26:18","slug":"teg-la-revancha","status":"publish","type":"product","link":"https:\/\/jugueterialudico.com.ar\/?product=teg-la-revancha","title":{"rendered":"TEG LA REVANCHA -081"},"content":{"rendered":"","protected":false},"excerpt":{"rendered":"<p>El sue\u00f1o de dominar el planeta se renueva en este nuevo y apasionante desaf\u00edo, donde no solo el azar decide las batallas, sino fundamentalmente la inteligencia, t\u00e1ctica y estrat\u00e9gica del jugador para disponer sus fuerzas. El juego sigue las reglas b\u00e1sicas del T.E.G. original, pero adiciona 22 pa\u00edses, 2 dados, misiles, 7 tarjetas de continente y 50 tarjetas de situaci\u00f3n. La incorporaci\u00f3n de los misiles supone un nuevo planteo en la t\u00e1ctica habitual; los mismos se consiguen canjeando 6 ej\u00e9rcitos y tienen la capacidad de destruir 3 ej\u00e9rcitos fronterizos autom\u00e1ticamente, pudiendo tambi\u00e9n atacar a pa\u00edses no lim\u00edtrofes. Las tarjetas de situaci\u00f3n, son otro de los agregados a esta versi\u00f3n del T.E.G., con ellas, cada ronda cuenta con un aspecto \u00fanico, como el ataque con cuatro dados, el descanso obligado o la prohibici\u00f3n de ataques dentro de los continentes.<\/p>\n<p>El primer jugador en lograr su objetivo secreto, o conquistar 45 pa\u00edses (objetivo com\u00fan), ser\u00e1 el ganador.<\/p>\n<dl>\n<dt>Jugadores:<\/dt>\n<\/dl>\n<p>2 a 6 jugadores<\/p>\n<dl>\n<dt>Edad:<\/dt>\n<\/dl>\n<p>+12 a\u00f1os<\/p>\n<dl>\n<dt>Contenido de la caja:<\/dt>\n<dd>1 tablero (mapa dividido en 72 pa\u00edses agrupados en 7 continentes), 6 cajas de colores con 100 fichas (ej\u00e9rcitos) cada una, 72 tarjetas de pa\u00edses, 7 de continentes, 20 de objetivos, 50 de situaci\u00f3n y 1 de mano, misiles, 8 dados, 1 reglamento, 1 planillas<\/dd>\n<\/dl>\n","protected":false},"featured_media":19670,"comment_status":"closed","ping_status":"closed","template":"","meta":{"site-sidebar-layout":"default","site-content-layout":"","ast-site-content-layout":"","site-content-style":"default","site-sidebar-style":"default","ast-global-header-display":"","ast-banner-title-visibility":"","ast-main-header-display":"","ast-hfb-above-header-display":"","ast-hfb-below-header-display":"","ast-hfb-mobile-header-display":"","site-post-title":"","ast-breadcrumbs-content":"","ast-featured-img":"","footer-sml-layout":"","theme-transparent-header-meta":"","adv-header-id-meta":"","stick-header-meta":"","header-above-stick-meta":"","header-main-stick-meta":"","header-below-stick-meta":"","astra-migrate-meta-layouts":"default","ast-page-background-enabled":"default","ast-page-background-meta":{"desktop":{"background-color":"","background-image":"","background-repeat":"repeat","background-position":"center center","background-size":"auto","background-attachment":"scroll","background-type":"","background-media":"","overlay-type":"","overlay-color":"","overlay-opacity":"","overlay-gradient":""},"tablet":{"background-color":"","background-image":"","background-repeat":"repeat","background-position":"center center","background-size":"auto","background-attachment":"scroll","background-type":"","background-media":"","overlay-type":"","overlay-color":"","overlay-opacity":"","overlay-gradient":""},"mobile":{"background-color":"","background-image":"","background-repeat":"repeat","background-position":"center center","background-size":"auto","background-attachment":"scroll","background-type":"","background-media":"","overlay-type":"","overlay-color":"","overlay-opacity":"","overlay-gradient":""}},"ast-content-background-meta":{"desktop":{"background-color":"var(--ast-global-color-5)","background-image":"","background-repeat":"repeat","background-position":"center center","background-size":"auto","background-attachment":"scroll","background-type":"","background-media":"","overlay-type":"","overlay-color":"","overlay-opacity":"","overlay-gradient":""},"tablet":{"background-color":"var(--ast-global-color-5)","background-image":"","background-repeat":"repeat","background-position":"center center","background-size":"auto","background-attachment":"scroll","background-type":"","background-media":"","overlay-type":"","overlay-color":"","overlay-opacity":"","overlay-gradient":""},"mobile":{"background-color":"var(--ast-global-color-5)","background-image":"","background-repeat":"repeat","background-position":"center center","background-size":"auto","background-attachment":"scroll","background-type":"","background-media":"","overlay-type":"","overlay-color":"","overlay-opacity":"","overlay-gradient":""}},"spay_email":""},"product_cat":[168,74],"product_tag":[],"_links":{"self":[{"href":"https:\/\/jugueterialudico.com.ar\/index.php?rest_route=\/wp\/v2\/product\/19669"}],"collection":[{"href":"https:\/\/jugueterialudico.com.ar\/index.php?rest_route=\/wp\/v2\/product"}],"about":[{"href":"https:\/\/jugueterialudico.com.ar\/index.php?rest_route=\/wp\/v2\/types\/product"}],"replies":[{"embeddable":true,"href":"https:\/\/jugueterialudico.com.ar\/index.php?rest_route=%2Fwp%2Fv2%2Fcomments&post=19669"}],"wp:featuredmedia":[{"embeddable":true,"href":"https:\/\/jugueterialudico.com.ar\/index.php?rest_route=\/wp\/v2\/media\/19670"}],"wp:attachment":[{"href":"https:\/\/jugueterialudico.com.ar\/index.php?rest_route=%2Fwp%2Fv2%2Fmedia&parent=19669"}],"wp:term":[{"taxonomy":"product_cat","embeddable":true,"href":"https:\/\/jugueterialudico.com.ar\/index.php?rest_route=%2Fwp%2Fv2%2Fproduct_cat&post=19669"},{"taxonomy":"product_tag","embeddable":true,"href":"https:\/\/jugueterialudico.com.ar\/index.php?rest_route=%2Fwp%2Fv2%2Fproduct_tag&post=19669"}],"curies":[{"name":"wp","href":"https:\/\/api.w.org\/{rel}","templated":true}]}}