{"id":19694,"date":"2021-01-01T21:49:13","date_gmt":"2021-01-02T00:49:13","guid":{"rendered":"https:\/\/jugueterialudico.com.ar\/?post_type=product&#038;p=19694"},"modified":"2026-01-12T19:53:32","modified_gmt":"2026-01-12T22:53:32","slug":"juliana-cocinera","status":"publish","type":"product","link":"https:\/\/jugueterialudico.com.ar\/?product=juliana-cocinera","title":{"rendered":"JULIANA COCINERA CHICA -075"},"content":{"rendered":"<p>VALIJA JULIANA COCINERA CHICA<br \/>\nORIGINAL<\/p>\n<p>Contiene:<br \/>\n1 tarrito de az\u00facar<br \/>\n1 tarrito de harina<br \/>\n1 tarrito de caf\u00e9<br \/>\n1 tarrito de sal<br \/>\n5 utensillos diferentes<br \/>\n9 cajitas de comiditas (vac\u00edas)<br \/>\n2 moldes<br \/>\n1 colador<br \/>\n1 recipiente<br \/>\nBilletes y monedas (varios)<br \/>\nMedidas de la valija:18 cm de alto x 7 cm de ancho x 19,5 cm de largo<\/p>\n","protected":false},"excerpt":{"rendered":"<p>VALIJA JULIANA COCINERA CHICA ORIGINAL Contiene: 1 tarrito de az\u00facar 1 tarrito de harina 1 tarrito de caf\u00e9 1 tarrito de sal 5 utensillos diferentes 9 cajitas de comiditas (vac\u00edas) 2 moldes 1 colador 1 recipiente Billetes y monedas (varios) Medidas de la valija:18 cm de alto x 7 cm de ancho x 19,5 cm [&hellip;]<\/p>\n","protected":false},"featured_media":19695,"comment_status":"closed","ping_status":"closed","template":"","meta":{"site-sidebar-layout":"default","site-content-layout":"","ast-site-content-layout":"","site-content-style":"default","site-sidebar-style":"default","ast-global-header-display":"","ast-banner-title-visibility":"","ast-main-header-display":"","ast-hfb-above-header-display":"","ast-hfb-below-header-display":"","ast-hfb-mobile-header-display":"","site-post-title":"","ast-breadcrumbs-content":"","ast-featured-img":"","footer-sml-layout":"","theme-transparent-header-meta":"","adv-header-id-meta":"","stick-header-meta":"","header-above-stick-meta":"","header-main-stick-meta":"","header-below-stick-meta":"","astra-migrate-meta-layouts":"default","ast-page-background-enabled":"default","ast-page-background-meta":{"desktop":{"background-color":"","background-image":"","background-repeat":"repeat","background-position":"center center","background-size":"auto","background-attachment":"scroll","background-type":"","background-media":"","overlay-type":"","overlay-color":"","overlay-opacity":"","overlay-gradient":""},"tablet":{"background-color":"","background-image":"","background-repeat":"repeat","background-position":"center center","background-size":"auto","background-attachment":"scroll","background-type":"","background-media":"","overlay-type":"","overlay-color":"","overlay-opacity":"","overlay-gradient":""},"mobile":{"background-color":"","background-image":"","background-repeat":"repeat","background-position":"center center","background-size":"auto","background-attachment":"scroll","background-type":"","background-media":"","overlay-type":"","overlay-color":"","overlay-opacity":"","overlay-gradient":""}},"ast-content-background-meta":{"desktop":{"background-color":"var(--ast-global-color-5)","background-image":"","background-repeat":"repeat","background-position":"center center","background-size":"auto","background-attachment":"scroll","background-type":"","background-media":"","overlay-type":"","overlay-color":"","overlay-opacity":"","overlay-gradient":""},"tablet":{"background-color":"var(--ast-global-color-5)","background-image":"","background-repeat":"repeat","background-position":"center center","background-size":"auto","background-attachment":"scroll","background-type":"","background-media":"","overlay-type":"","overlay-color":"","overlay-opacity":"","overlay-gradient":""},"mobile":{"background-color":"var(--ast-global-color-5)","background-image":"","background-repeat":"repeat","background-position":"center center","background-size":"auto","background-attachment":"scroll","background-type":"","background-media":"","overlay-type":"","overlay-color":"","overlay-opacity":"","overlay-gradient":""}},"spay_email":""},"product_cat":[18,165,166,78],"product_tag":[],"_links":{"self":[{"href":"https:\/\/jugueterialudico.com.ar\/index.php?rest_route=\/wp\/v2\/product\/19694"}],"collection":[{"href":"https:\/\/jugueterialudico.com.ar\/index.php?rest_route=\/wp\/v2\/product"}],"about":[{"href":"https:\/\/jugueterialudico.com.ar\/index.php?rest_route=\/wp\/v2\/types\/product"}],"replies":[{"embeddable":true,"href":"https:\/\/jugueterialudico.com.ar\/index.php?rest_route=%2Fwp%2Fv2%2Fcomments&post=19694"}],"wp:featuredmedia":[{"embeddable":true,"href":"https:\/\/jugueterialudico.com.ar\/index.php?rest_route=\/wp\/v2\/media\/19695"}],"wp:attachment":[{"href":"https:\/\/jugueterialudico.com.ar\/index.php?rest_route=%2Fwp%2Fv2%2Fmedia&parent=19694"}],"wp:term":[{"taxonomy":"product_cat","embeddable":true,"href":"https:\/\/jugueterialudico.com.ar\/index.php?rest_route=%2Fwp%2Fv2%2Fproduct_cat&post=19694"},{"taxonomy":"product_tag","embeddable":true,"href":"https:\/\/jugueterialudico.com.ar\/index.php?rest_route=%2Fwp%2Fv2%2Fproduct_tag&post=19694"}],"curies":[{"name":"wp","href":"https:\/\/api.w.org\/{rel}","templated":true}]}}