{"id":19779,"date":"2021-01-12T21:30:22","date_gmt":"2021-01-13T00:30:22","guid":{"rendered":"https:\/\/jugueterialudico.com.ar\/?post_type=product&#038;p=19779"},"modified":"2025-12-11T19:28:47","modified_gmt":"2025-12-11T22:28:47","slug":"hdp-juego-base","status":"publish","type":"product","link":"https:\/\/jugueterialudico.com.ar\/?product=hdp-juego-base","title":{"rendered":"HDP JUEGO BASE -041"},"content":{"rendered":"<section class=\"ui-view-more vip-section-specs main-section \">\n<div class=\"specs-wrapper\">\n<section class=\"specs-container specs-secondary-specs specs-layout-default u-clearfix\">\n<ul class=\"specs-list specs-list-secondary specs-structure-xlarge\">\n<li class=\"specs-item specs-item-secondary\"><strong>Tipo de juego<\/strong>\u00a0Cartas<\/li>\n<li class=\"specs-item specs-item-secondary\"><strong>Contenido del paquete<\/strong>\u00a0442 cartas,1 reglamento<\/li>\n<li class=\"specs-item specs-item-secondary\"><strong>Edad m\u00ednima recomendada<\/strong>\u00a018 a\u00f1os<\/li>\n<li class=\"specs-item specs-item-secondary\"><strong>Cantidad m\u00ednima de jugadores<\/strong>\u00a04<\/li>\n<li class=\"specs-item specs-item-secondary\"><strong>Cantidad m\u00e1xima de jugadores<\/strong>\u00a012<\/li>\n<li class=\"specs-item specs-item-secondary\"><strong>Idioma<\/strong>\u00a0Espa\u00f1ol<\/li>\n<li class=\"specs-item specs-item-secondary\"><strong>Tiempo estimado de juego<\/strong>\u00a030 m &#8211; 90 m<\/li>\n<\/ul>\n<\/section>\n<\/div>\n<\/section>\n<section class=\"main-section item-description \">\n<h2 class=\"main-section__title item-description__title\">Descripci\u00f3n del producto<\/h2>\n<div id=\"description-includes\" class=\"item-description__content \">\n<div class=\"item-description__text\">\n<p>HDP (Hasta Donde Puedas)<\/p>\n<p>Hasta Donde Puedas es un juego de humor que va a responder a la pregunta: Cual es el mas zarpado entre todos tus amigos? Un juego de humor absurdo, negro, sutil, disparatado, y por qu\u00e9 no, bien HDP.<\/p>\n<p>\u00bfC\u00f3mo se juega?<br \/>\nPrimero se elige al jugador m\u00e1s HDP, quien empezar\u00e1 dando vuelta una carta negra. El resto de los participantes le responden con una de sus cartas blancas boca abajo. El HDP elige la que mas le guste (porque le hizo re\u00edr mas, o porque le pareci\u00f3 las mas zarpada, o por la raz\u00f3n que se le cante), el jugador elegido se anota 1 punto. El primero en llegar a 5 puntos gana!<\/p>\n<p>&#8211; Duraci\u00f3n: 30 a 90 minutos.<br \/>\n&#8211; Jugadores\/as: 4 a 12.<br \/>\n&#8211; Edad: +18 a\u00f1os.<br \/>\n&#8211; Editorial: Bureau de Juegos.<\/p>\n<\/div>\n<\/div>\n<\/section>\n","protected":false},"excerpt":{"rendered":"<p>Tipo de juego\u00a0Cartas Contenido del paquete\u00a0442 cartas,1 reglamento Edad m\u00ednima recomendada\u00a018 a\u00f1os Cantidad m\u00ednima de jugadores\u00a04 Cantidad m\u00e1xima de jugadores\u00a012 Idioma\u00a0Espa\u00f1ol Tiempo estimado de juego\u00a030 m &#8211; 90 m Descripci\u00f3n del producto HDP (Hasta Donde Puedas) Hasta Donde Puedas es un juego de humor que va a responder a la pregunta: Cual es el mas [&hellip;]<\/p>\n","protected":false},"featured_media":19780,"comment_status":"closed","ping_status":"closed","template":"","meta":{"site-sidebar-layout":"default","site-content-layout":"","ast-site-content-layout":"","site-content-style":"default","site-sidebar-style":"default","ast-global-header-display":"","ast-banner-title-visibility":"","ast-main-header-display":"","ast-hfb-above-header-display":"","ast-hfb-below-header-display":"","ast-hfb-mobile-header-display":"","site-post-title":"","ast-breadcrumbs-content":"","ast-featured-img":"","footer-sml-layout":"","theme-transparent-header-meta":"","adv-header-id-meta":"","stick-header-meta":"","header-above-stick-meta":"","header-main-stick-meta":"","header-below-stick-meta":"","astra-migrate-meta-layouts":"default","ast-page-background-enabled":"default","ast-page-background-meta":{"desktop":{"background-color":"","background-image":"","background-repeat":"repeat","background-position":"center center","background-size":"auto","background-attachment":"scroll","background-type":"","background-media":"","overlay-type":"","overlay-color":"","overlay-opacity":"","overlay-gradient":""},"tablet":{"background-color":"","background-image":"","background-repeat":"repeat","background-position":"center center","background-size":"auto","background-attachment":"scroll","background-type":"","background-media":"","overlay-type":"","overlay-color":"","overlay-opacity":"","overlay-gradient":""},"mobile":{"background-color":"","background-image":"","background-repeat":"repeat","background-position":"center center","background-size":"auto","background-attachment":"scroll","background-type":"","background-media":"","overlay-type":"","overlay-color":"","overlay-opacity":"","overlay-gradient":""}},"ast-content-background-meta":{"desktop":{"background-color":"var(--ast-global-color-5)","background-image":"","background-repeat":"repeat","background-position":"center center","background-size":"auto","background-attachment":"scroll","background-type":"","background-media":"","overlay-type":"","overlay-color":"","overlay-opacity":"","overlay-gradient":""},"tablet":{"background-color":"var(--ast-global-color-5)","background-image":"","background-repeat":"repeat","background-position":"center center","background-size":"auto","background-attachment":"scroll","background-type":"","background-media":"","overlay-type":"","overlay-color":"","overlay-opacity":"","overlay-gradient":""},"mobile":{"background-color":"var(--ast-global-color-5)","background-image":"","background-repeat":"repeat","background-position":"center center","background-size":"auto","background-attachment":"scroll","background-type":"","background-media":"","overlay-type":"","overlay-color":"","overlay-opacity":"","overlay-gradient":""}},"spay_email":""},"product_cat":[168,74],"product_tag":[],"_links":{"self":[{"href":"https:\/\/jugueterialudico.com.ar\/index.php?rest_route=\/wp\/v2\/product\/19779"}],"collection":[{"href":"https:\/\/jugueterialudico.com.ar\/index.php?rest_route=\/wp\/v2\/product"}],"about":[{"href":"https:\/\/jugueterialudico.com.ar\/index.php?rest_route=\/wp\/v2\/types\/product"}],"replies":[{"embeddable":true,"href":"https:\/\/jugueterialudico.com.ar\/index.php?rest_route=%2Fwp%2Fv2%2Fcomments&post=19779"}],"wp:featuredmedia":[{"embeddable":true,"href":"https:\/\/jugueterialudico.com.ar\/index.php?rest_route=\/wp\/v2\/media\/19780"}],"wp:attachment":[{"href":"https:\/\/jugueterialudico.com.ar\/index.php?rest_route=%2Fwp%2Fv2%2Fmedia&parent=19779"}],"wp:term":[{"taxonomy":"product_cat","embeddable":true,"href":"https:\/\/jugueterialudico.com.ar\/index.php?rest_route=%2Fwp%2Fv2%2Fproduct_cat&post=19779"},{"taxonomy":"product_tag","embeddable":true,"href":"https:\/\/jugueterialudico.com.ar\/index.php?rest_route=%2Fwp%2Fv2%2Fproduct_tag&post=19779"}],"curies":[{"name":"wp","href":"https:\/\/api.w.org\/{rel}","templated":true}]}}