{"id":19782,"date":"2021-01-12T21:46:04","date_gmt":"2021-01-13T00:46:04","guid":{"rendered":"https:\/\/jugueterialudico.com.ar\/?post_type=product&#038;p=19782"},"modified":"2025-05-05T19:34:40","modified_gmt":"2025-05-05T22:34:40","slug":"no-lo-testeamos-ni-un-poco-base","status":"publish","type":"product","link":"https:\/\/jugueterialudico.com.ar\/?product=no-lo-testeamos-ni-un-poco-base","title":{"rendered":"No Lo Testeamos Ni Un Poco (BASE) -041"},"content":{"rendered":"<p>NO LO TESTEAMOS NI UN POCO<\/p>\n<p>No Lo Testeamos Ni Un Poco es la versi\u00f3n argentina del juego de mesa We Didn\u2019t Playtest This At All.<\/p>\n<p>Una partida promedio de NLTNUP dura de 5 a 15 minutos y en ella TODO es posible: desde perder por un Piedra, Papel o Tijera hasta ganar por ser el m\u00e1s bajito; desde protegerte de agujeros negros y dragones hasta tropezarte por culpa de un puntero l\u00e1ser; desde tener que elegir si te toc\u00e1s o no la nariz hasta ser v\u00edctima de una emboscada de gatitos reci\u00e9n nacidos.<\/p>\n<p>\u00bfC\u00f3mo se juega?<\/p>\n<p>\u00a1NLTNP es un juego r\u00e1pido de eliminaci\u00f3n! Gana el que elimina a todos los dem\u00e1s, y cada carta te sirve para eliminar a todos los dem\u00e1s de las maneras m\u00e1s bizarras posibles<\/p>\n<p>El NLTNUP incluye adem\u00e1s la expansi\u00f3n \u00abCartas del Caos\u00bb, que son 18 cartas adicionales con reglas que se aplican para toda la partida como por ejemplo, tener que decirle un apodo al jugador que juega su turno despu\u00e9s del tuyo para no perder (las cartas de las expansi\u00f3n se usan de una por partida).<\/p>\n<p>Adem\u00e1s, la versi\u00f3n argentina incluye cartas exclusivas pensadas en argentina que, entre otras cosas, te pueden hacer definir una partida con un Pan y Queso.<\/p>\n<p>&#8211; Duraci\u00f3n: 3 a 15 minutos.<br \/>\n&#8211; Jugadores\/as: 2 a 18.<br \/>\n&#8211; Edad: +18 a\u00f1os.<br \/>\n&#8211; Editorial: Bureau de Juegos<\/p>\n<p>MEDIDAS DEL PACKAGING:<\/p>\n<p>9,5 CM DE ALTO X 13 CM DE ANCHO<\/p>\n","protected":false},"excerpt":{"rendered":"<p>NO LO TESTEAMOS NI UN POCO No Lo Testeamos Ni Un Poco es la versi\u00f3n argentina del juego de mesa We Didn\u2019t Playtest This At All. Una partida promedio de NLTNUP dura de 5 a 15 minutos y en ella TODO es posible: desde perder por un Piedra, Papel o Tijera hasta ganar por ser [&hellip;]<\/p>\n","protected":false},"featured_media":19783,"comment_status":"closed","ping_status":"closed","template":"","meta":{"site-sidebar-layout":"default","site-content-layout":"","ast-site-content-layout":"","site-content-style":"default","site-sidebar-style":"default","ast-global-header-display":"","ast-banner-title-visibility":"","ast-main-header-display":"","ast-hfb-above-header-display":"","ast-hfb-below-header-display":"","ast-hfb-mobile-header-display":"","site-post-title":"","ast-breadcrumbs-content":"","ast-featured-img":"","footer-sml-layout":"","theme-transparent-header-meta":"","adv-header-id-meta":"","stick-header-meta":"","header-above-stick-meta":"","header-main-stick-meta":"","header-below-stick-meta":"","astra-migrate-meta-layouts":"default","ast-page-background-enabled":"default","ast-page-background-meta":{"desktop":{"background-color":"","background-image":"","background-repeat":"repeat","background-position":"center center","background-size":"auto","background-attachment":"scroll","background-type":"","background-media":"","overlay-type":"","overlay-color":"","overlay-opacity":"","overlay-gradient":""},"tablet":{"background-color":"","background-image":"","background-repeat":"repeat","background-position":"center center","background-size":"auto","background-attachment":"scroll","background-type":"","background-media":"","overlay-type":"","overlay-color":"","overlay-opacity":"","overlay-gradient":""},"mobile":{"background-color":"","background-image":"","background-repeat":"repeat","background-position":"center center","background-size":"auto","background-attachment":"scroll","background-type":"","background-media":"","overlay-type":"","overlay-color":"","overlay-opacity":"","overlay-gradient":""}},"ast-content-background-meta":{"desktop":{"background-color":"var(--ast-global-color-5)","background-image":"","background-repeat":"repeat","background-position":"center center","background-size":"auto","background-attachment":"scroll","background-type":"","background-media":"","overlay-type":"","overlay-color":"","overlay-opacity":"","overlay-gradient":""},"tablet":{"background-color":"var(--ast-global-color-5)","background-image":"","background-repeat":"repeat","background-position":"center center","background-size":"auto","background-attachment":"scroll","background-type":"","background-media":"","overlay-type":"","overlay-color":"","overlay-opacity":"","overlay-gradient":""},"mobile":{"background-color":"var(--ast-global-color-5)","background-image":"","background-repeat":"repeat","background-position":"center center","background-size":"auto","background-attachment":"scroll","background-type":"","background-media":"","overlay-type":"","overlay-color":"","overlay-opacity":"","overlay-gradient":""}},"spay_email":""},"product_cat":[168,74],"product_tag":[],"_links":{"self":[{"href":"https:\/\/jugueterialudico.com.ar\/index.php?rest_route=\/wp\/v2\/product\/19782"}],"collection":[{"href":"https:\/\/jugueterialudico.com.ar\/index.php?rest_route=\/wp\/v2\/product"}],"about":[{"href":"https:\/\/jugueterialudico.com.ar\/index.php?rest_route=\/wp\/v2\/types\/product"}],"replies":[{"embeddable":true,"href":"https:\/\/jugueterialudico.com.ar\/index.php?rest_route=%2Fwp%2Fv2%2Fcomments&post=19782"}],"wp:featuredmedia":[{"embeddable":true,"href":"https:\/\/jugueterialudico.com.ar\/index.php?rest_route=\/wp\/v2\/media\/19783"}],"wp:attachment":[{"href":"https:\/\/jugueterialudico.com.ar\/index.php?rest_route=%2Fwp%2Fv2%2Fmedia&parent=19782"}],"wp:term":[{"taxonomy":"product_cat","embeddable":true,"href":"https:\/\/jugueterialudico.com.ar\/index.php?rest_route=%2Fwp%2Fv2%2Fproduct_cat&post=19782"},{"taxonomy":"product_tag","embeddable":true,"href":"https:\/\/jugueterialudico.com.ar\/index.php?rest_route=%2Fwp%2Fv2%2Fproduct_tag&post=19782"}],"curies":[{"name":"wp","href":"https:\/\/api.w.org\/{rel}","templated":true}]}}