{"id":19786,"date":"2021-01-12T21:53:53","date_gmt":"2021-01-13T00:53:53","guid":{"rendered":"https:\/\/jugueterialudico.com.ar\/?post_type=product&#038;p=19786"},"modified":"2024-08-28T11:02:38","modified_gmt":"2024-08-28T14:02:38","slug":"prendete-fuego","status":"publish","type":"product","link":"https:\/\/jugueterialudico.com.ar\/?product=prendete-fuego","title":{"rendered":"Prendete Fuego -041"},"content":{"rendered":"<p>Prendete Fuego<\/p>\n<p>PARA 4 A 12 JUGADORES<br \/>\n&#8211; PARA 18+ A\u00d1OS<br \/>\n&#8211; DURACI\u00d3N: 30 A 90 MINUTOS<\/p>\n<p>En Internet todos somos m\u00e1s lindos, m\u00e1s interesantes y m\u00e1s inteligentes. Prendete Fuego lleg\u00f3 para cambiar eso. En tu turno, das vuelta una carta naranja indic\u00e1ndole a los dem\u00e1s d\u00f3nde ten\u00e9s que publicar el desaf\u00edo. Luego cada jugador va a jugar una carta negra tratando de crear el desaf\u00edo m\u00e1s divertido y humillante posible.<\/p>\n<p>Prendete Fuego es un juego para personas capaces de hacer cualquier cosa con tal de ganar, y para los que quieren divertirse vi\u00e9ndolos.<\/p>\n<ul class=\"specs-list specs-list-secondary specs-structure-xlarge\">\n<li class=\"specs-item specs-item-secondary\"><strong>Tipo de juego<\/strong>\u00a0Desaf\u00edo<\/li>\n<li class=\"specs-item specs-item-secondary\"><strong>Contenido del paquete<\/strong>\u00a0300 CARTAS,1 MANUAL DE INSTRUCCIONES<\/li>\n<li class=\"specs-item specs-item-secondary\"><strong>Edad m\u00ednima recomendada<\/strong>\u00a018 a\u00f1os<\/li>\n<li class=\"specs-item specs-item-secondary\"><strong>Cantidad m\u00ednima de jugadores<\/strong>\u00a04<\/li>\n<li class=\"specs-item specs-item-secondary\"><strong>Cantidad m\u00e1xima de jugadores<\/strong>\u00a012<\/li>\n<\/ul>\n<p>(Solo para mayores de 18 a\u00f1os)<\/p>\n","protected":false},"excerpt":{"rendered":"<p>Prendete Fuego PARA 4 A 12 JUGADORES &#8211; PARA 18+ A\u00d1OS &#8211; DURACI\u00d3N: 30 A 90 MINUTOS En Internet todos somos m\u00e1s lindos, m\u00e1s interesantes y m\u00e1s inteligentes. Prendete Fuego lleg\u00f3 para cambiar eso. En tu turno, das vuelta una carta naranja indic\u00e1ndole a los dem\u00e1s d\u00f3nde ten\u00e9s que publicar el desaf\u00edo. Luego cada jugador [&hellip;]<\/p>\n","protected":false},"featured_media":19787,"comment_status":"closed","ping_status":"closed","template":"","meta":{"site-sidebar-layout":"default","site-content-layout":"","ast-site-content-layout":"","site-content-style":"default","site-sidebar-style":"default","ast-global-header-display":"","ast-banner-title-visibility":"","ast-main-header-display":"","ast-hfb-above-header-display":"","ast-hfb-below-header-display":"","ast-hfb-mobile-header-display":"","site-post-title":"","ast-breadcrumbs-content":"","ast-featured-img":"","footer-sml-layout":"","theme-transparent-header-meta":"","adv-header-id-meta":"","stick-header-meta":"","header-above-stick-meta":"","header-main-stick-meta":"","header-below-stick-meta":"","astra-migrate-meta-layouts":"default","ast-page-background-enabled":"default","ast-page-background-meta":{"desktop":{"background-color":"","background-image":"","background-repeat":"repeat","background-position":"center center","background-size":"auto","background-attachment":"scroll","background-type":"","background-media":"","overlay-type":"","overlay-color":"","overlay-opacity":"","overlay-gradient":""},"tablet":{"background-color":"","background-image":"","background-repeat":"repeat","background-position":"center center","background-size":"auto","background-attachment":"scroll","background-type":"","background-media":"","overlay-type":"","overlay-color":"","overlay-opacity":"","overlay-gradient":""},"mobile":{"background-color":"","background-image":"","background-repeat":"repeat","background-position":"center center","background-size":"auto","background-attachment":"scroll","background-type":"","background-media":"","overlay-type":"","overlay-color":"","overlay-opacity":"","overlay-gradient":""}},"ast-content-background-meta":{"desktop":{"background-color":"var(--ast-global-color-5)","background-image":"","background-repeat":"repeat","background-position":"center center","background-size":"auto","background-attachment":"scroll","background-type":"","background-media":"","overlay-type":"","overlay-color":"","overlay-opacity":"","overlay-gradient":""},"tablet":{"background-color":"var(--ast-global-color-5)","background-image":"","background-repeat":"repeat","background-position":"center center","background-size":"auto","background-attachment":"scroll","background-type":"","background-media":"","overlay-type":"","overlay-color":"","overlay-opacity":"","overlay-gradient":""},"mobile":{"background-color":"var(--ast-global-color-5)","background-image":"","background-repeat":"repeat","background-position":"center center","background-size":"auto","background-attachment":"scroll","background-type":"","background-media":"","overlay-type":"","overlay-color":"","overlay-opacity":"","overlay-gradient":""}},"spay_email":""},"product_cat":[168,74],"product_tag":[],"_links":{"self":[{"href":"https:\/\/jugueterialudico.com.ar\/index.php?rest_route=\/wp\/v2\/product\/19786"}],"collection":[{"href":"https:\/\/jugueterialudico.com.ar\/index.php?rest_route=\/wp\/v2\/product"}],"about":[{"href":"https:\/\/jugueterialudico.com.ar\/index.php?rest_route=\/wp\/v2\/types\/product"}],"replies":[{"embeddable":true,"href":"https:\/\/jugueterialudico.com.ar\/index.php?rest_route=%2Fwp%2Fv2%2Fcomments&post=19786"}],"wp:featuredmedia":[{"embeddable":true,"href":"https:\/\/jugueterialudico.com.ar\/index.php?rest_route=\/wp\/v2\/media\/19787"}],"wp:attachment":[{"href":"https:\/\/jugueterialudico.com.ar\/index.php?rest_route=%2Fwp%2Fv2%2Fmedia&parent=19786"}],"wp:term":[{"taxonomy":"product_cat","embeddable":true,"href":"https:\/\/jugueterialudico.com.ar\/index.php?rest_route=%2Fwp%2Fv2%2Fproduct_cat&post=19786"},{"taxonomy":"product_tag","embeddable":true,"href":"https:\/\/jugueterialudico.com.ar\/index.php?rest_route=%2Fwp%2Fv2%2Fproduct_tag&post=19786"}],"curies":[{"name":"wp","href":"https:\/\/api.w.org\/{rel}","templated":true}]}}