{"id":19801,"date":"2021-01-12T22:43:47","date_gmt":"2021-01-13T01:43:47","guid":{"rendered":"https:\/\/jugueterialudico.com.ar\/?post_type=product&#038;p=19801"},"modified":"2024-12-14T20:06:30","modified_gmt":"2024-12-14T23:06:30","slug":"what-up","status":"publish","type":"product","link":"https:\/\/jugueterialudico.com.ar\/?product=what-up","title":{"rendered":"What\u00b4 Up -041"},"content":{"rendered":"<h2 class=\"ui-pdp-description__title\">What&#8217;s Up<\/h2>\n<p class=\"ui-pdp-description__content\">What&#8217;s Up es un juego de cartas que no vas a poder parar de jugar. Arm\u00e1 tus sets de P\u00e1jaros lo m\u00e1s r\u00e1pido posible, record\u00e1 donde qued\u00f3 cada carta y ten\u00e9 en cuenta los sets que van armando los dem\u00e1s.<br \/>\nY cuando ganes\u2026 \u00a1jug\u00e1 de nuevo!<\/p>\n<p>&gt; Jugadores: 2-4<br \/>\n&gt; Tiempo de juego aproximado: 20 minutos<br \/>\n&gt; Edad recomendada: +15 a\u00f1os<\/p>\n<p>El objetivo de los jugadores es coleccionar cartas de P\u00e1jaros: cada colecci\u00f3n comprende las cartas de 1 a 3 p\u00e1jaros del mismo color (como en una escalera).<br \/>\nEn cada turno, un jugador elige una carta de la mesa y la da vuelta. Si los P\u00e1jaros del dorso encajan en su Colecci\u00f3n, la agrega, si no, la devuelve a la mesa con la nueva cara hacia arriba, y sigue otro jugador.<br \/>\nCada carta tiene P\u00e1jaros de ambos lados. \u00a1Vas a tener que poner en ejercicio todas tus dotes memoriosas para no perder rastro de los P\u00e1jaros que est\u00e1s buscando!<br \/>\nCuando un jugador completa todas sus colecciones (dependiendo de la cantidad de jugadores), \u00a1es el ganador!<\/p>\n<ul class=\"ui-pdp-list__wrapper\">\n<li class=\"ui-pdp-list__item\">\n<p class=\"ui-pdp-list__text\"><span class=\"ui-pdp-color--BLACK ui-pdp-size--XSMALL ui-pdp-family--BOLD\">Tipo de juego<\/span>: De Fiesta<\/p>\n<\/li>\n<li class=\"ui-pdp-list__item\">\n<p class=\"ui-pdp-list__text\"><span class=\"ui-pdp-color--BLACK ui-pdp-size--XSMALL ui-pdp-family--BOLD\">Edad m\u00ednima recomendada<\/span>: 15 a\u00f1os<\/p>\n<\/li>\n<\/ul>\n<ul class=\"ui-pdp-list__wrapper\">\n<li class=\"ui-pdp-list__item\">\n<p class=\"ui-pdp-list__text\"><span class=\"ui-pdp-color--BLACK ui-pdp-size--XSMALL ui-pdp-family--BOLD\">Cantidad m\u00ednima de jugadores<\/span>: 2<\/p>\n<\/li>\n<\/ul>\n","protected":false},"excerpt":{"rendered":"<p>What&#8217;s Up What&#8217;s Up es un juego de cartas que no vas a poder parar de jugar. Arm\u00e1 tus sets de P\u00e1jaros lo m\u00e1s r\u00e1pido posible, record\u00e1 donde qued\u00f3 cada carta y ten\u00e9 en cuenta los sets que van armando los dem\u00e1s. Y cuando ganes\u2026 \u00a1jug\u00e1 de nuevo! &gt; Jugadores: 2-4 &gt; Tiempo de juego [&hellip;]<\/p>\n","protected":false},"featured_media":19802,"comment_status":"closed","ping_status":"closed","template":"","meta":{"site-sidebar-layout":"default","site-content-layout":"","ast-site-content-layout":"","site-content-style":"default","site-sidebar-style":"default","ast-global-header-display":"","ast-banner-title-visibility":"","ast-main-header-display":"","ast-hfb-above-header-display":"","ast-hfb-below-header-display":"","ast-hfb-mobile-header-display":"","site-post-title":"","ast-breadcrumbs-content":"","ast-featured-img":"","footer-sml-layout":"","theme-transparent-header-meta":"","adv-header-id-meta":"","stick-header-meta":"","header-above-stick-meta":"","header-main-stick-meta":"","header-below-stick-meta":"","astra-migrate-meta-layouts":"default","ast-page-background-enabled":"default","ast-page-background-meta":{"desktop":{"background-color":"","background-image":"","background-repeat":"repeat","background-position":"center center","background-size":"auto","background-attachment":"scroll","background-type":"","background-media":"","overlay-type":"","overlay-color":"","overlay-opacity":"","overlay-gradient":""},"tablet":{"background-color":"","background-image":"","background-repeat":"repeat","background-position":"center center","background-size":"auto","background-attachment":"scroll","background-type":"","background-media":"","overlay-type":"","overlay-color":"","overlay-opacity":"","overlay-gradient":""},"mobile":{"background-color":"","background-image":"","background-repeat":"repeat","background-position":"center center","background-size":"auto","background-attachment":"scroll","background-type":"","background-media":"","overlay-type":"","overlay-color":"","overlay-opacity":"","overlay-gradient":""}},"ast-content-background-meta":{"desktop":{"background-color":"var(--ast-global-color-5)","background-image":"","background-repeat":"repeat","background-position":"center center","background-size":"auto","background-attachment":"scroll","background-type":"","background-media":"","overlay-type":"","overlay-color":"","overlay-opacity":"","overlay-gradient":""},"tablet":{"background-color":"var(--ast-global-color-5)","background-image":"","background-repeat":"repeat","background-position":"center center","background-size":"auto","background-attachment":"scroll","background-type":"","background-media":"","overlay-type":"","overlay-color":"","overlay-opacity":"","overlay-gradient":""},"mobile":{"background-color":"var(--ast-global-color-5)","background-image":"","background-repeat":"repeat","background-position":"center center","background-size":"auto","background-attachment":"scroll","background-type":"","background-media":"","overlay-type":"","overlay-color":"","overlay-opacity":"","overlay-gradient":""}},"spay_email":""},"product_cat":[168,74],"product_tag":[],"_links":{"self":[{"href":"https:\/\/jugueterialudico.com.ar\/index.php?rest_route=\/wp\/v2\/product\/19801"}],"collection":[{"href":"https:\/\/jugueterialudico.com.ar\/index.php?rest_route=\/wp\/v2\/product"}],"about":[{"href":"https:\/\/jugueterialudico.com.ar\/index.php?rest_route=\/wp\/v2\/types\/product"}],"replies":[{"embeddable":true,"href":"https:\/\/jugueterialudico.com.ar\/index.php?rest_route=%2Fwp%2Fv2%2Fcomments&post=19801"}],"wp:featuredmedia":[{"embeddable":true,"href":"https:\/\/jugueterialudico.com.ar\/index.php?rest_route=\/wp\/v2\/media\/19802"}],"wp:attachment":[{"href":"https:\/\/jugueterialudico.com.ar\/index.php?rest_route=%2Fwp%2Fv2%2Fmedia&parent=19801"}],"wp:term":[{"taxonomy":"product_cat","embeddable":true,"href":"https:\/\/jugueterialudico.com.ar\/index.php?rest_route=%2Fwp%2Fv2%2Fproduct_cat&post=19801"},{"taxonomy":"product_tag","embeddable":true,"href":"https:\/\/jugueterialudico.com.ar\/index.php?rest_route=%2Fwp%2Fv2%2Fproduct_tag&post=19801"}],"curies":[{"name":"wp","href":"https:\/\/api.w.org\/{rel}","templated":true}]}}