{"id":19853,"date":"2021-04-21T17:09:51","date_gmt":"2021-04-21T20:09:51","guid":{"rendered":"https:\/\/jugueterialudico.com.ar\/?post_type=product&#038;p=19853"},"modified":"2023-12-19T18:43:46","modified_gmt":"2023-12-19T21:43:46","slug":"circo-mediano","status":"publish","type":"product","link":"https:\/\/jugueterialudico.com.ar\/?product=circo-mediano","title":{"rendered":"CIRCO MEDIANO -056"},"content":{"rendered":"<p><strong>CARPA DE CIRCO MEDIANO\u00a0<\/strong><\/p>\n<p>1.50 METROS DE ALTURA. AMPLITUD INTERIOR 1.2 EN LA BASE (DADA POR LOS GAJOS DE LA TELA TRANSLUCIDA)<\/p>\n<p>COLORES DISPONIBLES: NATURAL, NARANJA, FUCCIA, TURQUESA Y VERDE MANZANA.\u00a0 SIEMPRE CON RAYADO MULTICOLOR.<\/p>\n<p>LAVADO:<\/p>\n<p>SE LAVA CON AGUA FR\u00cdA EN EL LAVARROPA, SECAR AL SOL Y VOLVER A COLGAR. LA TELA ES DE POLIESTER ANTI-MANCHAS.<\/p>\n<p>INSTALACI\u00d3N: SE CUELGA CON PITON Y TACO FISCHER QUE VIENE INCLUIDO. UNA PEQUE\u00d1A PERFORACI\u00d3N ES SUFICIENTE.<\/p>\n","protected":false},"excerpt":{"rendered":"<p>CARPA DE CIRCO MEDIANO\u00a0 1.50 METROS DE ALTURA. AMPLITUD INTERIOR 1.2 EN LA BASE (DADA POR LOS GAJOS DE LA TELA TRANSLUCIDA) COLORES DISPONIBLES: NATURAL, NARANJA, FUCCIA, TURQUESA Y VERDE MANZANA.\u00a0 SIEMPRE CON RAYADO MULTICOLOR. LAVADO: SE LAVA CON AGUA FR\u00cdA EN EL LAVARROPA, SECAR AL SOL Y VOLVER A COLGAR. LA TELA ES DE [&hellip;]<\/p>\n","protected":false},"featured_media":19854,"comment_status":"closed","ping_status":"closed","template":"","meta":{"site-sidebar-layout":"default","site-content-layout":"","ast-site-content-layout":"","site-content-style":"default","site-sidebar-style":"default","ast-global-header-display":"","ast-banner-title-visibility":"","ast-main-header-display":"","ast-hfb-above-header-display":"","ast-hfb-below-header-display":"","ast-hfb-mobile-header-display":"","site-post-title":"","ast-breadcrumbs-content":"","ast-featured-img":"","footer-sml-layout":"","theme-transparent-header-meta":"","adv-header-id-meta":"","stick-header-meta":"","header-above-stick-meta":"","header-main-stick-meta":"","header-below-stick-meta":"","astra-migrate-meta-layouts":"default","ast-page-background-enabled":"default","ast-page-background-meta":{"desktop":{"background-color":"","background-image":"","background-repeat":"repeat","background-position":"center center","background-size":"auto","background-attachment":"scroll","background-type":"","background-media":"","overlay-type":"","overlay-color":"","overlay-opacity":"","overlay-gradient":""},"tablet":{"background-color":"","background-image":"","background-repeat":"repeat","background-position":"center center","background-size":"auto","background-attachment":"scroll","background-type":"","background-media":"","overlay-type":"","overlay-color":"","overlay-opacity":"","overlay-gradient":""},"mobile":{"background-color":"","background-image":"","background-repeat":"repeat","background-position":"center center","background-size":"auto","background-attachment":"scroll","background-type":"","background-media":"","overlay-type":"","overlay-color":"","overlay-opacity":"","overlay-gradient":""}},"ast-content-background-meta":{"desktop":{"background-color":"var(--ast-global-color-5)","background-image":"","background-repeat":"repeat","background-position":"center center","background-size":"auto","background-attachment":"scroll","background-type":"","background-media":"","overlay-type":"","overlay-color":"","overlay-opacity":"","overlay-gradient":""},"tablet":{"background-color":"var(--ast-global-color-5)","background-image":"","background-repeat":"repeat","background-position":"center center","background-size":"auto","background-attachment":"scroll","background-type":"","background-media":"","overlay-type":"","overlay-color":"","overlay-opacity":"","overlay-gradient":""},"mobile":{"background-color":"var(--ast-global-color-5)","background-image":"","background-repeat":"repeat","background-position":"center center","background-size":"auto","background-attachment":"scroll","background-type":"","background-media":"","overlay-type":"","overlay-color":"","overlay-opacity":"","overlay-gradient":""}},"spay_email":""},"product_cat":[164,165,166,69],"product_tag":[],"_links":{"self":[{"href":"https:\/\/jugueterialudico.com.ar\/index.php?rest_route=\/wp\/v2\/product\/19853"}],"collection":[{"href":"https:\/\/jugueterialudico.com.ar\/index.php?rest_route=\/wp\/v2\/product"}],"about":[{"href":"https:\/\/jugueterialudico.com.ar\/index.php?rest_route=\/wp\/v2\/types\/product"}],"replies":[{"embeddable":true,"href":"https:\/\/jugueterialudico.com.ar\/index.php?rest_route=%2Fwp%2Fv2%2Fcomments&post=19853"}],"wp:featuredmedia":[{"embeddable":true,"href":"https:\/\/jugueterialudico.com.ar\/index.php?rest_route=\/wp\/v2\/media\/19854"}],"wp:attachment":[{"href":"https:\/\/jugueterialudico.com.ar\/index.php?rest_route=%2Fwp%2Fv2%2Fmedia&parent=19853"}],"wp:term":[{"taxonomy":"product_cat","embeddable":true,"href":"https:\/\/jugueterialudico.com.ar\/index.php?rest_route=%2Fwp%2Fv2%2Fproduct_cat&post=19853"},{"taxonomy":"product_tag","embeddable":true,"href":"https:\/\/jugueterialudico.com.ar\/index.php?rest_route=%2Fwp%2Fv2%2Fproduct_tag&post=19853"}],"curies":[{"name":"wp","href":"https:\/\/api.w.org\/{rel}","templated":true}]}}