{"id":19886,"date":"2021-05-08T17:18:16","date_gmt":"2021-05-08T20:18:16","guid":{"rendered":"https:\/\/jugueterialudico.com.ar\/?post_type=product&#038;p=19886"},"modified":"2025-09-01T11:03:38","modified_gmt":"2025-09-01T14:03:38","slug":"mis-calles-accesorio-puente","status":"publish","type":"product","link":"https:\/\/jugueterialudico.com.ar\/?product=mis-calles-accesorio-puente","title":{"rendered":"EXTENSI\u00d3N PUENTE -007"},"content":{"rendered":"<div class=\"product-excerpt\">ACCESORIO PUENTE<\/div>\n<div><\/div>\n<div><strong>DESDE LOS 3 A\u00d1OS\u00a0<\/strong><\/div>\n<div><\/div>\n<div class=\"product-excerpt\">Un juego diferente para desarrollar la creatividad de los ni\u00f1os mientras juegan y arman su propia ciudad. la misma se puede agrandar ilimitadamente.<\/div>\n<div class=\"tabbable \">\n<div class=\"tab-content\">\n<div class=\"tab-pane fade in active\">\n<p>Con el punte de Mis Calles vas a poder llevar tu ciudad al siguiente nivel el complemento ideal para completar tu ciudad! Sumale tambi\u00e9n todas las extensiones que quieras.<br \/>\n-Tambi\u00e9n disponemos de la pista y de otros kits de ampliaci\u00f3n y se\u00f1ales de tr\u00e1nsito para construir tu propia ciudad del tama\u00f1o que quieras<br \/>\n-Todo est\u00e1 fabricado en madera de excelente calidad y con muy buenas terminaciones<br \/>\n-No incluye autos ni se\u00f1ales de tr\u00e1nsito<\/p>\n<\/div>\n<\/div>\n<\/div>\n","protected":false},"excerpt":{"rendered":"<p><strong>\u00a0ACCESORIO PUENTE EN MADERA.\u00a0\u00a0<\/strong><\/p>\n<p>ADICIONAL AL SET INICIAL<\/p>\n<p>&nbsp;<\/p>\n<p>SET RECOMENDADO DESDE LOS 3 A\u00d1OS.<\/p>\n<p>&nbsp;<\/p>\n<p>&nbsp;<\/p>\n<p>&nbsp;<\/p>\n<p>&nbsp;<\/p>\n","protected":false},"featured_media":19888,"comment_status":"closed","ping_status":"closed","template":"","meta":{"site-sidebar-layout":"default","site-content-layout":"","ast-site-content-layout":"","site-content-style":"default","site-sidebar-style":"default","ast-global-header-display":"","ast-banner-title-visibility":"","ast-main-header-display":"","ast-hfb-above-header-display":"","ast-hfb-below-header-display":"","ast-hfb-mobile-header-display":"","site-post-title":"","ast-breadcrumbs-content":"","ast-featured-img":"","footer-sml-layout":"","theme-transparent-header-meta":"","adv-header-id-meta":"","stick-header-meta":"","header-above-stick-meta":"","header-main-stick-meta":"","header-below-stick-meta":"","astra-migrate-meta-layouts":"default","ast-page-background-enabled":"default","ast-page-background-meta":{"desktop":{"background-color":"","background-image":"","background-repeat":"repeat","background-position":"center center","background-size":"auto","background-attachment":"scroll","background-type":"","background-media":"","overlay-type":"","overlay-color":"","overlay-opacity":"","overlay-gradient":""},"tablet":{"background-color":"","background-image":"","background-repeat":"repeat","background-position":"center center","background-size":"auto","background-attachment":"scroll","background-type":"","background-media":"","overlay-type":"","overlay-color":"","overlay-opacity":"","overlay-gradient":""},"mobile":{"background-color":"","background-image":"","background-repeat":"repeat","background-position":"center center","background-size":"auto","background-attachment":"scroll","background-type":"","background-media":"","overlay-type":"","overlay-color":"","overlay-opacity":"","overlay-gradient":""}},"ast-content-background-meta":{"desktop":{"background-color":"var(--ast-global-color-5)","background-image":"","background-repeat":"repeat","background-position":"center center","background-size":"auto","background-attachment":"scroll","background-type":"","background-media":"","overlay-type":"","overlay-color":"","overlay-opacity":"","overlay-gradient":""},"tablet":{"background-color":"var(--ast-global-color-5)","background-image":"","background-repeat":"repeat","background-position":"center center","background-size":"auto","background-attachment":"scroll","background-type":"","background-media":"","overlay-type":"","overlay-color":"","overlay-opacity":"","overlay-gradient":""},"mobile":{"background-color":"var(--ast-global-color-5)","background-image":"","background-repeat":"repeat","background-position":"center center","background-size":"auto","background-attachment":"scroll","background-type":"","background-media":"","overlay-type":"","overlay-color":"","overlay-opacity":"","overlay-gradient":""}},"spay_email":""},"product_cat":[164,165,166,155],"product_tag":[],"_links":{"self":[{"href":"https:\/\/jugueterialudico.com.ar\/index.php?rest_route=\/wp\/v2\/product\/19886"}],"collection":[{"href":"https:\/\/jugueterialudico.com.ar\/index.php?rest_route=\/wp\/v2\/product"}],"about":[{"href":"https:\/\/jugueterialudico.com.ar\/index.php?rest_route=\/wp\/v2\/types\/product"}],"replies":[{"embeddable":true,"href":"https:\/\/jugueterialudico.com.ar\/index.php?rest_route=%2Fwp%2Fv2%2Fcomments&post=19886"}],"wp:featuredmedia":[{"embeddable":true,"href":"https:\/\/jugueterialudico.com.ar\/index.php?rest_route=\/wp\/v2\/media\/19888"}],"wp:attachment":[{"href":"https:\/\/jugueterialudico.com.ar\/index.php?rest_route=%2Fwp%2Fv2%2Fmedia&parent=19886"}],"wp:term":[{"taxonomy":"product_cat","embeddable":true,"href":"https:\/\/jugueterialudico.com.ar\/index.php?rest_route=%2Fwp%2Fv2%2Fproduct_cat&post=19886"},{"taxonomy":"product_tag","embeddable":true,"href":"https:\/\/jugueterialudico.com.ar\/index.php?rest_route=%2Fwp%2Fv2%2Fproduct_tag&post=19886"}],"curies":[{"name":"wp","href":"https:\/\/api.w.org\/{rel}","templated":true}]}}