{"id":19910,"date":"2021-05-20T21:46:11","date_gmt":"2021-05-21T00:46:11","guid":{"rendered":"https:\/\/jugueterialudico.com.ar\/?post_type=product&#038;p=19910"},"modified":"2026-03-31T11:01:22","modified_gmt":"2026-03-31T14:01:22","slug":"bloques-lublocks","status":"publish","type":"product","link":"https:\/\/jugueterialudico.com.ar\/?product=bloques-lublocks","title":{"rendered":"BLOQUES LUBLOCKS -055"},"content":{"rendered":"<p>La goma eva es de alta densidad y de 3 cm de espesor, con lo cual no absorben agua y se secan rapidito. Otra opci\u00f3n con nuestros Juegos LUBLOCKS es que los podes pintar con t\u00e9mperas y darles color con tu propia creatividad, as\u00ed como tambi\u00e9n pueden usarlos como sellitos. Despu\u00e9s los lav\u00e1s con agua y jab\u00f3n y quedan limptitos para volverlos a usar.<\/p>\n<p>TODOS LOS JUEGOS ESTAN CERTIFICADOS, esto quiere decir que son seguros para el uso de bebes reci\u00e9n nacidos y hasta los ni\u00f1os m\u00e1s grandecitos. NO SON TOXICOS, ya que son libres de ftalatos, no se desprenden partes y el tama\u00f1o es suficientemente grande como para ser tragados.<\/p>\n<p>El packaging que tambi\u00e9n est\u00e1 certificado viene con una cuerdita para que luego de usarlos puedan guardarlos y llevarlos a donde quieran. Estos juegos son PARA TODAS LAS EDADES, los recomendamos a partir de que el bebe puede sostener objetos con la mano ya que por su suavidad y vivos colores los hacen muy atractivos para ellos. Tambi\u00e9n los m\u00e1s grandes los adoran, juegan y arman cientos de universos con la gran combinaci\u00f3n que pod\u00e9s hacer de animales y bloques!<\/p>\n","protected":false},"excerpt":{"rendered":"<h2>JUEGOS EN GOMA EVA PARA LOS M\u00c1S PEQUE\u00d1OS.<\/h2>\n<p><span class=\"fe5nidar khvhiq1o r5qsrrlp i5tg98hk f9ovudaz przvwfww gx1rr48f gfz4du6o r7fjleex nz2484kf svot0ezm dcnh1tix sxl192xd t3g6t33p\"><span class=\"mpj7bzys xzlurrtv\">\ud83d\udd35<\/span><\/span><span class=\"fe5nidar khvhiq1o r5qsrrlp i5tg98hk f9ovudaz przvwfww gx1rr48f gfz4du6o r7fjleex nz2484kf svot0ezm dcnh1tix sxl192xd t3g6t33p\"><span class=\"mpj7bzys xzlurrtv\">\ud83d\udfe5<\/span><\/span><span class=\"fe5nidar khvhiq1o r5qsrrlp i5tg98hk f9ovudaz przvwfww gx1rr48f gfz4du6o r7fjleex nz2484kf svot0ezm dcnh1tix sxl192xd t3g6t33p\"><span class=\"mpj7bzys xzlurrtv\">\ud83d\udd37\u00a0<\/span><\/span><strong>40 bloques de\u00a0diferentes colores y formas\u00a0<\/strong><span class=\"fe5nidar khvhiq1o r5qsrrlp i5tg98hk f9ovudaz przvwfww gx1rr48f gfz4du6o r7fjleex nz2484kf svot0ezm dcnh1tix sxl192xd t3g6t33p\"><span class=\"mpj7bzys xzlurrtv\">\ud83d\udd3a<\/span><\/span><span class=\"fe5nidar khvhiq1o r5qsrrlp i5tg98hk f9ovudaz przvwfww gx1rr48f gfz4du6o r7fjleex nz2484kf svot0ezm dcnh1tix sxl192xd t3g6t33p\"><span class=\"mpj7bzys xzlurrtv\">\ud83d\udfe8\u00a0<\/span><\/span><span class=\"fe5nidar khvhiq1o r5qsrrlp i5tg98hk f9ovudaz przvwfww gx1rr48f gfz4du6o r7fjleex nz2484kf svot0ezm dcnh1tix sxl192xd t3g6t33p\"><span class=\"mpj7bzys xzlurrtv\">\ud83d\udfe0\u00a0<\/span><\/span><strong>para apilar y encastrar!<\/strong><\/p>\n<p>Para jugar horas y horas en todos lados! En casa, en la plaza, en la casa de los abuelos, en el jard\u00edn \u00a1d\u00f3nde sea! Adem\u00e1s, son ideales para meterlos en la ba\u00f1adera o en la pileta. Una vez mojados \u00a1se adhieren a cualquier superficie lisa! como la ba\u00f1adera, vidrios o azulejos!.<\/p>\n<p>&nbsp;<\/p>\n<p>&nbsp;<\/p>\n<p>&nbsp;<\/p>\n<p>&nbsp;<\/p>\n<p>&nbsp;<\/p>\n<p>&nbsp;<\/p>\n<p>&nbsp;<\/p>\n","protected":false},"featured_media":25216,"comment_status":"closed","ping_status":"closed","template":"","meta":{"site-sidebar-layout":"default","site-content-layout":"","ast-site-content-layout":"default","site-content-style":"default","site-sidebar-style":"default","ast-global-header-display":"","ast-banner-title-visibility":"","ast-main-header-display":"","ast-hfb-above-header-display":"","ast-hfb-below-header-display":"","ast-hfb-mobile-header-display":"","site-post-title":"","ast-breadcrumbs-content":"","ast-featured-img":"","footer-sml-layout":"","theme-transparent-header-meta":"default","adv-header-id-meta":"","stick-header-meta":"","header-above-stick-meta":"","header-main-stick-meta":"","header-below-stick-meta":"","astra-migrate-meta-layouts":"set","ast-page-background-enabled":"default","ast-page-background-meta":{"desktop":{"background-color":"","background-image":"","background-repeat":"repeat","background-position":"center center","background-size":"auto","background-attachment":"scroll","background-type":"","background-media":"","overlay-type":"","overlay-color":"","overlay-opacity":"","overlay-gradient":""},"tablet":{"background-color":"","background-image":"","background-repeat":"repeat","background-position":"center center","background-size":"auto","background-attachment":"scroll","background-type":"","background-media":"","overlay-type":"","overlay-color":"","overlay-opacity":"","overlay-gradient":""},"mobile":{"background-color":"","background-image":"","background-repeat":"repeat","background-position":"center center","background-size":"auto","background-attachment":"scroll","background-type":"","background-media":"","overlay-type":"","overlay-color":"","overlay-opacity":"","overlay-gradient":""}},"ast-content-background-meta":{"desktop":{"background-color":"var(--ast-global-color-5)","background-image":"","background-repeat":"repeat","background-position":"center center","background-size":"auto","background-attachment":"scroll","background-type":"","background-media":"","overlay-type":"","overlay-color":"","overlay-opacity":"","overlay-gradient":""},"tablet":{"background-color":"var(--ast-global-color-5)","background-image":"","background-repeat":"repeat","background-position":"center center","background-size":"auto","background-attachment":"scroll","background-type":"","background-media":"","overlay-type":"","overlay-color":"","overlay-opacity":"","overlay-gradient":""},"mobile":{"background-color":"var(--ast-global-color-5)","background-image":"","background-repeat":"repeat","background-position":"center center","background-size":"auto","background-attachment":"scroll","background-type":"","background-media":"","overlay-type":"","overlay-color":"","overlay-opacity":"","overlay-gradient":""}},"spay_email":""},"product_cat":[162,161,163,69,77,153,159],"product_tag":[],"_links":{"self":[{"href":"https:\/\/jugueterialudico.com.ar\/index.php?rest_route=\/wp\/v2\/product\/19910"}],"collection":[{"href":"https:\/\/jugueterialudico.com.ar\/index.php?rest_route=\/wp\/v2\/product"}],"about":[{"href":"https:\/\/jugueterialudico.com.ar\/index.php?rest_route=\/wp\/v2\/types\/product"}],"replies":[{"embeddable":true,"href":"https:\/\/jugueterialudico.com.ar\/index.php?rest_route=%2Fwp%2Fv2%2Fcomments&post=19910"}],"wp:featuredmedia":[{"embeddable":true,"href":"https:\/\/jugueterialudico.com.ar\/index.php?rest_route=\/wp\/v2\/media\/25216"}],"wp:attachment":[{"href":"https:\/\/jugueterialudico.com.ar\/index.php?rest_route=%2Fwp%2Fv2%2Fmedia&parent=19910"}],"wp:term":[{"taxonomy":"product_cat","embeddable":true,"href":"https:\/\/jugueterialudico.com.ar\/index.php?rest_route=%2Fwp%2Fv2%2Fproduct_cat&post=19910"},{"taxonomy":"product_tag","embeddable":true,"href":"https:\/\/jugueterialudico.com.ar\/index.php?rest_route=%2Fwp%2Fv2%2Fproduct_tag&post=19910"}],"curies":[{"name":"wp","href":"https:\/\/api.w.org\/{rel}","templated":true}]}}