{"id":20002,"date":"2020-06-15T00:00:48","date_gmt":"2020-06-15T03:00:48","guid":{"rendered":"https:\/\/jugueterialudico.com.ar\/?post_type=product&#038;p=20002"},"modified":"2026-02-18T16:29:14","modified_gmt":"2026-02-18T19:29:14","slug":"pescadores","status":"publish","type":"product","link":"https:\/\/jugueterialudico.com.ar\/?product=pescadores","title":{"rendered":"PESCADORES -035"},"content":{"rendered":"<p>PESCADORES<\/p>\n<p><strong>DESDE LOS 7 A\u00d1OS\u00a0<\/strong><\/p>\n<p>Un juego de Roberto Fraga<br \/>\nPescadores es un juego de mesa de velocidad y observaci\u00f3n. Un juego ideal para jugar en familia con jugadores de varias edades.<\/p>\n<p>Los pescadores quieren salir de pesca. Hay pescadores de varios tama\u00f1os, cantidades, or\u00edgenes y colores. Si ves alguna caracter\u00edstica com\u00fan a todas las cartas, apurate a tocar la campana y decirlo en voz alta para poder quedarte con todas las cartas y juntar tu tripulaci\u00f3n de pescadores.<\/p>\n<p>Pescadores es un juego de mesa del reconocido autor Roberto Fraga, que Mald\u00f3n edita exclusivamente para el mercado latinoamericano. Esta ilustrado por Szoka.<\/p>\n<p>Autor: Roberto Fraga<\/p>\n<p>Ilustrado por: Szoka<\/p>\n<p>Cantidad de jugadores: 2-6<\/p>\n","protected":false},"excerpt":{"rendered":"<h4 class=\"text-uppercase margin-top-none\">PESCADORES<\/h4>\n<h5 class=\"margin-bottom-lg subtitle\">Un juego de Roberto Fraga<\/h5>\n<p>Pescadores es un juego de mesa de velocidad y observaci\u00f3n. Un juego ideal para jugar en familia con jugadores de varias edades.<\/p>\n<p>Los pescadores quieren salir de pesca. Hay pescadores de varios tama\u00f1os, cantidades, or\u00edgenes y colores. Si ves alguna caracter\u00edstica com\u00fan a todas las cartas, apurate a tocar la campana y decirlo en voz alta para poder quedarte con todas las cartas y juntar tu tripulaci\u00f3n de pescadores.<\/p>\n<p><strong>Edad<\/strong>: 7+<\/p>\n<p><strong>Cantidad de jugadores:<\/strong>\u00a02-6<\/p>\n","protected":false},"featured_media":20003,"comment_status":"closed","ping_status":"closed","template":"","meta":{"site-sidebar-layout":"default","site-content-layout":"","ast-site-content-layout":"","site-content-style":"default","site-sidebar-style":"default","ast-global-header-display":"","ast-banner-title-visibility":"","ast-main-header-display":"","ast-hfb-above-header-display":"","ast-hfb-below-header-display":"","ast-hfb-mobile-header-display":"","site-post-title":"","ast-breadcrumbs-content":"","ast-featured-img":"","footer-sml-layout":"","theme-transparent-header-meta":"","adv-header-id-meta":"","stick-header-meta":"","header-above-stick-meta":"","header-main-stick-meta":"","header-below-stick-meta":"","astra-migrate-meta-layouts":"default","ast-page-background-enabled":"default","ast-page-background-meta":{"desktop":{"background-color":"","background-image":"","background-repeat":"repeat","background-position":"center center","background-size":"auto","background-attachment":"scroll","background-type":"","background-media":"","overlay-type":"","overlay-color":"","overlay-opacity":"","overlay-gradient":""},"tablet":{"background-color":"","background-image":"","background-repeat":"repeat","background-position":"center center","background-size":"auto","background-attachment":"scroll","background-type":"","background-media":"","overlay-type":"","overlay-color":"","overlay-opacity":"","overlay-gradient":""},"mobile":{"background-color":"","background-image":"","background-repeat":"repeat","background-position":"center center","background-size":"auto","background-attachment":"scroll","background-type":"","background-media":"","overlay-type":"","overlay-color":"","overlay-opacity":"","overlay-gradient":""}},"ast-content-background-meta":{"desktop":{"background-color":"var(--ast-global-color-5)","background-image":"","background-repeat":"repeat","background-position":"center center","background-size":"auto","background-attachment":"scroll","background-type":"","background-media":"","overlay-type":"","overlay-color":"","overlay-opacity":"","overlay-gradient":""},"tablet":{"background-color":"var(--ast-global-color-5)","background-image":"","background-repeat":"repeat","background-position":"center center","background-size":"auto","background-attachment":"scroll","background-type":"","background-media":"","overlay-type":"","overlay-color":"","overlay-opacity":"","overlay-gradient":""},"mobile":{"background-color":"var(--ast-global-color-5)","background-image":"","background-repeat":"repeat","background-position":"center center","background-size":"auto","background-attachment":"scroll","background-type":"","background-media":"","overlay-type":"","overlay-color":"","overlay-opacity":"","overlay-gradient":""}},"spay_email":""},"product_cat":[166,167,74],"product_tag":[],"_links":{"self":[{"href":"https:\/\/jugueterialudico.com.ar\/index.php?rest_route=\/wp\/v2\/product\/20002"}],"collection":[{"href":"https:\/\/jugueterialudico.com.ar\/index.php?rest_route=\/wp\/v2\/product"}],"about":[{"href":"https:\/\/jugueterialudico.com.ar\/index.php?rest_route=\/wp\/v2\/types\/product"}],"replies":[{"embeddable":true,"href":"https:\/\/jugueterialudico.com.ar\/index.php?rest_route=%2Fwp%2Fv2%2Fcomments&post=20002"}],"wp:featuredmedia":[{"embeddable":true,"href":"https:\/\/jugueterialudico.com.ar\/index.php?rest_route=\/wp\/v2\/media\/20003"}],"wp:attachment":[{"href":"https:\/\/jugueterialudico.com.ar\/index.php?rest_route=%2Fwp%2Fv2%2Fmedia&parent=20002"}],"wp:term":[{"taxonomy":"product_cat","embeddable":true,"href":"https:\/\/jugueterialudico.com.ar\/index.php?rest_route=%2Fwp%2Fv2%2Fproduct_cat&post=20002"},{"taxonomy":"product_tag","embeddable":true,"href":"https:\/\/jugueterialudico.com.ar\/index.php?rest_route=%2Fwp%2Fv2%2Fproduct_tag&post=20002"}],"curies":[{"name":"wp","href":"https:\/\/api.w.org\/{rel}","templated":true}]}}