{"id":20006,"date":"2020-06-15T00:00:06","date_gmt":"2020-06-15T03:00:06","guid":{"rendered":"https:\/\/jugueterialudico.com.ar\/?post_type=product&#038;p=20006"},"modified":"2026-02-18T16:30:04","modified_gmt":"2026-02-18T19:30:04","slug":"atenea","status":"publish","type":"product","link":"https:\/\/jugueterialudico.com.ar\/?product=atenea","title":{"rendered":"ATENEA -035"},"content":{"rendered":"<p>ATENEA<\/p>\n<p><strong>DESDE LOS 15 A\u00d1OS\u00a0<\/strong><\/p>\n<p>JUEGO DE MESA ATENEA<\/p>\n<p>\u00abAtenea\u00bb es un juego de preguntas de cultura general. Hay cuatro tableros reversibles y cada casillero determina un tema. Con el dado, recorr\u00e9 el tablero respondiendo las preguntas de los temas que vayas recorriendo. Pero ojo! No todo es tan lineal! En \u00abLeones\u00bb no solo te preguntar\u00e1n sobre el rey de la selva, tambi\u00e9n te pod\u00e9s encontrar una selecci\u00f3n de hockey o un pol\u00edtico ruso!<\/p>\n<p>Contenido:<\/p>\n<p>* 4 Tableros reversibles<br \/>\n* 1 contador de puntos<br \/>\n* 1 libro de preguntas<br \/>\n* 8 peones<br \/>\n* 1 dado<br \/>\n* 1 reglamento<\/p>\n<p>Recomendado de 2 a 4 jugadores mayores de 15 a\u00f1os.<\/p>\n","protected":false},"excerpt":{"rendered":"<h4 class=\"text-uppercase margin-top-none\">ATENEA<\/h4>\n<h5 class=\"margin-bottom-lg subtitle\"><\/h5>\n<p>\u201cAtenea\u201d es un juego de preguntas de cultura general. Hay cuatro tableros reversibles y cada casillero determina un tema. Con el dado, recorr\u00e9 el tablero respondiendo las preguntas de los temas que vayas recorriendo. Pero ojo! No todo es tan lineal! En \u201cLeones\u201d no solo te preguntar\u00e1n sobre el rey de la selva, tambi\u00e9n te pod\u00e9s encontrar una selecci\u00f3n de hockey o un pol\u00edtico ruso!<\/p>\n<p>&nbsp;<\/p>\n<p>EDAD: + 15 A\u00d1OS<\/p>\n<p>DURACI\u00d3N: 45 MINUTOS<\/p>\n<p>CANTIDAD DE JUGADORES: 2 a 4 jugadores<\/p>\n","protected":false},"featured_media":20007,"comment_status":"closed","ping_status":"closed","template":"","meta":{"site-sidebar-layout":"default","site-content-layout":"","ast-site-content-layout":"","site-content-style":"default","site-sidebar-style":"default","ast-global-header-display":"","ast-banner-title-visibility":"","ast-main-header-display":"","ast-hfb-above-header-display":"","ast-hfb-below-header-display":"","ast-hfb-mobile-header-display":"","site-post-title":"","ast-breadcrumbs-content":"","ast-featured-img":"","footer-sml-layout":"","theme-transparent-header-meta":"","adv-header-id-meta":"","stick-header-meta":"","header-above-stick-meta":"","header-main-stick-meta":"","header-below-stick-meta":"","astra-migrate-meta-layouts":"default","ast-page-background-enabled":"default","ast-page-background-meta":{"desktop":{"background-color":"","background-image":"","background-repeat":"repeat","background-position":"center center","background-size":"auto","background-attachment":"scroll","background-type":"","background-media":"","overlay-type":"","overlay-color":"","overlay-opacity":"","overlay-gradient":""},"tablet":{"background-color":"","background-image":"","background-repeat":"repeat","background-position":"center center","background-size":"auto","background-attachment":"scroll","background-type":"","background-media":"","overlay-type":"","overlay-color":"","overlay-opacity":"","overlay-gradient":""},"mobile":{"background-color":"","background-image":"","background-repeat":"repeat","background-position":"center center","background-size":"auto","background-attachment":"scroll","background-type":"","background-media":"","overlay-type":"","overlay-color":"","overlay-opacity":"","overlay-gradient":""}},"ast-content-background-meta":{"desktop":{"background-color":"var(--ast-global-color-5)","background-image":"","background-repeat":"repeat","background-position":"center center","background-size":"auto","background-attachment":"scroll","background-type":"","background-media":"","overlay-type":"","overlay-color":"","overlay-opacity":"","overlay-gradient":""},"tablet":{"background-color":"var(--ast-global-color-5)","background-image":"","background-repeat":"repeat","background-position":"center center","background-size":"auto","background-attachment":"scroll","background-type":"","background-media":"","overlay-type":"","overlay-color":"","overlay-opacity":"","overlay-gradient":""},"mobile":{"background-color":"var(--ast-global-color-5)","background-image":"","background-repeat":"repeat","background-position":"center center","background-size":"auto","background-attachment":"scroll","background-type":"","background-media":"","overlay-type":"","overlay-color":"","overlay-opacity":"","overlay-gradient":""}},"spay_email":""},"product_cat":[168,74],"product_tag":[],"_links":{"self":[{"href":"https:\/\/jugueterialudico.com.ar\/index.php?rest_route=\/wp\/v2\/product\/20006"}],"collection":[{"href":"https:\/\/jugueterialudico.com.ar\/index.php?rest_route=\/wp\/v2\/product"}],"about":[{"href":"https:\/\/jugueterialudico.com.ar\/index.php?rest_route=\/wp\/v2\/types\/product"}],"replies":[{"embeddable":true,"href":"https:\/\/jugueterialudico.com.ar\/index.php?rest_route=%2Fwp%2Fv2%2Fcomments&post=20006"}],"wp:featuredmedia":[{"embeddable":true,"href":"https:\/\/jugueterialudico.com.ar\/index.php?rest_route=\/wp\/v2\/media\/20007"}],"wp:attachment":[{"href":"https:\/\/jugueterialudico.com.ar\/index.php?rest_route=%2Fwp%2Fv2%2Fmedia&parent=20006"}],"wp:term":[{"taxonomy":"product_cat","embeddable":true,"href":"https:\/\/jugueterialudico.com.ar\/index.php?rest_route=%2Fwp%2Fv2%2Fproduct_cat&post=20006"},{"taxonomy":"product_tag","embeddable":true,"href":"https:\/\/jugueterialudico.com.ar\/index.php?rest_route=%2Fwp%2Fv2%2Fproduct_tag&post=20006"}],"curies":[{"name":"wp","href":"https:\/\/api.w.org\/{rel}","templated":true}]}}