{"id":20009,"date":"2020-06-15T00:00:23","date_gmt":"2020-06-15T03:00:23","guid":{"rendered":"https:\/\/jugueterialudico.com.ar\/?post_type=product&#038;p=20009"},"modified":"2026-02-18T16:29:26","modified_gmt":"2026-02-18T19:29:26","slug":"robots","status":"publish","type":"product","link":"https:\/\/jugueterialudico.com.ar\/?product=robots","title":{"rendered":"ROBOTS -035"},"content":{"rendered":"<p>ROBOTS<\/p>\n<p><strong>DESDE LOS 10 A\u00d1OS\u00a0<\/strong><\/p>\n<p>es un juego de estrategia en donde cada jugador deber\u00e1 usar sus cartas para ganar cada una de las batallas.<\/p>\n<p>-Las cartas tienen 5 colores (armas) que, junto con cartas de acci\u00f3n y comodines, se usan para pelear cada batalla e intentar ganar ese trofeo. Qui\u00e9n primero consiga el objetivo ser\u00e1 el ganador.<\/p>\n<p>* Cantidad de Jugadores: 2 -5 jugadores<br \/>\n* Contenido: 110 cartas\/ 25 fichas\/ 1 reglamento<\/p>\n","protected":false},"excerpt":{"rendered":"<p>ROBOTS<\/p>\n<p>Es un juego de estrategia en donde cada jugador deber\u00e1 usar sus cartas para ganar cada una de las batallas.<br \/>\nLas cartas tienen 5 colores (armas) que, junto con cartas de acci\u00f3n y comodines, se usan para pelear cada batalla e intentar ganar ese trofeo. Qui\u00e9n primero consiga el objetivo ser\u00e1 el ganador.<\/p>\n<p>Edad: a partir de los 10 a\u00f1os<br \/>\nCantidad de Jugadores: 2 -5 jugadores<\/p>\n<p>Robots es un juego que editamos con idea de Reiner Knizia. Es un juego que jugamos mucho en nuestros almuerzos y nos pone muy felices tenerlo. No solo traerlo para que lo puedan jugar en estos lugares del mundo si no volverlo parte de la familia de Mald\u00f3n: elegir<br \/>\nsu universo e ilustraciones, pensar el reglamento, la caja, la gr\u00e1fica, etc. En fin: Nos encanta ponerle el mismo amor que le ponemos a nuestros propios juegos. Ojal\u00e1 lo disfruten tanto como nosotros.<\/p>\n","protected":false},"featured_media":20010,"comment_status":"closed","ping_status":"closed","template":"","meta":{"site-sidebar-layout":"default","site-content-layout":"","ast-site-content-layout":"","site-content-style":"default","site-sidebar-style":"default","ast-global-header-display":"","ast-banner-title-visibility":"","ast-main-header-display":"","ast-hfb-above-header-display":"","ast-hfb-below-header-display":"","ast-hfb-mobile-header-display":"","site-post-title":"","ast-breadcrumbs-content":"","ast-featured-img":"","footer-sml-layout":"","theme-transparent-header-meta":"","adv-header-id-meta":"","stick-header-meta":"","header-above-stick-meta":"","header-main-stick-meta":"","header-below-stick-meta":"","astra-migrate-meta-layouts":"default","ast-page-background-enabled":"default","ast-page-background-meta":{"desktop":{"background-color":"","background-image":"","background-repeat":"repeat","background-position":"center center","background-size":"auto","background-attachment":"scroll","background-type":"","background-media":"","overlay-type":"","overlay-color":"","overlay-opacity":"","overlay-gradient":""},"tablet":{"background-color":"","background-image":"","background-repeat":"repeat","background-position":"center center","background-size":"auto","background-attachment":"scroll","background-type":"","background-media":"","overlay-type":"","overlay-color":"","overlay-opacity":"","overlay-gradient":""},"mobile":{"background-color":"","background-image":"","background-repeat":"repeat","background-position":"center center","background-size":"auto","background-attachment":"scroll","background-type":"","background-media":"","overlay-type":"","overlay-color":"","overlay-opacity":"","overlay-gradient":""}},"ast-content-background-meta":{"desktop":{"background-color":"var(--ast-global-color-5)","background-image":"","background-repeat":"repeat","background-position":"center center","background-size":"auto","background-attachment":"scroll","background-type":"","background-media":"","overlay-type":"","overlay-color":"","overlay-opacity":"","overlay-gradient":""},"tablet":{"background-color":"var(--ast-global-color-5)","background-image":"","background-repeat":"repeat","background-position":"center center","background-size":"auto","background-attachment":"scroll","background-type":"","background-media":"","overlay-type":"","overlay-color":"","overlay-opacity":"","overlay-gradient":""},"mobile":{"background-color":"var(--ast-global-color-5)","background-image":"","background-repeat":"repeat","background-position":"center center","background-size":"auto","background-attachment":"scroll","background-type":"","background-media":"","overlay-type":"","overlay-color":"","overlay-opacity":"","overlay-gradient":""}},"spay_email":""},"product_cat":[168,167,74],"product_tag":[],"_links":{"self":[{"href":"https:\/\/jugueterialudico.com.ar\/index.php?rest_route=\/wp\/v2\/product\/20009"}],"collection":[{"href":"https:\/\/jugueterialudico.com.ar\/index.php?rest_route=\/wp\/v2\/product"}],"about":[{"href":"https:\/\/jugueterialudico.com.ar\/index.php?rest_route=\/wp\/v2\/types\/product"}],"replies":[{"embeddable":true,"href":"https:\/\/jugueterialudico.com.ar\/index.php?rest_route=%2Fwp%2Fv2%2Fcomments&post=20009"}],"wp:featuredmedia":[{"embeddable":true,"href":"https:\/\/jugueterialudico.com.ar\/index.php?rest_route=\/wp\/v2\/media\/20010"}],"wp:attachment":[{"href":"https:\/\/jugueterialudico.com.ar\/index.php?rest_route=%2Fwp%2Fv2%2Fmedia&parent=20009"}],"wp:term":[{"taxonomy":"product_cat","embeddable":true,"href":"https:\/\/jugueterialudico.com.ar\/index.php?rest_route=%2Fwp%2Fv2%2Fproduct_cat&post=20009"},{"taxonomy":"product_tag","embeddable":true,"href":"https:\/\/jugueterialudico.com.ar\/index.php?rest_route=%2Fwp%2Fv2%2Fproduct_tag&post=20009"}],"curies":[{"name":"wp","href":"https:\/\/api.w.org\/{rel}","templated":true}]}}