{"id":20012,"date":"2020-06-15T00:00:23","date_gmt":"2020-06-15T03:00:23","guid":{"rendered":"https:\/\/jugueterialudico.com.ar\/?post_type=product&#038;p=20012"},"modified":"2026-02-18T16:29:48","modified_gmt":"2026-02-18T19:29:48","slug":"el-tiburon","status":"publish","type":"product","link":"https:\/\/jugueterialudico.com.ar\/?product=el-tiburon","title":{"rendered":"TIBUR\u00d3N -035"},"content":{"rendered":"<p>TIBUR\u00d3N<\/p>\n<p><strong>DESDE LOS 2 A\u00d1OS<\/strong><\/p>\n<p>es un juego de mesa para los m\u00e1s chicos de la casa ilustrado por Isol.<br \/>\nUna oportunidad para aprender a jugar juegos de mesa. \u00a1y divertirnos en el camino!<\/p>\n<p>-Tenemos cuatro peceras llenas de animales que tenemos que liberar al oc\u00e9ano. Pero ojo! Un tibur\u00f3n est\u00e1 al acecho! Tiramos el dado. Este nos muestra que animal tenemos que liberar al oc\u00e9ano o qu\u00e9 animal se come el tibur\u00f3n&#8230; Un juego simple y did\u00e1ctico para que lo m\u00e1s chicos de la casa aprendan a jugar juegos de mesa: a ser pacientes, a seguir reglas, a cooperar con el otro.<\/p>\n<p>Contenido:<\/p>\n<p>* 16 animalitos<br \/>\n* 1 tablero de tiburon<br \/>\n* 1 tablero de oceano<br \/>\n* 4 tableros de pecera<br \/>\n* 2 dados<br \/>\n* reglamento<\/p>\n<p>Recomendado de 2 a 4 jugadores a partir de 2 a\u00f1os.<\/p>\n","protected":false},"excerpt":{"rendered":"<h4 class=\"text-uppercase margin-top-none\">EL TIBUR\u00d3N<\/h4>\n<p>\u201cEl Tibur\u00f3n\u201d es un juego de mesa para los m\u00e1s chicos de la casa ilustrado por Isol. Una oportunidad para aprender a jugar juegos de mesa. \u00a1y divertirnos en el<br \/>\ncamino!<br \/>\nTenemos cuatro peceras llenas de animales que tenemos que liberar al oc\u00e9ano. Pero ojo! Un tibur\u00f3n est\u00e1 al acecho! Tiramos el dado. Este nos muestra que animal tenemos que liberar al oc\u00e9ano o qu\u00e9 animal se come el tibur\u00f3n\u2026 Un juego simple y did\u00e1ctico para que lo m\u00e1s chicos de la casa aprendan a jugar juegos de mesa: a ser pacientes, a seguir reglas, a cooperar con el otro. Un juego ilustrado por Isol.<\/p>\n<p>&nbsp;<\/p>\n<p>EDAD: +3 A\u00d1OS<\/p>\n<p>TIEMPO: +15 MINUTOS<\/p>\n<p>CANTIDAD DE JUGADORES: 1 a 4 JUGADORES<\/p>\n<p>&nbsp;<\/p>\n","protected":false},"featured_media":20013,"comment_status":"closed","ping_status":"closed","template":"","meta":{"site-sidebar-layout":"default","site-content-layout":"","ast-site-content-layout":"","site-content-style":"default","site-sidebar-style":"default","ast-global-header-display":"","ast-banner-title-visibility":"","ast-main-header-display":"","ast-hfb-above-header-display":"","ast-hfb-below-header-display":"","ast-hfb-mobile-header-display":"","site-post-title":"","ast-breadcrumbs-content":"","ast-featured-img":"","footer-sml-layout":"","theme-transparent-header-meta":"","adv-header-id-meta":"","stick-header-meta":"","header-above-stick-meta":"","header-main-stick-meta":"","header-below-stick-meta":"","astra-migrate-meta-layouts":"default","ast-page-background-enabled":"default","ast-page-background-meta":{"desktop":{"background-color":"","background-image":"","background-repeat":"repeat","background-position":"center center","background-size":"auto","background-attachment":"scroll","background-type":"","background-media":"","overlay-type":"","overlay-color":"","overlay-opacity":"","overlay-gradient":""},"tablet":{"background-color":"","background-image":"","background-repeat":"repeat","background-position":"center center","background-size":"auto","background-attachment":"scroll","background-type":"","background-media":"","overlay-type":"","overlay-color":"","overlay-opacity":"","overlay-gradient":""},"mobile":{"background-color":"","background-image":"","background-repeat":"repeat","background-position":"center center","background-size":"auto","background-attachment":"scroll","background-type":"","background-media":"","overlay-type":"","overlay-color":"","overlay-opacity":"","overlay-gradient":""}},"ast-content-background-meta":{"desktop":{"background-color":"var(--ast-global-color-5)","background-image":"","background-repeat":"repeat","background-position":"center center","background-size":"auto","background-attachment":"scroll","background-type":"","background-media":"","overlay-type":"","overlay-color":"","overlay-opacity":"","overlay-gradient":""},"tablet":{"background-color":"var(--ast-global-color-5)","background-image":"","background-repeat":"repeat","background-position":"center center","background-size":"auto","background-attachment":"scroll","background-type":"","background-media":"","overlay-type":"","overlay-color":"","overlay-opacity":"","overlay-gradient":""},"mobile":{"background-color":"var(--ast-global-color-5)","background-image":"","background-repeat":"repeat","background-position":"center center","background-size":"auto","background-attachment":"scroll","background-type":"","background-media":"","overlay-type":"","overlay-color":"","overlay-opacity":"","overlay-gradient":""}},"spay_email":""},"product_cat":[163,164,74],"product_tag":[],"_links":{"self":[{"href":"https:\/\/jugueterialudico.com.ar\/index.php?rest_route=\/wp\/v2\/product\/20012"}],"collection":[{"href":"https:\/\/jugueterialudico.com.ar\/index.php?rest_route=\/wp\/v2\/product"}],"about":[{"href":"https:\/\/jugueterialudico.com.ar\/index.php?rest_route=\/wp\/v2\/types\/product"}],"replies":[{"embeddable":true,"href":"https:\/\/jugueterialudico.com.ar\/index.php?rest_route=%2Fwp%2Fv2%2Fcomments&post=20012"}],"wp:featuredmedia":[{"embeddable":true,"href":"https:\/\/jugueterialudico.com.ar\/index.php?rest_route=\/wp\/v2\/media\/20013"}],"wp:attachment":[{"href":"https:\/\/jugueterialudico.com.ar\/index.php?rest_route=%2Fwp%2Fv2%2Fmedia&parent=20012"}],"wp:term":[{"taxonomy":"product_cat","embeddable":true,"href":"https:\/\/jugueterialudico.com.ar\/index.php?rest_route=%2Fwp%2Fv2%2Fproduct_cat&post=20012"},{"taxonomy":"product_tag","embeddable":true,"href":"https:\/\/jugueterialudico.com.ar\/index.php?rest_route=%2Fwp%2Fv2%2Fproduct_tag&post=20012"}],"curies":[{"name":"wp","href":"https:\/\/api.w.org\/{rel}","templated":true}]}}