{"id":20092,"date":"2021-07-26T00:10:45","date_gmt":"2021-07-26T03:10:45","guid":{"rendered":"https:\/\/jugueterialudico.com.ar\/?post_type=product&#038;p=20092"},"modified":"2026-02-10T13:48:05","modified_gmt":"2026-02-10T16:48:05","slug":"arcoiris-6-arcos-ancho-clasico","status":"publish","type":"product","link":"https:\/\/jugueterialudico.com.ar\/?product=arcoiris-6-arcos-ancho-clasico","title":{"rendered":"ARCOIRIS 6 ARCOS ANCHO CLASICO -015"},"content":{"rendered":"<p>ARCOIRIS 6 ARCOS ANCHO CLASICO<\/p>\n<div class=\"prod-info\">\n<div class=\"prod-descripcion\">\n<p>Precisi\u00f3n\/Equilibrio\/\/Paciencia\/L\u00f3gica\/Ensayo-error\/Fuerza\/Coordinaci\u00f3n\/Imaginaci\u00f3n&#8230;<\/p>\n<p>Y tantas otras cosas por descubrir con el ARCO\u00cdRIS DE 6 PIEZAS. Sumergidos en la simpleza del arco\u00edris nos adentramos a un mundo m\u00e1gico, descubriendo un amplio abanico de posibilidades por su gran versatilidad, dado que sus piezas pueden ser apiladas, ordenadas por tama\u00f1o, alineadas, y con ellas construir innumerables escenarios de mayor tama\u00f1o que recreen historias de la vida real (pueden ser puentes o t\u00faneles para los autos, torres, monta\u00f1as, casas para los mu\u00f1ecos, laberintos de bolitas) fomentando el juego simb\u00f3lico, la creatividad y la imaginaci\u00f3n. Sus piezas pueden apoyarse desde diferentes bases otorgando la posibilidad de construir figuras tanto bi como tridimensionales, de gran altura o superficie. Fomenta la estimulaci\u00f3n de funciones cognitivas como el uso de la l\u00f3gica, la concentraci\u00f3n, la atenci\u00f3n, la resoluci\u00f3n de problemas, present\u00e1ndose desaf\u00edos de equilibrio y contrapesos en las construcciones. Por tener duplicadas sus piezas ofrece un plus de estimulaci\u00f3n, pudiendo trabajar con \u00e9l las simetr\u00edas, categorizar las piezas por tama\u00f1o y color. Es un producto tan vers\u00e1til que se complejizar\u00e1 a medida que el ni\u00f1o crezca y desarrolle habilidades.<\/p>\n<\/div>\n<\/div>\n<div class=\"prod-accion\"><b>EDAD RECOMENDADA<\/b>\u00a0+3<br \/>\n<b>TAMA\u00d1O<\/b>\u00a0DI\u00c1METRO 28 X 7,5 CM<\/div>\n","protected":false},"excerpt":{"rendered":"<p>&nbsp;<\/p>\n<p>&nbsp;<\/p>\n<p>&nbsp;<\/p>\n<p>&nbsp;<\/p>\n<p>&nbsp;<\/p>\n","protected":false},"featured_media":20090,"comment_status":"closed","ping_status":"closed","template":"","meta":{"site-sidebar-layout":"default","site-content-layout":"","ast-site-content-layout":"","site-content-style":"default","site-sidebar-style":"default","ast-global-header-display":"","ast-banner-title-visibility":"","ast-main-header-display":"","ast-hfb-above-header-display":"","ast-hfb-below-header-display":"","ast-hfb-mobile-header-display":"","site-post-title":"","ast-breadcrumbs-content":"","ast-featured-img":"","footer-sml-layout":"","theme-transparent-header-meta":"","adv-header-id-meta":"","stick-header-meta":"","header-above-stick-meta":"","header-main-stick-meta":"","header-below-stick-meta":"","astra-migrate-meta-layouts":"default","ast-page-background-enabled":"default","ast-page-background-meta":{"desktop":{"background-color":"","background-image":"","background-repeat":"repeat","background-position":"center center","background-size":"auto","background-attachment":"scroll","background-type":"","background-media":"","overlay-type":"","overlay-color":"","overlay-opacity":"","overlay-gradient":""},"tablet":{"background-color":"","background-image":"","background-repeat":"repeat","background-position":"center center","background-size":"auto","background-attachment":"scroll","background-type":"","background-media":"","overlay-type":"","overlay-color":"","overlay-opacity":"","overlay-gradient":""},"mobile":{"background-color":"","background-image":"","background-repeat":"repeat","background-position":"center center","background-size":"auto","background-attachment":"scroll","background-type":"","background-media":"","overlay-type":"","overlay-color":"","overlay-opacity":"","overlay-gradient":""}},"ast-content-background-meta":{"desktop":{"background-color":"var(--ast-global-color-5)","background-image":"","background-repeat":"repeat","background-position":"center center","background-size":"auto","background-attachment":"scroll","background-type":"","background-media":"","overlay-type":"","overlay-color":"","overlay-opacity":"","overlay-gradient":""},"tablet":{"background-color":"var(--ast-global-color-5)","background-image":"","background-repeat":"repeat","background-position":"center center","background-size":"auto","background-attachment":"scroll","background-type":"","background-media":"","overlay-type":"","overlay-color":"","overlay-opacity":"","overlay-gradient":""},"mobile":{"background-color":"var(--ast-global-color-5)","background-image":"","background-repeat":"repeat","background-position":"center center","background-size":"auto","background-attachment":"scroll","background-type":"","background-media":"","overlay-type":"","overlay-color":"","overlay-opacity":"","overlay-gradient":""}},"spay_email":""},"product_cat":[161,163,197,146,93],"product_tag":[],"_links":{"self":[{"href":"https:\/\/jugueterialudico.com.ar\/index.php?rest_route=\/wp\/v2\/product\/20092"}],"collection":[{"href":"https:\/\/jugueterialudico.com.ar\/index.php?rest_route=\/wp\/v2\/product"}],"about":[{"href":"https:\/\/jugueterialudico.com.ar\/index.php?rest_route=\/wp\/v2\/types\/product"}],"replies":[{"embeddable":true,"href":"https:\/\/jugueterialudico.com.ar\/index.php?rest_route=%2Fwp%2Fv2%2Fcomments&post=20092"}],"wp:featuredmedia":[{"embeddable":true,"href":"https:\/\/jugueterialudico.com.ar\/index.php?rest_route=\/wp\/v2\/media\/20090"}],"wp:attachment":[{"href":"https:\/\/jugueterialudico.com.ar\/index.php?rest_route=%2Fwp%2Fv2%2Fmedia&parent=20092"}],"wp:term":[{"taxonomy":"product_cat","embeddable":true,"href":"https:\/\/jugueterialudico.com.ar\/index.php?rest_route=%2Fwp%2Fv2%2Fproduct_cat&post=20092"},{"taxonomy":"product_tag","embeddable":true,"href":"https:\/\/jugueterialudico.com.ar\/index.php?rest_route=%2Fwp%2Fv2%2Fproduct_tag&post=20092"}],"curies":[{"name":"wp","href":"https:\/\/api.w.org\/{rel}","templated":true}]}}