{"id":20103,"date":"2021-07-26T00:44:33","date_gmt":"2021-07-26T03:44:33","guid":{"rendered":"https:\/\/jugueterialudico.com.ar\/?post_type=product&#038;p=20103"},"modified":"2026-02-10T13:46:57","modified_gmt":"2026-02-10T16:46:57","slug":"carrito-arcoiris","status":"publish","type":"product","link":"https:\/\/jugueterialudico.com.ar\/?product=carrito-arcoiris","title":{"rendered":"CARRITO ARCOIRIS -015"},"content":{"rendered":"<p>CARRITO ARCOIRIS<\/p>\n<p><strong>EDAD RECOMENDADA: +1<\/strong><\/p>\n<div class=\"prod-info\">\n<div class=\"prod-descripcion\">\n<div class=\"prod-info\">\n<div class=\"prod-descripcion\">\n<div class=\"prod-info\">\n<div class=\"prod-descripcion\">\n<p>Llenar, vaciar, trasladar, tirar, construir, descargar, empujar, pasear, clasificar&#8230; jugar&#8230; son algunas de las posibilidades del CARRO CON BLOQUES.<\/p>\n<p>Instrumento apto para uso terap\u00e9utico para acompa\u00f1ar el crecimiento y desarrollo del ni\u00f1o.<\/p>\n<p>Favorece la funci\u00f3n manual ofreciendo diferentes niveles de demandas en la manipulaci\u00f3n de los bloques.<\/p>\n<p>Estimula el planeamiento motor, en relaci\u00f3n con las praxias ideomotoras, ideatorias y visoconstructivas; las relaciones espaciales y la visopercepci\u00f3n (reconocimiento de forma, tama\u00f1o y color, y estimaci\u00f3n de distancias).<\/p>\n<p>Al experimentarlo el ni\u00f1o se introduce en diferentes niveles de dificultad cognitiva como la capacidad de organizaci\u00f3n y resoluci\u00f3n de problemas. Ideal para sumergirse junto al ni\u00f1o en el mundo de la construcci\u00f3n de diferentes escenarios, como una casa, un t\u00fanel, una torre, una pista y todo aquello donde la imaginaci\u00f3n y la creatividad les haga viajar.<\/p>\n<p>El carro ofrece la posibilidad de trasladar distintos objetos y con ello incita a dar los primeros pasos del futuro deambulador.<\/p>\n<\/div>\n<\/div>\n<div class=\"prod-accion\"><\/div>\n<\/div>\n<\/div>\n<div class=\"prod-accion\"><\/div>\n<p>&nbsp;<\/p>\n<\/div>\n<\/div>\n","protected":false},"excerpt":{"rendered":"<p>&nbsp;<\/p>\n<p>&nbsp;<\/p>\n<p>&nbsp;<\/p>\n<p>&nbsp;<\/p>\n<p>&nbsp;<\/p>\n","protected":false},"featured_media":20104,"comment_status":"closed","ping_status":"closed","template":"","meta":{"site-sidebar-layout":"default","site-content-layout":"","ast-site-content-layout":"","site-content-style":"default","site-sidebar-style":"default","ast-global-header-display":"","ast-banner-title-visibility":"","ast-main-header-display":"","ast-hfb-above-header-display":"","ast-hfb-below-header-display":"","ast-hfb-mobile-header-display":"","site-post-title":"","ast-breadcrumbs-content":"","ast-featured-img":"","footer-sml-layout":"","theme-transparent-header-meta":"","adv-header-id-meta":"","stick-header-meta":"","header-above-stick-meta":"","header-main-stick-meta":"","header-below-stick-meta":"","astra-migrate-meta-layouts":"default","ast-page-background-enabled":"default","ast-page-background-meta":{"desktop":{"background-color":"","background-image":"","background-repeat":"repeat","background-position":"center center","background-size":"auto","background-attachment":"scroll","background-type":"","background-media":"","overlay-type":"","overlay-color":"","overlay-opacity":"","overlay-gradient":""},"tablet":{"background-color":"","background-image":"","background-repeat":"repeat","background-position":"center center","background-size":"auto","background-attachment":"scroll","background-type":"","background-media":"","overlay-type":"","overlay-color":"","overlay-opacity":"","overlay-gradient":""},"mobile":{"background-color":"","background-image":"","background-repeat":"repeat","background-position":"center center","background-size":"auto","background-attachment":"scroll","background-type":"","background-media":"","overlay-type":"","overlay-color":"","overlay-opacity":"","overlay-gradient":""}},"ast-content-background-meta":{"desktop":{"background-color":"var(--ast-global-color-5)","background-image":"","background-repeat":"repeat","background-position":"center center","background-size":"auto","background-attachment":"scroll","background-type":"","background-media":"","overlay-type":"","overlay-color":"","overlay-opacity":"","overlay-gradient":""},"tablet":{"background-color":"var(--ast-global-color-5)","background-image":"","background-repeat":"repeat","background-position":"center center","background-size":"auto","background-attachment":"scroll","background-type":"","background-media":"","overlay-type":"","overlay-color":"","overlay-opacity":"","overlay-gradient":""},"mobile":{"background-color":"var(--ast-global-color-5)","background-image":"","background-repeat":"repeat","background-position":"center center","background-size":"auto","background-attachment":"scroll","background-type":"","background-media":"","overlay-type":"","overlay-color":"","overlay-opacity":"","overlay-gradient":""}},"spay_email":""},"product_cat":[161,163,146,93],"product_tag":[],"_links":{"self":[{"href":"https:\/\/jugueterialudico.com.ar\/index.php?rest_route=\/wp\/v2\/product\/20103"}],"collection":[{"href":"https:\/\/jugueterialudico.com.ar\/index.php?rest_route=\/wp\/v2\/product"}],"about":[{"href":"https:\/\/jugueterialudico.com.ar\/index.php?rest_route=\/wp\/v2\/types\/product"}],"replies":[{"embeddable":true,"href":"https:\/\/jugueterialudico.com.ar\/index.php?rest_route=%2Fwp%2Fv2%2Fcomments&post=20103"}],"wp:featuredmedia":[{"embeddable":true,"href":"https:\/\/jugueterialudico.com.ar\/index.php?rest_route=\/wp\/v2\/media\/20104"}],"wp:attachment":[{"href":"https:\/\/jugueterialudico.com.ar\/index.php?rest_route=%2Fwp%2Fv2%2Fmedia&parent=20103"}],"wp:term":[{"taxonomy":"product_cat","embeddable":true,"href":"https:\/\/jugueterialudico.com.ar\/index.php?rest_route=%2Fwp%2Fv2%2Fproduct_cat&post=20103"},{"taxonomy":"product_tag","embeddable":true,"href":"https:\/\/jugueterialudico.com.ar\/index.php?rest_route=%2Fwp%2Fv2%2Fproduct_tag&post=20103"}],"curies":[{"name":"wp","href":"https:\/\/api.w.org\/{rel}","templated":true}]}}