{"id":20220,"date":"2020-09-06T11:02:50","date_gmt":"2020-09-06T14:02:50","guid":{"rendered":"https:\/\/jugueterialudico.com.ar\/?post_type=product&#038;p=20220"},"modified":"2026-04-06T16:54:21","modified_gmt":"2026-04-06T19:54:21","slug":"descubriendo-las-formas","status":"publish","type":"product","link":"https:\/\/jugueterialudico.com.ar\/?product=descubriendo-las-formas","title":{"rendered":"DESCUBRIENDO LAS FORMAS &#8211; 029"},"content":{"rendered":"<p><strong>DESCUBRIENDO FORMAS<\/strong><\/p>\n<p><strong>Edad: desde los 18 meses<\/strong><\/p>\n<h3>\u00bfQu\u00e9 son estos animales? \u00a1A juntar las mitades!<br \/>\nLos rompecabezas de dos piezas ser\u00e1n perfectos como el primer rompecabezas para los m\u00e1s peque\u00f1os.<br \/>\nResolver acertijos es una diversi\u00f3n que se desarrolla de manera integral. \u00a1Une las mitades entre s\u00ed y conoce animales adorables! Los rompecabezas son grandes y se adaptan a manos peque\u00f1as. Est\u00e1n hechos con precisi\u00f3n para que los rompecabezas no se deshagan. Las ilustraciones, llenas de calidez y humor, tienen colores y el nivel de detalle adaptados a la edad de los m\u00e1s peque\u00f1os.<\/h3>\n<h3>Desarrollan: las habilidades motoras finas, la imaginaci\u00f3n y la asociaci\u00f3n.<\/h3>\n<p>Formato envase: 14\u00a0cm x 15\u00a0cm<br \/>\nContenido: 8 rompecabezas<br \/>\nFormato rompecabezas: 11 x 11 cm<br \/>\nEdad: desde los 18 meses<br \/>\n1 o m\u00e1s jugadores<\/p>\n","protected":false},"excerpt":{"rendered":"<p>&nbsp;<\/p>\n<p>&nbsp;<\/p>\n<p>&nbsp;<\/p>\n<p>&nbsp;<\/p>\n<p>&nbsp;<\/p>\n","protected":false},"featured_media":20221,"comment_status":"closed","ping_status":"closed","template":"","meta":{"site-sidebar-layout":"default","site-content-layout":"","ast-site-content-layout":"","site-content-style":"default","site-sidebar-style":"default","ast-global-header-display":"","ast-banner-title-visibility":"","ast-main-header-display":"","ast-hfb-above-header-display":"","ast-hfb-below-header-display":"","ast-hfb-mobile-header-display":"","site-post-title":"","ast-breadcrumbs-content":"","ast-featured-img":"","footer-sml-layout":"","theme-transparent-header-meta":"","adv-header-id-meta":"","stick-header-meta":"","header-above-stick-meta":"","header-main-stick-meta":"","header-below-stick-meta":"","astra-migrate-meta-layouts":"default","ast-page-background-enabled":"default","ast-page-background-meta":{"desktop":{"background-color":"","background-image":"","background-repeat":"repeat","background-position":"center center","background-size":"auto","background-attachment":"scroll","background-type":"","background-media":"","overlay-type":"","overlay-color":"","overlay-opacity":"","overlay-gradient":""},"tablet":{"background-color":"","background-image":"","background-repeat":"repeat","background-position":"center center","background-size":"auto","background-attachment":"scroll","background-type":"","background-media":"","overlay-type":"","overlay-color":"","overlay-opacity":"","overlay-gradient":""},"mobile":{"background-color":"","background-image":"","background-repeat":"repeat","background-position":"center center","background-size":"auto","background-attachment":"scroll","background-type":"","background-media":"","overlay-type":"","overlay-color":"","overlay-opacity":"","overlay-gradient":""}},"ast-content-background-meta":{"desktop":{"background-color":"var(--ast-global-color-5)","background-image":"","background-repeat":"repeat","background-position":"center center","background-size":"auto","background-attachment":"scroll","background-type":"","background-media":"","overlay-type":"","overlay-color":"","overlay-opacity":"","overlay-gradient":""},"tablet":{"background-color":"var(--ast-global-color-5)","background-image":"","background-repeat":"repeat","background-position":"center center","background-size":"auto","background-attachment":"scroll","background-type":"","background-media":"","overlay-type":"","overlay-color":"","overlay-opacity":"","overlay-gradient":""},"mobile":{"background-color":"var(--ast-global-color-5)","background-image":"","background-repeat":"repeat","background-position":"center center","background-size":"auto","background-attachment":"scroll","background-type":"","background-media":"","overlay-type":"","overlay-color":"","overlay-opacity":"","overlay-gradient":""}},"spay_email":""},"product_cat":[163,151,146,72],"product_tag":[],"_links":{"self":[{"href":"https:\/\/jugueterialudico.com.ar\/index.php?rest_route=\/wp\/v2\/product\/20220"}],"collection":[{"href":"https:\/\/jugueterialudico.com.ar\/index.php?rest_route=\/wp\/v2\/product"}],"about":[{"href":"https:\/\/jugueterialudico.com.ar\/index.php?rest_route=\/wp\/v2\/types\/product"}],"replies":[{"embeddable":true,"href":"https:\/\/jugueterialudico.com.ar\/index.php?rest_route=%2Fwp%2Fv2%2Fcomments&post=20220"}],"wp:featuredmedia":[{"embeddable":true,"href":"https:\/\/jugueterialudico.com.ar\/index.php?rest_route=\/wp\/v2\/media\/20221"}],"wp:attachment":[{"href":"https:\/\/jugueterialudico.com.ar\/index.php?rest_route=%2Fwp%2Fv2%2Fmedia&parent=20220"}],"wp:term":[{"taxonomy":"product_cat","embeddable":true,"href":"https:\/\/jugueterialudico.com.ar\/index.php?rest_route=%2Fwp%2Fv2%2Fproduct_cat&post=20220"},{"taxonomy":"product_tag","embeddable":true,"href":"https:\/\/jugueterialudico.com.ar\/index.php?rest_route=%2Fwp%2Fv2%2Fproduct_tag&post=20220"}],"curies":[{"name":"wp","href":"https:\/\/api.w.org\/{rel}","templated":true}]}}