{"id":20294,"date":"2021-10-15T15:17:14","date_gmt":"2021-10-15T18:17:14","guid":{"rendered":"https:\/\/jugueterialudico.com.ar\/?post_type=product&#038;p=20294"},"modified":"2026-03-16T10:44:52","modified_gmt":"2026-03-16T13:44:52","slug":"robots-2","status":"publish","type":"product","link":"https:\/\/jugueterialudico.com.ar\/?product=robots-2","title":{"rendered":"ROBOTS -064"},"content":{"rendered":"<p>ROBOTS<\/p>\n<p><strong>Edad sugerida a partir de 5<\/strong><\/p>\n<p>A los m\u00e1s peque\u00f1os se los invita a abrir bien los ojos para observar las im\u00e1genes, compararlas y encontrar las coincidencias en este juego de asociaci\u00f3n de formas.<\/p>\n<p>Para los mas grandes se propone un juego de lectura de trabalenguas donde la concentraci\u00f3n ser\u00e1 necesaria para no enredarse con las palabras.<\/p>\n<p>&nbsp;<\/p>\n<p>Materiales<\/p>\n<p>-36 tarjetas de tama\u00f1o 10x15cm. con dos propuestas de juego<\/p>\n<p>*Juego de asociaci\u00f3n de formas<\/p>\n<p>*Juego con trabalenguas<\/p>\n<p>-Objetivos pedag\u00f3gicos y propuesta de juego<\/p>\n","protected":false},"excerpt":{"rendered":"<p>ROBOTS Edad sugerida a partir de 5 A los m\u00e1s peque\u00f1os se los invita a abrir bien los ojos para observar las im\u00e1genes, compararlas y encontrar las coincidencias en este juego de asociaci\u00f3n de formas. Para los mas grandes se propone un juego de lectura de trabalenguas donde la concentraci\u00f3n ser\u00e1 necesaria para no enredarse [&hellip;]<\/p>\n","protected":false},"featured_media":20443,"comment_status":"closed","ping_status":"closed","template":"","meta":{"site-sidebar-layout":"default","site-content-layout":"","ast-site-content-layout":"","site-content-style":"default","site-sidebar-style":"default","ast-global-header-display":"","ast-banner-title-visibility":"","ast-main-header-display":"","ast-hfb-above-header-display":"","ast-hfb-below-header-display":"","ast-hfb-mobile-header-display":"","site-post-title":"","ast-breadcrumbs-content":"","ast-featured-img":"","footer-sml-layout":"","theme-transparent-header-meta":"","adv-header-id-meta":"","stick-header-meta":"","header-above-stick-meta":"","header-main-stick-meta":"","header-below-stick-meta":"","astra-migrate-meta-layouts":"default","ast-page-background-enabled":"default","ast-page-background-meta":{"desktop":{"background-color":"","background-image":"","background-repeat":"repeat","background-position":"center center","background-size":"auto","background-attachment":"scroll","background-type":"","background-media":"","overlay-type":"","overlay-color":"","overlay-opacity":"","overlay-gradient":""},"tablet":{"background-color":"","background-image":"","background-repeat":"repeat","background-position":"center center","background-size":"auto","background-attachment":"scroll","background-type":"","background-media":"","overlay-type":"","overlay-color":"","overlay-opacity":"","overlay-gradient":""},"mobile":{"background-color":"","background-image":"","background-repeat":"repeat","background-position":"center center","background-size":"auto","background-attachment":"scroll","background-type":"","background-media":"","overlay-type":"","overlay-color":"","overlay-opacity":"","overlay-gradient":""}},"ast-content-background-meta":{"desktop":{"background-color":"var(--ast-global-color-5)","background-image":"","background-repeat":"repeat","background-position":"center center","background-size":"auto","background-attachment":"scroll","background-type":"","background-media":"","overlay-type":"","overlay-color":"","overlay-opacity":"","overlay-gradient":""},"tablet":{"background-color":"var(--ast-global-color-5)","background-image":"","background-repeat":"repeat","background-position":"center center","background-size":"auto","background-attachment":"scroll","background-type":"","background-media":"","overlay-type":"","overlay-color":"","overlay-opacity":"","overlay-gradient":""},"mobile":{"background-color":"var(--ast-global-color-5)","background-image":"","background-repeat":"repeat","background-position":"center center","background-size":"auto","background-attachment":"scroll","background-type":"","background-media":"","overlay-type":"","overlay-color":"","overlay-opacity":"","overlay-gradient":""}},"spay_email":""},"product_cat":[166,74],"product_tag":[],"_links":{"self":[{"href":"https:\/\/jugueterialudico.com.ar\/index.php?rest_route=\/wp\/v2\/product\/20294"}],"collection":[{"href":"https:\/\/jugueterialudico.com.ar\/index.php?rest_route=\/wp\/v2\/product"}],"about":[{"href":"https:\/\/jugueterialudico.com.ar\/index.php?rest_route=\/wp\/v2\/types\/product"}],"replies":[{"embeddable":true,"href":"https:\/\/jugueterialudico.com.ar\/index.php?rest_route=%2Fwp%2Fv2%2Fcomments&post=20294"}],"wp:featuredmedia":[{"embeddable":true,"href":"https:\/\/jugueterialudico.com.ar\/index.php?rest_route=\/wp\/v2\/media\/20443"}],"wp:attachment":[{"href":"https:\/\/jugueterialudico.com.ar\/index.php?rest_route=%2Fwp%2Fv2%2Fmedia&parent=20294"}],"wp:term":[{"taxonomy":"product_cat","embeddable":true,"href":"https:\/\/jugueterialudico.com.ar\/index.php?rest_route=%2Fwp%2Fv2%2Fproduct_cat&post=20294"},{"taxonomy":"product_tag","embeddable":true,"href":"https:\/\/jugueterialudico.com.ar\/index.php?rest_route=%2Fwp%2Fv2%2Fproduct_tag&post=20294"}],"curies":[{"name":"wp","href":"https:\/\/api.w.org\/{rel}","templated":true}]}}