{"id":20297,"date":"2021-10-15T15:24:41","date_gmt":"2021-10-15T18:24:41","guid":{"rendered":"https:\/\/jugueterialudico.com.ar\/?post_type=product&#038;p=20297"},"modified":"2026-03-16T10:44:17","modified_gmt":"2026-03-16T13:44:17","slug":"dame-una-pista","status":"publish","type":"product","link":"https:\/\/jugueterialudico.com.ar\/?product=dame-una-pista","title":{"rendered":"DAME UNA PISTA &#8211; ANIMALES -064"},"content":{"rendered":"<p>DAME UNA PISTA &#8211; ANIMALES<\/p>\n<p><strong>A partir de 7 a\u00f1os<\/strong><\/p>\n<p>Pregunt\u00e1 y descubr\u00ed de que animal se trata.<\/p>\n<p>Preguntones y preguntonas ir\u00e1n siguiendo las pistas hasta descubrir que animales se esconden en este juego.<\/p>\n<p>\u00a1El que m\u00e1s descubra ser\u00e1 el ganador!<\/p>\n<p>\u00a1Para jugar entre 2 amigos o m\u00e1s!<\/p>\n<p>Contenido:<\/p>\n<p>1 Anotador<\/p>\n<p>1 Tarjeta vac\u00eda para dibujar<\/p>\n<p>6 Tarjetas de preguntas y comod\u00edn<\/p>\n<p>29 Tarjetas de animales<\/p>\n<p>&nbsp;<\/p>\n<p>&nbsp;<\/p>\n<p>&nbsp;<\/p>\n","protected":false},"excerpt":{"rendered":"<p>DAME UNA PISTA &#8211; ANIMALES A partir de 7 a\u00f1os Pregunt\u00e1 y descubr\u00ed de que animal se trata. Preguntones y preguntonas ir\u00e1n siguiendo las pistas hasta descubrir que animales se esconden en este juego. \u00a1El que m\u00e1s descubra ser\u00e1 el ganador! \u00a1Para jugar entre 2 amigos o m\u00e1s! Contenido: 1 Anotador 1 Tarjeta vac\u00eda para [&hellip;]<\/p>\n","protected":false},"featured_media":20440,"comment_status":"closed","ping_status":"closed","template":"","meta":{"site-sidebar-layout":"default","site-content-layout":"","ast-site-content-layout":"","site-content-style":"default","site-sidebar-style":"default","ast-global-header-display":"","ast-banner-title-visibility":"","ast-main-header-display":"","ast-hfb-above-header-display":"","ast-hfb-below-header-display":"","ast-hfb-mobile-header-display":"","site-post-title":"","ast-breadcrumbs-content":"","ast-featured-img":"","footer-sml-layout":"","theme-transparent-header-meta":"","adv-header-id-meta":"","stick-header-meta":"","header-above-stick-meta":"","header-main-stick-meta":"","header-below-stick-meta":"","astra-migrate-meta-layouts":"default","ast-page-background-enabled":"default","ast-page-background-meta":{"desktop":{"background-color":"","background-image":"","background-repeat":"repeat","background-position":"center center","background-size":"auto","background-attachment":"scroll","background-type":"","background-media":"","overlay-type":"","overlay-color":"","overlay-opacity":"","overlay-gradient":""},"tablet":{"background-color":"","background-image":"","background-repeat":"repeat","background-position":"center center","background-size":"auto","background-attachment":"scroll","background-type":"","background-media":"","overlay-type":"","overlay-color":"","overlay-opacity":"","overlay-gradient":""},"mobile":{"background-color":"","background-image":"","background-repeat":"repeat","background-position":"center center","background-size":"auto","background-attachment":"scroll","background-type":"","background-media":"","overlay-type":"","overlay-color":"","overlay-opacity":"","overlay-gradient":""}},"ast-content-background-meta":{"desktop":{"background-color":"var(--ast-global-color-5)","background-image":"","background-repeat":"repeat","background-position":"center center","background-size":"auto","background-attachment":"scroll","background-type":"","background-media":"","overlay-type":"","overlay-color":"","overlay-opacity":"","overlay-gradient":""},"tablet":{"background-color":"var(--ast-global-color-5)","background-image":"","background-repeat":"repeat","background-position":"center center","background-size":"auto","background-attachment":"scroll","background-type":"","background-media":"","overlay-type":"","overlay-color":"","overlay-opacity":"","overlay-gradient":""},"mobile":{"background-color":"var(--ast-global-color-5)","background-image":"","background-repeat":"repeat","background-position":"center center","background-size":"auto","background-attachment":"scroll","background-type":"","background-media":"","overlay-type":"","overlay-color":"","overlay-opacity":"","overlay-gradient":""}},"spay_email":""},"product_cat":[166,167,151,74,145],"product_tag":[],"_links":{"self":[{"href":"https:\/\/jugueterialudico.com.ar\/index.php?rest_route=\/wp\/v2\/product\/20297"}],"collection":[{"href":"https:\/\/jugueterialudico.com.ar\/index.php?rest_route=\/wp\/v2\/product"}],"about":[{"href":"https:\/\/jugueterialudico.com.ar\/index.php?rest_route=\/wp\/v2\/types\/product"}],"replies":[{"embeddable":true,"href":"https:\/\/jugueterialudico.com.ar\/index.php?rest_route=%2Fwp%2Fv2%2Fcomments&post=20297"}],"wp:featuredmedia":[{"embeddable":true,"href":"https:\/\/jugueterialudico.com.ar\/index.php?rest_route=\/wp\/v2\/media\/20440"}],"wp:attachment":[{"href":"https:\/\/jugueterialudico.com.ar\/index.php?rest_route=%2Fwp%2Fv2%2Fmedia&parent=20297"}],"wp:term":[{"taxonomy":"product_cat","embeddable":true,"href":"https:\/\/jugueterialudico.com.ar\/index.php?rest_route=%2Fwp%2Fv2%2Fproduct_cat&post=20297"},{"taxonomy":"product_tag","embeddable":true,"href":"https:\/\/jugueterialudico.com.ar\/index.php?rest_route=%2Fwp%2Fv2%2Fproduct_tag&post=20297"}],"curies":[{"name":"wp","href":"https:\/\/api.w.org\/{rel}","templated":true}]}}